{"id":11828,"date":"2013-04-11T18:33:45","date_gmt":"2013-04-11T16:33:45","guid":{"rendered":"http:\/\/ylovephoto.com\/en\/?page_id=11828"},"modified":"2013-04-29T13:08:37","modified_gmt":"2013-04-29T11:08:37","slug":"nikon-d7100","status":"publish","type":"page","link":"https:\/\/www.ylovephoto.com\/en\/slr\/nikon\/nikon-d7100\/","title":{"rendered":"Nikon D7100"},"content":{"rendered":"<table class=\"right35_box\" border=\"0\">\n<tbody>\n<tr>\n<td>\n<h4>Nikon D7100 Ups<\/h4>\n<\/td>\n<\/tr>\n<tr>\n<td>\n<ul>\n<li>1080p HD video with full AF during recording<\/li>\n<li>High sensitivity (images probably full yusable up to ISO 3200)<\/li>\n<\/ul>\n<\/td>\n<\/tr>\n<tr>\n<td>\n<h4>Nikon D7100 Downs<\/h4>\n<\/td>\n<\/tr>\n<tr>\n<td>\n<li>The buffer for continuous shooting is really too limited: 5 pictures in Raw. This is totally unacceptable for most cases of sports and wildlife photo.<\/li>\n<li>Continuous shooting slows down by 1 fps when you start using RAW format<\/li>\n<li>Will the lack of the Low-Pass filter in front of the sensor create issues with moir\u00e9 (even if the D800e sensor seems to show that this is a non-issue on big sensors)?<\/li>\n<li>Is the D7100 a replacement for the D7000 or is it also the last nail on the coffin of the D300s? The D400 will probably exist later in 2013.<\/li>\n<\/td>\n<\/tr>\n<\/tbody>\n<\/table>\n<h4>Nikon D7100 features<\/h4>\n<ul>\n<li>CMOS 24.1 MP DX-format sensor (APS-C), no low-pass filter in front of the sensor<\/li>\n<li>Sensitivity: ISO 100-6400 (ext. ISO 25600)<\/li>\n<li>Shutter speed: 30s \u00e0 1\/8000s<\/li>\n<li>Flash Sync (X) at 1\/250s<\/li>\n<li>Bursts: up to 6 fps at full frame resolution or 7fps in 1.3x crop mode (15.4MP resolution)<\/li>\n<li>Exposure metering via a 2016 color zones sensor<\/li>\n<li>D-Lighting and D-Lighting bracketing for high contrast subjects<\/li>\n<li>Video capture: 1080 HD at 24\/25\/30\/50\/60 fps<\/li>\n<li>51-point Autofocus system (incl. 15 cross-type and 3D tracking)<\/li>\n<li>Autofocus available at f\/8 on center sensor<\/li>\n<li>Viewfinder: Pentaprism, with 100% coverage, 0.96x magnification<\/li>\n<li>Fixed LCD 3.2&#8243; (8.2 cm) screen of 1.228.800 pixels<\/li>\n<li>Two memory slots: SD\/SDHC\/SDXC (can be used for overflow or backup storage or for separate storage of copies created using NEF+JPEG; pictures can be copied between cards)<\/li>\n<li>In-camera flash 12 GN at 100 ISO<\/li>\n<li>USB 2.0<\/li>\n<li>HDMI output<\/li>\n<li>Entr\u00e9e micro st\u00e9r\u00e9o<\/li>\n<li>Battery: EN-EL15 Lithium-Ion<\/li>\n<li>690g (780g with the battery &amp; memory card)<\/li>\n<\/ul>\n<h4>Nikon D7100 list price<\/h4>\n<ul>\n<li>\u00a3xxx.99 \/ $1295.00 \/ 11495\u20ac body only<\/li>\n<li>\u00a3xxx.99 \/ $xxx.00 \/ 1349\u20ac with Nikon 18-105mm F4.5-5.6G VR<\/li>\n<li>From April 2013<\/li>\n<li>Buy from Amazon: <a href=\"http:\/\/www.amazon.com\/gp\/product\/B003ZYF42C?ie=UTF8&amp;tag=yvesroumazeilles&amp;linkCode=as2&amp;camp=1789&amp;creative=390957&amp;creativeASIN=B003ZYF42C\">Nikon D3100 14.2MP Digital SLR Camera with 18-55mm f\/3.5-5.6 VR &amp; 55-200 f\/4-5.6G IF-ED AF-S DX VR Nikkor Zoom Lenses<\/a><img loading=\"lazy\" decoding=\"async\" style=\"border: none !important; margin: 0px !important;\" alt=\"\" src=\"http:\/\/www.assoc-amazon.com\/e\/ir?t=yvesroumazeilles&amp;l=as2&amp;o=1&amp;a=B003ZYF42C\" width=\"1\" height=\"1\" border=\"0\" \/><\/li>\n<li>Buy from B&amp;H: <a href=\"http:\/\/www.bhphotovideo.com\/c\/product\/735002-REG\/Nikon_25468_D7000_DSLR_Camera_Body_.html\/BI\/4603\/KBID\/5095\">Nikon D7000<\/a> (body only)<\/li>\n<li>Buy from B&amp;H: <a href=\"http:\/\/www.bhphotovideo.com\/c\/product\/735300-REG\/Nikon_25474_D7000_DSLR_Camera_Kit.html\/BI\/4603\/KBID\/5095\">Nikon D7000 DSLR Camera Kit with Nikon 18-105mm DX VR Lens<\/a><\/li>\n<\/ul>\n<figure id=\"attachment_12095\" aria-describedby=\"caption-attachment-12095\" style=\"width: 280px\" class=\"wp-caption alignright\"><a href=\"http:\/\/ylovephoto.com\/fr\/wp-content\/uploads\/2013\/04\/nikon_d7100_grip.jpg\"><img loading=\"lazy\" decoding=\"async\" src=\"http:\/\/ylovephoto.com\/fr\/wp-content\/uploads\/2013\/04\/nikon_d7100_grip-280x300.jpg\" alt=\"Nikon D7100\" width=\"280\" height=\"300\" class=\"size-medium wp-image-12095\" \/><\/a><figcaption id=\"caption-attachment-12095\" class=\"wp-caption-text\">Nikon D7100 on battery grip<\/figcaption><\/figure>\n<h4>Nikon D7100 Reviews<\/h4>\n<ul>\n<li>In English:\n<ul>\n<li>DPreview: <a href=\"http:\/\/www.dpreview.com\/previews\/nikon-d7100\">preview<\/a> and review of the Nikon D7100<\/li>\n<li><a href=\"http:\/\/www.thephoblographer.com\/2013\/03\/18\/first-impressions-nikon-d7100\/\">Nikon D7100 first impressions<\/a> by ThePhoblographer<\/li>\n<li><a href=\"http:\/\/www.bobatkins.com\/photography\/digital\/nikon_D7100.html\">Bob Atkins preview<\/a> of the Nikon D7100<\/li>\n<li><a href=\"http:\/\/www.dxomark.com\/index.php\/Publications\/DxOMark-Reviews\/Nikon-D7100-Update-to-popular-DSLR-drops-anti-alias-filter-for-sharper-images\">DXOmark tests the D7100<\/a><\/li>\n<li>Nikon <a href=\"http:\/\/imaging.nikon.com\/lineup\/dslr\/d7100\/sample.htm\">sample images for the D7100<\/a><\/li>\n<li>Digital Camera&#8217;s <a href=\"http:\/\/www.digitalcameraworld.com\/2013\/04\/03\/nikon-d7100-review\/\">review of the D7100<\/a><\/li>\n<li>Tech Radar reviews the <a href=\"http:\/\/www.techradar.com\/reviews\/cameras-and-camcorders\/cameras\/digital-slrs-hybrids\/nikon-d7100-1132593\/review\">Nikon D7100<\/a>: Nikon gets a little more serious<\/li>\n<li><a href=\"http:\/\/www.photographyblog.com\/reviews\/nikon_d7100_review\/\">Nikon D7100 Review<\/a> at PhotogrpahyBLOG<\/li>\n<li><a href=\"http:\/\/www.kenrockwell.com\/nikon\/d7100.htm\">Ken Rockwell&#8217;s review of Nikon D7100<\/a><\/li>\n<li><a href=\"http:\/\/nikonrumors.com\/2013\/02\/21\/nikon-d7100-vs-nikon-d7000-specifications-comparison.aspx\/\">Nikon D7100 vs. Nikon D7000 specifications comparison<\/a>, by NikonRumors<\/li>\n<li><a href=\"http:\/\/www.imaging-resource.com\/news\/2013\/02\/20\/nikon-D7100-launches-with-no-low-pass-filter-nikon-believes-moire-non-issue\">Nikon D7100 launches with no low-pass filter; Nikon believes moir\u00e9 no longer an issue<\/a> (Imaging Resource)<\/li>\n<\/ul>\n<\/li>\n<li>En fran\u00e7ais :\n<ul>\n<li>R\u00e9ponses Photo n\u00b0 254 mai 2013<\/li>\n<\/ul>\n<\/li>\n<li>En espa\u00f1ol :\n<ul>\n<li><a href=\"http:\/\/www.quesabesde.com\/noticias\/nikon-d7100-analisis-muestras,1_9638\">Nikon D7100: primeras muestras<\/a> de QueSabesDe.com<\/li>\n<\/ul>\n<\/li>\n<li>W j\u0119zyku polskim:\n<ul>\n<li><a href=\"http:\/\/www.high-tech.banzaj.pl\/Nikon-D7100-nowoczesna-lustrzanka-dla-ambitnych-fotografow-65923.html\">Nikon D7100<\/a> &#8211; nowoczesna lustrzanka dla ambitnych fotograf\u00f3<\/li>\n<\/ul>\n<\/li>\n<\/ul>\n","protected":false},"excerpt":{"rendered":"<p>Nikon D7100 Ups 1080p HD video with full AF during recording High sensitivity (images probably full yusable up to ISO 3200) Nikon D7100 Downs The buffer for continuous shooting is really too limited: 5 pictures in Raw. This is totally unacceptable for most cases of sports and wildlife photo. Continuous shooting slows down by 1 [&hellip;]<\/p>\n","protected":false},"author":1,"featured_media":7736,"parent":7009,"menu_order":0,"comment_status":"open","ping_status":"open","template":"","meta":{"footnotes":""},"class_list":["post-11828","page","type-page","status-publish","has-post-thumbnail","hentry"],"_links":{"self":[{"href":"https:\/\/www.ylovephoto.com\/en\/wp-json\/wp\/v2\/pages\/11828","targetHints":{"allow":["GET"]}}],"collection":[{"href":"https:\/\/www.ylovephoto.com\/en\/wp-json\/wp\/v2\/pages"}],"about":[{"href":"https:\/\/www.ylovephoto.com\/en\/wp-json\/wp\/v2\/types\/page"}],"author":[{"embeddable":true,"href":"https:\/\/www.ylovephoto.com\/en\/wp-json\/wp\/v2\/users\/1"}],"replies":[{"embeddable":true,"href":"https:\/\/www.ylovephoto.com\/en\/wp-json\/wp\/v2\/comments?post=11828"}],"version-history":[{"count":0,"href":"https:\/\/www.ylovephoto.com\/en\/wp-json\/wp\/v2\/pages\/11828\/revisions"}],"up":[{"embeddable":true,"href":"https:\/\/www.ylovephoto.com\/en\/wp-json\/wp\/v2\/pages\/7009"}],"wp:featuredmedia":[{"embeddable":true,"href":"https:\/\/www.ylovephoto.com\/en\/wp-json\/wp\/v2\/media\/7736"}],"wp:attachment":[{"href":"https:\/\/www.ylovephoto.com\/en\/wp-json\/wp\/v2\/media?parent=11828"}],"curies":[{"name":"wp","href":"https:\/\/api.w.org\/{rel}","templated":true}]}}