{"id":6672,"date":"2010-09-09T21:25:58","date_gmt":"2010-09-09T19:25:58","guid":{"rendered":"http:\/\/ylovephoto.com\/en\/?page_id=6672"},"modified":"2011-03-21T22:04:56","modified_gmt":"2011-03-21T20:04:56","slug":"pentax-k-r","status":"publish","type":"page","link":"https:\/\/www.ylovephoto.com\/en\/slr\/pentax\/pentax-k-r\/","title":{"rendered":"Pentax K-r"},"content":{"rendered":"<table class=\"right35_box\" border=\"0\">\n<tbody>\n<tr>\n<td>\n<h4>Pentax KR Ups<\/h4>\n<\/td>\n<\/tr>\n<tr>\n<td>\n<ul>\n<li>Nearly the same AF as the expert Pentax K-7<\/li>\n<li>The color options allow it to differentiate radically<\/li>\n<li>Image quality and pure photo performance expected to be high compared to its price<\/li>\n<\/ul>\n<\/td>\n<\/tr>\n<tr>\n<td>\n<h4>Pentax KR Downs<\/h4>\n<\/td>\n<\/tr>\n<tr>\n<td>\n<ul>\n<li>A lot of plastics<\/li>\n<li>LCD display is a bit limited<\/li>\n<\/ul>\n<\/td>\n<\/tr>\n<\/tbody>\n<\/table>\n<h4>Pentax KR features<\/h4>\n<ul>\n<li>12.4 MP CMOS APS-C sensor (Aspect Ratio 3:2)<\/li>\n<li>Sensitivity: ISO 200-12800 (exp. 100-25600 ISO)<\/li>\n<li>Shutter speed: 30s &#8211; 1\/6000s, Flash Sync at 1\/180s<\/li>\n<li>Live View mode with options: Contrast Detection AF with face recognition option<\/li>\n<li>Movie\/Video capture with Mono-Audio recording (with built-in microphone),<\/li>\n<li>Supported video modes: 1280 x 720 Pixels (16:9 Standard High Definition), 640 x 480, all modes at 25 frames per second<\/li>\n<li>Continuous shooting at 6 fps<\/li>\n<li>Rear LCD screen (fixed): 3&#8243; LCD, 921,000 color dots<\/li>\n<li>Metering System: 16-segment<\/li>\n<li>AF System: SAFOX IX AF System (11-Point, 9 Crossed)<\/li>\n<li>Focusing modes: AF-S, AF-C, AF-auto, MF; Via dedicated focusing mode selector level<\/li>\n<li>Dedicated AF button<\/li>\n<li>Built-in Flash: Auto-Manual pop-up, GN12 @ ISO 100<\/li>\n<li>Shake Reduction: in-body, by sensor displacement<\/li>\n<li>HDR (High Dynamic Range) mode (One composite image from 3 exposure-bracketed images)<\/li>\n<li>IR Remote Control, with front receiver<\/li>\n<li>Lenses: Pentax KAF2 compatible (K-mount, support AF KAF and SDM KAF2\/KAF3 lenses)<\/li>\n<li>Viewfinder: Glass pentamirror, with 96% image coverage, 0.85x magnification<\/li>\n<li>Battery: compatible with D-LI109, AA batteries, AA-type rechargeable NiMH and alkaline batteries<\/li>\n<li>Storage Media: SD and SDHC cards<\/li>\n<li>Dimensions: 130.5(W) x 96.5(H) x 72.5(D) mm (5.1 x 3.8 x 2.9 inches)<\/li>\n<li>Weight: 595g, Body Only (with battery and SD card)<\/li>\n<\/ul>\n<h4>Pentax KR list price<\/h4>\n<ul>\n<li>$849 \/ 000\u20ac body only<\/li>\n<li>From October 2010<\/li>\n<li><a href=\"http:\/\/www.bhphotovideo.com\/search\/ss=Sony&#038;BI=4603&#038;KBID=5095\">Buy it from B&#038;H<\/a> (The Professional&#8217;s Source)<\/li>\n<li>Buy from <a href=\"http:\/\/www.amazon.com\/b?%5Fencoding=UTF8&#038;site-redirect=&#038;node=3017941&#038;tag=yvesroumazeilles&#038;linkCode=ur2&#038;camp=1789&#038;creative=9325\">Amazon.com<\/a><img loading=\"lazy\" decoding=\"async\" src=\"http:\/\/www.assoc-amazon.com\/e\/ir?t=yvesroumazeilles&#038;l=ur2&#038;o=1\" width=\"1\" height=\"1\" border=\"0\" alt=\"\" style=\"border:none !important; margin:0px !important;\" \/><\/li>\n<\/ul>\n<h4>Pentax KR Reviews<\/h4>\n<ul>\n<li>In English:\n<ul>\n<li>Imaging Resource: <a href=\"http:\/\/www.imaging-resource.com\/PRODS\/KR\/KRA.HTM\">Pentax K-r<\/a><\/li>\n<li>DPreview Pentax K-r: <a href=\"http:\/\/www.dpreview.com\/previews\/pentaxkr\/\">brief hands-on<\/a> and <a href=\"http:\/\/www.dpreview.com\/reviews\/pentaxkr\/\">review<\/a><\/li>\n<li>PhotoAnswers <a href=\"http:\/\/www.photoanswers.co.uk\/Gear\/Search-Results\/Cameras\/Pentax-K-r---Exclusive-First-Look-Video\/\">K-r video first look<\/a>.<\/li>\n<li>PhotographyBlog: <a href=\"http:\/\/www.photographyblog.com\/reviews\/pentax_kr_review\/\">review of the Pentax K-r<\/a><\/li>\n<li><a href=\"http:\/\/nedbunnell.posterous.com\/k-r-iso-samples\">K-r ISO Sample Photos<\/a> from Ned&#8217;s Photo journal<\/li>\n<li>TechRadar&#8217;s <a href=\"http:\/\/www.techradar.com\/reviews\/cameras-and-camcorders\/cameras\/digital-slrs\/pentax-k-r-908227\/review?artc_pg=1\">Pentax K-r review<\/a> with full specs, price, sample images, high ISO samples<\/li>\n<li>Digital SLR: <a href=\"http:\/\/www.digitalslrphoto.com\/dslrreviews\/803807\/pentax_kr_test.html\">Pentax K-r test<\/a><\/li>\n<\/ul>\n<\/li>\n<li>En fran\u00e7ais :\n<ul>\n<li>Chasseur d&#8217;Images : <a href=\"http:\/\/www.chassimages.com\/forum\/index.php\/topic,99992.0.html\">pr\u00e9sentation du K-r<\/a><\/li>\n<li>Chasseur d&#8217;Images n\u00b0 327 octobre 2010<\/li>\n<li>R\u00e9ponses Photo n\u00b0 223 octobre 2010<\/li>\n<\/ul>\n<\/li>\n<li>En espa\u00f1ol :\n<ul>\n<li>Quesabesde.com video: <a href=\"http:\/\/www.quesabesde.com\/camaras-digitales\/camaras\/pentax-k-r-videos,5283.html\">Iker Mor\u00e1n analiza las principales caracter\u00edsticas de la nueva Pentax K-r<\/a><\/li>\n<li>DSLRmagazine: <a href=\"http:\/\/www.dslrmagazine.com\/pruebas\/pruebas-de-campo\/pentax-k-r-toma-de-contacto-2.html\">Toma de contacto con la Pentax K-r<\/a><\/li>\n<\/ul>\n<\/li>\n<li>In Japanese:\n<ul>\n<li><\/li>\n<\/ul>\n<\/li>\n<li>Polska:\n<ul>\n<li>Optyczne.pl: <a href=\"http:\/\/optyczne.pl\/183.1-artyku\u0142-Pentax_K-r_-_pierwsze_wra\u017cenia_Pentax_K-r_-_pierwsze_wra\u017cenia_.html\">pierwsze wra\u017cenia<\/a><\/li>\n<\/ul>\n<\/li>\n<\/ul>\n","protected":false},"excerpt":{"rendered":"<p>Pentax KR Ups Nearly the same AF as the expert Pentax K-7 The color options allow it to differentiate radically Image quality and pure photo performance expected to be high compared to its price Pentax KR Downs A lot of plastics LCD display is a bit limited Pentax KR features 12.4 MP CMOS APS-C sensor [&hellip;]<\/p>\n","protected":false},"author":1,"featured_media":0,"parent":7025,"menu_order":0,"comment_status":"open","ping_status":"open","template":"","meta":{"footnotes":""},"class_list":["post-6672","page","type-page","status-publish","hentry"],"_links":{"self":[{"href":"https:\/\/www.ylovephoto.com\/en\/wp-json\/wp\/v2\/pages\/6672","targetHints":{"allow":["GET"]}}],"collection":[{"href":"https:\/\/www.ylovephoto.com\/en\/wp-json\/wp\/v2\/pages"}],"about":[{"href":"https:\/\/www.ylovephoto.com\/en\/wp-json\/wp\/v2\/types\/page"}],"author":[{"embeddable":true,"href":"https:\/\/www.ylovephoto.com\/en\/wp-json\/wp\/v2\/users\/1"}],"replies":[{"embeddable":true,"href":"https:\/\/www.ylovephoto.com\/en\/wp-json\/wp\/v2\/comments?post=6672"}],"version-history":[{"count":0,"href":"https:\/\/www.ylovephoto.com\/en\/wp-json\/wp\/v2\/pages\/6672\/revisions"}],"up":[{"embeddable":true,"href":"https:\/\/www.ylovephoto.com\/en\/wp-json\/wp\/v2\/pages\/7025"}],"wp:attachment":[{"href":"https:\/\/www.ylovephoto.com\/en\/wp-json\/wp\/v2\/media?parent=6672"}],"curies":[{"name":"wp","href":"https:\/\/api.w.org\/{rel}","templated":true}]}}