{"id":10841,"date":"2011-08-07T12:02:29","date_gmt":"2011-08-07T10:02:29","guid":{"rendered":"http:\/\/ylovephoto.com\/fr\/?page_id=10841"},"modified":"2013-05-22T13:35:19","modified_gmt":"2013-05-22T11:35:19","slug":"sony-alpha-77","status":"publish","type":"page","link":"https:\/\/www.ylovephoto.com\/fr\/reflex\/sony\/sony-alpha-77\/","title":{"rendered":"Sony Alpha 77"},"content":{"rendered":"<table class=\"right35_box\" border=\"0\">\n<tbody>\n<tr>\n<td>\n<h4>Tops du Sony Alpha 77<\/h4>\n<\/td>\n<\/tr>\n<tr>\n<td>\n<ul>\n<li>Nouveau capteur haute-d\u00e9finition et haute-sensibilit\u00e9<\/li>\n<li>Nouveau syst\u00e8me auto-focus (ultra-rapide en mode vid\u00e9o)<\/li>\n<li>Rafales \u00e0 12 images\/s grace au miroir semi-transparent<\/li>\n<li>Viseur \u00e9lectronique tr\u00e8s nettement am\u00e9lior\u00e9 (par rapport aux A33, A35 et A55)<\/li>\n<\/ul>\n<\/td>\n<\/tr>\n<tr>\n<td>\n<h4>Flops du Sony Alpha 77<\/h4>\n<\/td>\n<\/tr>\n<tr>\n<td>\n<ul>\n<li>Le viseur \u00e9lectronique, tr\u00e8s utile en int\u00e9rieur et en basse lumi\u00e8re, trouve ses limites en ext\u00e9rieur et sous fort contraste<\/li>\n<\/ul>\n<\/td>\n<\/tr>\n<\/tbody>\n<\/table>\n<h4>Caract\u00e9ristiques du Sony Alpha 77<\/h4>\n<ul>\n<li>Capteur CMOS\/EXMOS APS-C \u00e0 24.3 MP<\/li>\n<li>Sensibilit\u00e9 : 100-12800 ISO (50 ISO en extension ; 51200 ISO par l&rsquo;interm\u00e9diaire d&rsquo;un mode multi-exposition HDR, JPEG seul)<\/li>\n<li>Exposition pilot\u00e9e par une matrice \u00e0 1200 zones<\/li>\n<li>Dynamic Range Optimization (DRO) pour assurer une excellente exposition dans les sc\u00e8nes \u00e0 fort contraste<\/li>\n<li>Vitesse 60s &#8211; 1\/8000s<\/li>\n<li>Obturateur semi-pro \u00e0 longue dur\u00e9e de vie : 150.000 d\u00e9clenchements<\/li>\n<li>Processeur d&rsquo;image BIONZ nouvelle g\u00e9n\u00e9ration<\/li>\n<li>Nettoyage du capteur par vibration<\/li>\n<li>Stabilisation d&rsquo;image par d\u00e9placement du capteur (dans le bo\u00eetier)<\/li>\n<li>Rafales : <strong>12 image\/s<\/strong> sur 18 images RAW or 36 images JPEG \/ <strong>16 images\/s<\/strong> avec quelques contraintes sur les automatismes<\/li>\n<li>Viseur \u00c9lectronique : couverture 100%, grandissement x1.1, Eye-point 19mm, r\u00e9solution 3,000,000 points<\/li>\n<li>Viseur \u00c9lectronique de type OLED am\u00e9lior\u00e9 avec niveau\/horizon<\/li>\n<li>Syst\u00e8me autofocus \u00e0 19 points (1 croix centrale et 10 lat\u00e9rales)<\/li>\n<li>Mode enregistrement vid\u00e9o Full HD (1080i @ 24-25-60 i\/s)<\/li>\n<li>Modes d&rsquo;exposition A\/S\/M\/P applicables en enregistrement vid\u00e9o<\/li>\n<li>Mode LiveView<\/li>\n<li>Quick AF LiveView, pour fournir un autofocus continu et rapide en mode LiveView et en mode vid\u00e9o<\/li>\n<li>D\u00e9tection de visages<\/li>\n<li>Mode Panorama par balayage (<em>Sweep Panorama<\/em>)<\/li>\n<li>Localisation GPS int\u00e9gr\u00e9e pour le g\u00e9o-tag des photos et vid\u00e9os (comme sur l&rsquo;<a href=\"\/fr\/reflex\/sony\/sony-alpha-55\/\">Alpha 55<\/a>)<\/li>\n<li>Sorties HDMI and USB 2.0<\/li>\n<li>\u00c9cran LCD au sommet pour les commandes de base<\/li>\n<li>\u00c9cran LCD arri\u00e8re <strong>orientable<\/strong> de 3&Prime; (921 600 pixels)<\/li>\n<li>Zoom \u00e9lectronique x1.4 ou x2.0 (nomm\u00e9 <em>electronic teleconverter<\/em>)<\/li>\n<li>Flash : Popup avec un NG 12<\/li>\n<li>Assistance\/aide en ligne sur l&rsquo;\u00e9cran LCD<\/li>\n<li>Double slot m\u00e9moire : compatible avec MemoryStick Duo Pro et SD\/SDHC\/SDXC<\/li>\n<li>Nouvelle batterie (et poign\u00e9e compl\u00e9mentaire\/grip en option)<\/li>\n<li>Carcasse en alliage de magn\u00e9sium<\/li>\n<li>Protection tous temps<\/li>\n<li>Poids : 732g (avec carte et batterie)<\/li>\n<\/ul>\n<h4>Prix officiel du Sony Alpha 77<\/h4>\n<ul>\n<li>1250 \u20ac \/ $ 1400 \/ \u00a3 000 (bo\u00eetier seul)<\/li>\n<li>1800 \u20ac \/ $ 1999 \/ \u00a3 000 en kit avec le zoom 16-50mm f\/2.8<\/li>\n<li>1300 \u20ac \/ $ 1499 \/ \u00a3 000 en kit avec le zoom 18-55mm<\/li>\n<li>Annonce en ao\u00fbt 2011, disponible \u00e0 partir de d\u00e9but octobre 2011<\/li>\n<li>Acheter sur <a href=\"http:\/\/www.amazon.fr\/gp\/redirect.html?ie=UTF8&#038;location=http%3A%2F%2Fwww.amazon.fr%2FBoutique-reflex-Content-Stores%2Fb%3Fie%3DUTF8%26node%3D682617011%26ref%255F%3Damb%255Flink%255F81396865%255F7&#038;tag=ylo-21&#038;linkCode=ur2&#038;camp=1642&#038;creative=19458\">Amazon<\/a><img loading=\"lazy\" decoding=\"async\" src=\"https:\/\/www.assoc-amazon.fr\/e\/ir?t=ylo-21&#038;l=ur2&#038;o=8\" width=\"1\" height=\"1\" border=\"0\" alt=\"\" style=\"border:none !important; margin:0px !important;\" \/><\/li>\n<li><a href=\"http:\/\/www.bhphotovideo.com\/search\/ss=Sony&#038;BI=4603&#038;KBID=5095\">Buy it from B&#038;H<\/a> (The Professional&rsquo;s Source)<\/li>\n<\/ul>\n<p><span class=\"adf_shortcode\">[adfever type=\u00a0\u00bbproduct\u00a0\u00bb value=\u00a0\u00bb11418173&Prime;]<\/span><\/p>\n<p><a href=\"http:\/\/ylovephoto.com\/fr\/reflex\/sony\/sony-alpha-77\/sony-a77-camera-back\/\" rel=\"attachment wp-att-10849\"><img loading=\"lazy\" decoding=\"async\" src=\"http:\/\/ylovephoto.com\/fr\/wp-content\/uploads\/2011\/08\/sony-a77-camera-back.jpg\" alt=\"\" title=\"sony-a77-camera-back\" width=\"600\" height=\"680\" class=\"aligncenter size-full wp-image-10849\" srcset=\"https:\/\/www.ylovephoto.com\/fr\/wp-content\/uploads\/2011\/08\/sony-a77-camera-back.jpg 600w, https:\/\/www.ylovephoto.com\/fr\/wp-content\/uploads\/2011\/08\/sony-a77-camera-back-264x300.jpg 264w, https:\/\/www.ylovephoto.com\/fr\/wp-content\/uploads\/2011\/08\/sony-a77-camera-back-529x600.jpg 529w, https:\/\/www.ylovephoto.com\/fr\/wp-content\/uploads\/2011\/08\/sony-a77-camera-back-480x544.jpg 480w, https:\/\/www.ylovephoto.com\/fr\/wp-content\/uploads\/2011\/08\/sony-a77-camera-back-235x266.jpg 235w, https:\/\/www.ylovephoto.com\/fr\/wp-content\/uploads\/2011\/08\/sony-a77-camera-back-75x85.jpg 75w, https:\/\/www.ylovephoto.com\/fr\/wp-content\/uploads\/2011\/08\/sony-a77-camera-back-350x396.jpg 350w, https:\/\/www.ylovephoto.com\/fr\/wp-content\/uploads\/2011\/08\/sony-a77-camera-back-220x249.jpg 220w\" sizes=\"auto, (max-width: 600px) 100vw, 600px\" \/><\/a><\/p>\n<h4>Tests et \u00e9valuations du Sony Alpha 77<\/h4>\n<ul>\n<li>En fran\u00e7ais :\n<ul>\n<li>01net: <a href=\"http:\/\/www.01net.com\/fiche-produit\/prise-main-10588\/reflex-numeriques-sony-alpha-a77\/\">Prise en main Sony Alpha A77<\/a><\/li>\n<li>Sony SLT-A77: <a href=\"http:\/\/www.ortega-dubois.fr\/2011\/09\/22\/test-en-francais-du-sony-alpha-77\/\">test par S\u00e9bastien Ortega-Dubois<\/a> (en fran\u00e7ais)<\/li>\n<\/ul>\n<\/li>\n<li>In English:\n<ul>\n<li>DPReview: <a href=\"http:\/\/www.dpreview.com\/previews\/sonyslta77\/\">preview<\/a>, <a href=\"http:\/\/www.dpreview.com\/news\/1109\/11092610sonyslta77studio.asp\">Sony SLT-A77 studio comparison samples<\/a><\/li>\n<li><a href=\"http:\/\/www.luminous-landscape.com\/reviews\/cameras\/sony_a77_first_impressions.shtml\">Sony SLT A77 \u2013 A First Impressions Review<\/a> (Luminous Landscape)<\/li>\n<li><a href=\"http:\/\/www.imaging-resource.com\/PRODS\/AA77\/AA77A.HTM\">Sony Alpha SLT-A77 review<\/a> at Imaging Resource<\/li>\n<li>Pop Photo: <a href=\"http:\/\/www.popphoto.com\/gear\/2011\/08\/new-gear-sony-alpha-a77-and-a65-translucent-mirror-dslrs\">Hands On: Sony Alpha A77 and A65 Translucent Mirror DSLR, Plus DT 16-50mm F2.8 SSM Zoom Lens<\/a><\/li>\n<li><a href=\"http:\/\/www.whatdigitalcamera.com\/news\/529956\/sony-alpha-a77-first-impressions.html\">Sony Alpha A77: First Impressions<\/a> (What Digital Camera)<\/li>\n<li>Digital Camera Review: <a href=\"http:\/\/www.digitalcamerareview.com\/default.asp?newsID=4836\">Sony Alpha SLT-A77 First Look<\/a><\/li>\n<li>Hands on: <a href=\"http:\/\/www.techradar.com\/news\/photography-video-capture\/cameras\/hands-on-sony-alpha-77-review-1002063\">Sony Alpha 77 review<\/a> @ TechRadar<\/li>\n<li>PhotoReview: Sony Alpha SLT-A77 <a href=\"http:\/\/www.photoreview.com.au\/reviews\/digitalslr\/sony-alpha-slta77.aspx\">full review<\/a><\/li>\n<li><a href=\"http:\/\/www.whatdigitalcamera.com\/equipment\/reviews\/digitalslr\/129198\/1\/sony-alpha-a77-review.html\">Sony Alpha A77 review<\/a> on WhatDigitalCamera.com<\/li>\n<li><a href=\"http:\/\/www.alphamountworld.com\/reviews\/sony-a77-review-final\">Sony A77 Review- The Final Word<\/a><\/li>\n<li><a href=\"http:\/\/www.digital-photography-school.com\/sony-slt-a77-review\">Sony SLT-A77 Review<\/a> (Digital Photography School)<\/li>\n<li>Imaging Resource: <a href=\"http:\/\/www.imaging-resource.com\/news\/2013\/01\/29\/sony-a77-review-finally-wrapped-but-we-found-a-video-af-issue\">Sony A77 review finally wrapped, but we found a video AF issue<\/a><\/li>\n<li>ThePhoBlographer <a href=\"http:\/\/www.thephoblographer.com\/2012\/05\/08\/iso-torture-test-sony-a77-vs-pentax-k-5\/\">ISO comparison of the A77 with the Pentax K-5<\/a><\/li>\n<li><a href=\"http:\/\/www.dpreview.com\/reviews\/sonyslta77\">Sony SLT-A77 In-depth Review<\/a> (DPreview)<\/li>\n<li><a href=\"http:\/\/www.photographyblog.com\/reviews\/sony_a77_review\/\">Sony A77 Review<\/a> at Photography Blog<\/li>\n<li><a href=\"http:\/\/www.cameralabs.com\/reviews\/Sony_Alpha_SLT_A77\/\">Camera Labs reviews the Sony Alpha SLT A77<\/a><\/li>\n<li>TheVerge: <a href=\"http:\/\/www.theverge.com\/2012\/4\/13\/2921671\/sony-alpha-slt-a77-review\">Sony&rsquo;s blazing fast DSLR has arrived<\/a><\/li>\n<\/ul>\n<\/li>\n<li>En espa\u00f1ol :\n<ul>\n<li>QueSabesDe.com: <a href=\"http:\/\/www.quesabesde.com\/noticias\/Sony-A77,1_7902\">Sony A77: primeras impresiones y muestras<\/a><\/li>\n<li>Sony SLT-A77 <a href=\"http:\/\/www.youtube.com\/watch?v=bMVvUMSyz0k\">prueba en video<\/a><\/li>\n<\/ul>\n<\/li>\n<li>Japanese :\n<ul>\n<li><\/li>\n<\/ul>\n<\/li>\n<\/ul>\n<p><a name=\"technology\"><\/p>\n<h4>Technologie<\/h4>\n<p><\/a><\/p>\n","protected":false},"excerpt":{"rendered":"<p>Tops du Sony Alpha 77 Nouveau capteur haute-d\u00e9finition et haute-sensibilit\u00e9 Nouveau syst\u00e8me auto-focus (ultra-rapide en mode vid\u00e9o) Rafales \u00e0 12 images\/s grace au miroir semi-transparent Viseur \u00e9lectronique tr\u00e8s nettement am\u00e9lior\u00e9 (par rapport aux A33, A35 et A55) Flops du Sony Alpha 77 Le viseur \u00e9lectronique, tr\u00e8s utile en int\u00e9rieur et en basse lumi\u00e8re, trouve ses [&hellip;]<\/p>\n","protected":false},"author":1,"featured_media":10849,"parent":6937,"menu_order":0,"comment_status":"open","ping_status":"open","template":"","meta":{"footnotes":""},"class_list":["post-10841","page","type-page","status-publish","has-post-thumbnail","hentry"],"_links":{"self":[{"href":"https:\/\/www.ylovephoto.com\/fr\/wp-json\/wp\/v2\/pages\/10841","targetHints":{"allow":["GET"]}}],"collection":[{"href":"https:\/\/www.ylovephoto.com\/fr\/wp-json\/wp\/v2\/pages"}],"about":[{"href":"https:\/\/www.ylovephoto.com\/fr\/wp-json\/wp\/v2\/types\/page"}],"author":[{"embeddable":true,"href":"https:\/\/www.ylovephoto.com\/fr\/wp-json\/wp\/v2\/users\/1"}],"replies":[{"embeddable":true,"href":"https:\/\/www.ylovephoto.com\/fr\/wp-json\/wp\/v2\/comments?post=10841"}],"version-history":[{"count":0,"href":"https:\/\/www.ylovephoto.com\/fr\/wp-json\/wp\/v2\/pages\/10841\/revisions"}],"up":[{"embeddable":true,"href":"https:\/\/www.ylovephoto.com\/fr\/wp-json\/wp\/v2\/pages\/6937"}],"wp:featuredmedia":[{"embeddable":true,"href":"https:\/\/www.ylovephoto.com\/fr\/wp-json\/wp\/v2\/media\/10849"}],"wp:attachment":[{"href":"https:\/\/www.ylovephoto.com\/fr\/wp-json\/wp\/v2\/media?parent=10841"}],"curies":[{"name":"wp","href":"https:\/\/api.w.org\/{rel}","templated":true}]}}