{"id":10852,"date":"2011-08-07T12:13:09","date_gmt":"2011-08-07T10:13:09","guid":{"rendered":"http:\/\/ylovephoto.com\/fr\/?page_id=10852"},"modified":"2011-09-19T18:37:57","modified_gmt":"2011-09-19T16:37:57","slug":"sony-alpha-65","status":"publish","type":"page","link":"https:\/\/www.ylovephoto.com\/fr\/reflex\/sony\/sony-alpha-65\/","title":{"rendered":"Sony Alpha 65"},"content":{"rendered":"<table class=\"right35_box\" border=\"0\">\n<tbody>\n<tr>\n<td>\n<h4>Tops du Sony Alpha 65<\/h4>\n<\/td>\n<\/tr>\n<tr>\n<td>\n<ul>\n<li>Nouveau capteur haute-d\u00e9finition et haute-sensibilit\u00e9<\/li>\n<li>Nouveau syst\u00e8me auto-focus (ultra-rapide en mode vid\u00e9o)<\/li>\n<li>Rafales \u00e0 10 images\/s grace au miroir semi-transparent<\/li>\n<li>Viseur \u00e9lectronique tr\u00e8s nettement am\u00e9lior\u00e9 (par rapport aux A33, A35 et A55)<\/li>\n<\/ul>\n<\/td>\n<\/tr>\n<tr>\n<td>\n<h4>Flops du Sony Alpha 65<\/h4>\n<\/td>\n<\/tr>\n<tr>\n<td>\n<ul>\n<li>Le viseur \u00e9lectronique, tr\u00e8s utile en int\u00e9rieur et en basse lumi\u00e8re, trouve ses limites en ext\u00e9rieur et sous fort contraste<\/li>\n<\/ul>\n<\/td>\n<\/tr>\n<\/tbody>\n<\/table>\n<h4>Caract\u00e9ristiques du Sony Alpha 65<\/h4>\n<ul>\n<li>Capteur CMOS\/EXMOS APS-C \u00e0 24.3 MP<\/li>\n<li>Sensibilit\u00e9 : 100-16000 ISO (25600 ISO par l&rsquo;interm\u00e9diaire d&rsquo;un mode multi-exposition HDR, JPEG seul)<\/li>\n<li>Exposition pilot\u00e9e par une matrice \u00e0 1200 zones<\/li>\n<li>Dynamic Range Optimization (DRO) pour assurer une excellente exposition dans les sc\u00e8nes \u00e0 fort contraste<\/li>\n<li>Vitesse 30s &#8211; 1\/4000s<\/li>\n<li>Processeur d&rsquo;image BIONZ nouvelle g\u00e9n\u00e9ration<\/li>\n<li>Nettoyage du capteur par vibration<\/li>\n<li>Stabilisation d&rsquo;image par d\u00e9placement du capteur (dans le bo\u00eetier)<\/li>\n<li>Rafales : <strong>10 image\/s<\/strong> sur 15 images RAW or 24 images JPEG \/ <strong>12 images\/s<\/strong> avec quelques contraintes sur les automatismes<\/li>\n<li>Viseur \u00c9lectronique : couverture 100%, grandissement x1.1, Eye-point 19mm, r\u00e9solution 2,300,000 points<\/li>\n<li>Viseur \u00c9lectronique de type OLED am\u00e9lior\u00e9 avec niveau\/horizon<\/li>\n<li>Syst\u00e8me autofocus \u00e0 15 points (1 croix centrale et 2 lat\u00e9rales)<\/li>\n<li>Mode enregistrement vid\u00e9o Full HD (1080i @ 24-25-60 i\/s)<\/li>\n<li>Modes d&rsquo;exposition A\/S\/M\/P applicables en enregistrement vid\u00e9o<\/li>\n<li>Mode LiveView<\/li>\n<li>Quick AF LiveView, pour fournir un autofocus continu et rapide en mode LiveView et en mode vid\u00e9o<\/li>\n<li>D\u00e9tection de visages<\/li>\n<li>Mode Panorama par balayage (<em>Sweep Panorama<\/em>)<\/li>\n<li>Localisation GPS int\u00e9gr\u00e9e pour le g\u00e9o-tag des photos et vid\u00e9os (comme sur l&rsquo;<a href=\"\/fr\/reflex\/sony\/sony-alpha-55\/\">Alpha 55<\/a>)<\/li>\n<li>Sorties HDMI and USB 2.0<\/li>\n<li>\u00c9cran LCD arri\u00e8re <strong>orientable dans une direction<\/strong> de 3&Prime; (921 600 pixels)<\/li>\n<li>Zoom \u00e9lectronique x1.4 ou x2.0 (nomm\u00e9 <em>electronic teleconverter<\/em>)<\/li>\n<li>Flash : Popup avec un NG 12<\/li>\n<li>Assistance\/aide en ligne sur l&rsquo;\u00e9cran LCD<\/li>\n<li>Double slot m\u00e9moire : compatible avec MemoryStick Duo Pro et SD\/SDHC\/SDXC<\/li>\n<li>Nouvelle batterie (et poign\u00e9e compl\u00e9mentaire\/grip en option)<\/li>\n<li>Carcasse en polycarbonate dense<\/li>\n<li>Poids : 622g (avec battery &#038; carte)<\/li>\n<\/ul>\n<h4>Prix officiel du Sony Alpha 65<\/h4>\n<ul>\n<li>900 \u20ac \/ $ 850 \/ \u00a3 000 (bo\u00eetier seul)<\/li>\n<li>1050 \u20ac \/ $ 999 \/ \u00a3 000 en kit avec le zoom 18-55mm<\/li>\n<li>Annonce en ao\u00fbt 2011, disponible \u00e0 partir de d\u00e9but octobre 2011<\/li>\n<li>Acheter sur <a href=\"http:\/\/www.amazon.fr\/gp\/redirect.html?ie=UTF8&#038;location=http%3A%2F%2Fwww.amazon.fr%2FBoutique-reflex-Content-Stores%2Fb%3Fie%3DUTF8%26node%3D682617011%26ref%255F%3Damb%255Flink%255F81396865%255F7&#038;tag=ylo-21&#038;linkCode=ur2&#038;camp=1642&#038;creative=19458\">Amazon<\/a><img loading=\"lazy\" decoding=\"async\" src=\"https:\/\/www.assoc-amazon.fr\/e\/ir?t=ylo-21&#038;l=ur2&#038;o=8\" width=\"1\" height=\"1\" border=\"0\" alt=\"\" style=\"border:none !important; margin:0px !important;\" \/><\/li>\n<li><a href=\"http:\/\/www.bhphotovideo.com\/search\/ss=Sony&#038;BI=4603&#038;KBID=5095\">Buy it from B&#038;H<\/a> (The Professional&rsquo;s Source)<\/li>\n<\/ul>\n<p><span class=\"adf_shortcode\">[adfever type=\u00a0\u00bbproduct\u00a0\u00bb value=\u00a0\u00bb11418173&Prime;]<\/span><\/p>\n<h4>Tests et \u00e9valuations du Sony Alpha 65<\/h4>\n<p>A noter : au vu des diff\u00e9rences entre le Sony SLT-A65 et le Sony SLT-A77, son grand fr\u00e8re dont il garde le capteur, il peut \u00eatre int\u00e9ressant de consulter \u00e9galement <a href=\"\/fr\/reflex\/sony\/sony-alpha-77\/\">les test et les essais du Sony SLT-A77<\/a>.<\/p>\n<ul>\n<li>En fran\u00e7ais :\n<ul>\n<li><a href=\"http:\/\/translate.google.com\/translate?hl=en&#038;sl=zh-CN&#038;tl=fr&#038;u=http%3A%2F%2Fblog.pchome.net%2Farticle%2F458428.html\">PCHome compare le Sony A65 et le Sony A900 (en qualit\u00e9 d&rsquo;image)<\/a> : le petit A65 bat le vieux Full Frame (Alpha 900)<\/li>\n<\/ul>\n<\/li>\n<li>In English:\n<ul>\n<li>DPReview: <a href=\"http:\/\/www.dpreview.com\/previews\/sonyslta65\/\">pre-review<\/a><\/li>\n<li>Luminous Landscape: <a href=\"http:\/\/www.luminous-landscape.com\/reviews\/cameras\/sony_a65_first_impressions.shtml\">Sony A65, First Impressions<\/a><\/li>\n<li><a href=\"http:\/\/translate.google.com\/translate?sl=zh-CN&#038;tl=en&#038;js=n&#038;prev=_t&#038;hl=en&#038;ie=UTF-8&#038;layout=2&#038;eotf=1&#038;u=http%3A%2F%2Fblog.pchome.net%2Farticle%2F458428.html\">PCHome compares A65 and the A900 (image quality)<\/a>: The little A65 beats the old Full Frame (Sony A900)<\/li>\n<\/ul>\n<\/li>\n<li>En espa\u00f1ol :\n<ul>\n<li><a href=\"http:\/\/translate.google.com\/translate?hl=en&#038;sl=zh-CN&#038;tl=fr&#038;u=http%3A%2F%2Fblog.pchome.net%2Farticle%2F458428.html\">PChome compara la A65 y la A900 (calidad de imagen)<\/a>: El peque\u00f1o A65 es mejor que el viejo Full Frame (Sony A900)<\/li>\n<\/ul>\n<\/li>\n<li>Chinese :\n<ul>\n<li><a href=\"http:\/\/blog.pchome.net\/article\/458428.html\">\u7d22\u5c3cA65\/A900\u7684ISO\u5bf9\u6bd4\u7814\u7a76<\/a><\/li>\n<\/ul>\n<\/li>\n<\/ul>\n<p><a name=\"technology\"><\/p>\n<h4>Technologie<\/h4>\n<p><\/a><\/p>\n","protected":false},"excerpt":{"rendered":"<p>Tops du Sony Alpha 65 Nouveau capteur haute-d\u00e9finition et haute-sensibilit\u00e9 Nouveau syst\u00e8me auto-focus (ultra-rapide en mode vid\u00e9o) Rafales \u00e0 10 images\/s grace au miroir semi-transparent Viseur \u00e9lectronique tr\u00e8s nettement am\u00e9lior\u00e9 (par rapport aux A33, A35 et A55) Flops du Sony Alpha 65 Le viseur \u00e9lectronique, tr\u00e8s utile en int\u00e9rieur et en basse lumi\u00e8re, trouve ses [&hellip;]<\/p>\n","protected":false},"author":1,"featured_media":0,"parent":6937,"menu_order":0,"comment_status":"open","ping_status":"open","template":"","meta":{"footnotes":""},"class_list":["post-10852","page","type-page","status-publish","hentry"],"_links":{"self":[{"href":"https:\/\/www.ylovephoto.com\/fr\/wp-json\/wp\/v2\/pages\/10852","targetHints":{"allow":["GET"]}}],"collection":[{"href":"https:\/\/www.ylovephoto.com\/fr\/wp-json\/wp\/v2\/pages"}],"about":[{"href":"https:\/\/www.ylovephoto.com\/fr\/wp-json\/wp\/v2\/types\/page"}],"author":[{"embeddable":true,"href":"https:\/\/www.ylovephoto.com\/fr\/wp-json\/wp\/v2\/users\/1"}],"replies":[{"embeddable":true,"href":"https:\/\/www.ylovephoto.com\/fr\/wp-json\/wp\/v2\/comments?post=10852"}],"version-history":[{"count":0,"href":"https:\/\/www.ylovephoto.com\/fr\/wp-json\/wp\/v2\/pages\/10852\/revisions"}],"up":[{"embeddable":true,"href":"https:\/\/www.ylovephoto.com\/fr\/wp-json\/wp\/v2\/pages\/6937"}],"wp:attachment":[{"href":"https:\/\/www.ylovephoto.com\/fr\/wp-json\/wp\/v2\/media?parent=10852"}],"curies":[{"name":"wp","href":"https:\/\/api.w.org\/{rel}","templated":true}]}}