{"id":11592,"date":"2012-02-08T20:54:37","date_gmt":"2012-02-08T18:54:37","guid":{"rendered":"http:\/\/ylovephoto.com\/fr\/?page_id=11592"},"modified":"2013-04-30T18:40:06","modified_gmt":"2013-04-30T16:40:06","slug":"nikon-d800","status":"publish","type":"page","link":"https:\/\/www.ylovephoto.com\/fr\/reflex\/nikon\/nikon-d800\/","title":{"rendered":"Nikon D800 (et D800E)"},"content":{"rendered":"<table class=\"right35_box\" border=\"0\">\n<tbody>\n<tr>\n<td><strong><span style=\"color: #800000;\">Tops du Nikon D800<\/span><\/strong><\/td>\n<\/tr>\n<tr>\n<td>\n<ul>\n<li>Des images d&rsquo;une qualit\u00e9 rare \u00e0 ce niveau de prix<\/li>\n<li>Vid\u00e9o HD compl\u00e8te<\/li>\n<li>Autofocus \u00e0 51 points<\/li>\n<\/ul>\n<\/td>\n<\/tr>\n<tr>\n<td><strong><span style=\"color: #800000;\">Flops du Nikon D800<\/span><\/strong><\/td>\n<\/tr>\n<tr>\n<td>\n<ul>\n<li>Prix hors de port\u00e9e de la plupart<\/li>\n<li>Rafales limit\u00e9es<\/li>\n<\/ul>\n<\/td>\n<\/tr>\n<\/tbody>\n<\/table>\n<h4>Caract\u00e9ristiques du Nikon D800<\/h4>\n<ul>\n<li>Capteur \u00e0 36 m\u00e9ga-pixels en <strong>Full Frame<\/strong><\/li>\n<li>Sensibilit\u00e9 : 100-6400 ISO (ext. 25600 ISO)<\/li>\n<li>Exposition : capteur \u00e0 91000 pixels assist\u00e9 d&rsquo;un processeur \u00e0 d\u00e9tection de sc\u00e8ne<\/li>\n<li>Rafales : 4 i\/s (et 6 i\/s en mode DX)<\/li>\n<li>Vid\u00e9o HD : 1080p at 30, 25 or 24 frames per second<\/li>\n<li>Compatibilit\u00e9 avec les objectifs DX, les objectifs d\u00e9di\u00e9s au format APS-C \u00a0fonctionnent en mode crop automatique<\/li>\n<li>Autofocus : 51 points<\/li>\n<li>\u00c9cran LCD : 3,2&Prime; \u00e0 91k pixels<\/li>\n<\/ul>\n<h4>Prix officiel du Nikon D800<\/h4>\n<ul>\n<li>Boitier seul : 3300\u20ac \/ $3000<\/li>\n<li>\u00e0 partir de mars 2012<\/li>\n<li>Acheter sur <a href=\"http:\/\/www.amazon.fr\/gp\/redirect.html?ie=UTF8&#038;location=http%3A%2F%2Fwww.amazon.fr%2FBoutique-reflex-Content-Stores%2Fb%3Fie%3DUTF8%26node%3D682617011%26ref%255F%3Damb%255Flink%255F81396865%255F7&#038;tag=ylo-21&#038;linkCode=ur2&#038;camp=1642&#038;creative=19458\">Amazon<\/a><img loading=\"lazy\" decoding=\"async\" src=\"https:\/\/www.assoc-amazon.fr\/e\/ir?t=ylo-21&#038;l=ur2&#038;o=8\" width=\"1\" height=\"1\" border=\"0\" alt=\"\" style=\"border:none !important; margin:0px !important;\" \/><\/li>\n<li><a href=\"http:\/\/www.bhphotovideo.com\/search\/ss=Nikon&#038;BI=4603&#038;KBID=5095\">Buy it from B&#038;H<\/a> (The Professional&rsquo;s Source)<\/li>\n<\/ul>\n<p><span class=\"adf_shortcode\">[adfever type=\u00a0\u00bbproduct\u00a0\u00bb value=\u00a0\u00bb3526572&Prime;]<\/span><\/p>\n<h4>Tests et \u00e9valuations du Nikon D800<\/h4>\n<ul>\n<li>En fran\u00e7ais :\n<ul>\n<li>Chasseur d&rsquo;Images n343 &#8211; Mai 2012<\/li>\n<li>R\u00e9ponses Photo n\u00b0242 &#8211; Mai 2012<\/li>\n<li>Chasseur d&rsquo;Images : <a href=\"http:\/\/www.chassimages.com\/forum\/index.php\/topic,146866.0.html\">Nikon D800<\/a><\/li>\n<\/ul>\n<\/li>\n<li>In English:\n<ul>\n<li>DPReview: Nikon D800 <a href=\"http:\/\/www.dpreview.com\/previews\/nikonD800\/\">Hands-on Preview<\/a> (with side-by-side comparisons)<\/li>\n<li>Imaging resource: <a href=\"http:\/\/www.imaging-resource.com\/PRODS\/nikon-d800\/nikon-d800A.HTM\">Hands-on preview<\/a><\/li>\n<li>Bbo Atkins: <a href=\"http:\/\/www.bobatkins.com\/photography\/digital\/nikon_D800_preview.html\">D800 preview<\/a><\/li>\n<li>Nikon D800 <a href=\"http:\/\/www.imaging-resource.com\/PRODS\/nikon-d800\/nikon-d800A.HTM\">Hands-on Preview<\/a> (Imaging Resource)<\/li>\n<li>Extensive comparison set between the Nikon D800 and the Canon EOS 5D MkIII:\n<ul>\n<li><a href=\"http:\/\/www.dslrnewsshooter.com\/2012\/04\/01\/video-shootout-nikon-d800-vs-canon-5d-mkiii\/\">Video shootout: Nikon D800 vs. Canon 5D mkIII<\/a> by Dan Chung<\/li>\n<li><a href=\"http:\/\/www.cameralabs.com\/reviews\/Canon_EOS_5D_Mark_III\/Canon_5D3_vs_Nikon_D800_noise.shtml\">Canon EOS 5D Mark III vs Nikon D800 noise<\/a> at CameraLabs<\/li>\n<li>Bob Atkins: <a href=\"http:\/\/www.bobatkins.com\/photography\/technical\/pixel_matters.html\">Pixel Matters &#8211; Canon EOS 5D MkIII vs Nikon D800<\/a><\/li>\n<li>CrisisLab: <a href=\"http:\/\/www.crisislab.com\/index.php?section=1\">The F%^&#038;ing Nikon D800 vs. Canon 5D mkIII Shootout<\/a> with a YouTube video<\/li>\n<li><a href=\"http:\/\/www.petapixel.com\/2012\/04\/24\/low-light-comparison-of-the-canon-5d-mark-ii-5d-mark-iii-and-nikon-d800\/\">Low Light Comparison of the Canon 5D Mark II, 5D Mark III, and Nikon D800<\/a> par <em>Joe Marine<\/em> (via PetaPixel) : Une d\u00e9monstration tr\u00e8s impressionnante (malgr\u00e9 les \u00e9carts d&rsquo;exposition) de la performance vid\u00e9o de Canon (m\u00eame quand on fait appel au vieux 5D MkII) <iframe loading=\"lazy\" src=\"http:\/\/player.vimeo.com\/video\/40113110?title=0&amp;byline=0&amp;portrait=0&amp;color=ff0179\" width=\"400\" height=\"225\" frameborder=\"0\" webkitAllowFullScreen mozallowfullscreen allowFullScreen><\/iframe><\/li>\n<li>DxOLabs fait de nombreuses revues techniques et permet la comparison en vue de d\u00e9terminer la qualit\u00e9 du capteur photo (<a href=\"http:\/\/www.dxomark.com\/index.php\/Publications\/DxOMark-Reviews\/Nikon-D800-Review\/Sensor-performance\">D800<\/a> &#038; <a href=\"http:\/\/www.dxomark.com\/index.php\/Publications\/DxOMark-Reviews\/Canon-5D-Mark-III-Review\/Sensor-performance\">5D MkIII<\/a>) : ne laisse aucun doute sur les possibilti\u00e9s photo du capteur de Nikon (ou de Sony).<\/li>\n<p><a href=\"http:\/\/ylovephoto.com\/en\/wp-content\/uploads\/2012\/04\/CS_Canon_EOS_5D_mark_III_vs_Canon_EOS_5D_Mark_II.jpg\"><img loading=\"lazy\" decoding=\"async\" src=\"http:\/\/ylovephoto.com\/en\/wp-content\/uploads\/2012\/04\/CS_Canon_EOS_5D_mark_III_vs_Canon_EOS_5D_Mark_II.jpg\" alt=\"\" title=\"CS_Canon_EOS_5D_mark_III_vs_Canon_EOS_5D_Mark_II\" width=\"491\" height=\"475\" class=\"aligncenter size-full wp-image-11711\" \/><\/a><a href=\"http:\/\/ylovephoto.com\/en\/wp-content\/uploads\/2012\/04\/CS_Nikon_D800_vs_Nikon_D4.jpg\"><img loading=\"lazy\" decoding=\"async\" src=\"http:\/\/ylovephoto.com\/en\/wp-content\/uploads\/2012\/04\/CS_Nikon_D800_vs_Nikon_D4.jpg\" alt=\"\" title=\"CS_Nikon_D800_vs_Nikon_D4\" width=\"489\" height=\"474\" class=\"aligncenter size-full wp-image-11712\" \/><\/a><\/p>\n<li><a href=\"http:\/\/nikonrumors.com\/2012\/04\/10\/nikon-d800-vs-d3s-and-d7000-comparison-by-cary-jordan.aspx\/\">Nikon D800 vs. D3s and D7000 comparison<\/a> par <em>Cary Jordan<\/em> : est assez \u00e9videmment appr\u00e9ciateur de la performance du D800 (aussi bien comme un excellent reflex FX que comme un tr\u00e8s bon appareil DX\/APS-C).<\/li>\n<li><a href=\"http:\/\/www.photoanswers.co.uk\/News\/Search-Results\/Magazine-News\/Digital-Photo-News\/Canon-EOS-5D-Mk-III-Vs-Nikon-D800\/\">Canon EOS 5D Mk III Vs Nikon D800<\/a> de PhotoAnswers : montre une comparaison qui ne s&rsquo;engage gu\u00e8re, mais pr\u00e9sente de bien belles images du D800.<\/li>\n<li>The Online Photogrpaher: <a href=\"http:\/\/theonlinephotographer.typepad.com\/the_online_photographer\/2012\/11\/nikon-d800-and-d800e-review.html\">Nikon D800 and D800E Review<\/a><\/li>\n<li>Imaging Resource: <a href=\"http:\/\/www.imaging-resource.com\/news\/2012\/11\/22\/nikon-d800-reviewed-premium-digital-slr-is-worth-every-penny\">Nikon D800 reviewed: Premium digital SLR is worth every penny<\/a><\/li>\n<li><a href=\"http:\/\/digital-photography-school.com\/nikon-d800e-review\">Nikon D800E Review<\/a> at Digital Photogrpahy School<\/li>\n<\/ul>\n<\/li>\n<\/ul>\n<\/li>\n<li>En espa\u00f1ol :\n<ul>\n<li>QueSabesDe.com : <a href=\"http:\/\/www.quesabesde.com\/noticias\/nikon-d800-analisis-fotos-video,1_8464\">Nikon D800: toma de contacto<\/a><\/li>\n<li><a href=\"http:\/\/www.quesabesde.com\/noticias\/canon-eos-5d-mark-iii-analisis-fotos-nikon-d800,1_8644\">Canon EOS 5D Mark III: primeras muestras y breve comparativa con la Nikon D800<\/a> (de QueSabesDe.com)<\/li>\n<li><a href=\"http:\/\/www.quesabesde.com\/noticias\/nikon-d800-analisis-video,1_8648\">Nikon D800: la funci\u00f3n de v\u00eddeo, a examen<\/a>  (de QueSabesDe.com)<\/li>\n<\/ul>\n<\/li>\n<\/ul>\n","protected":false},"excerpt":{"rendered":"<p>Tops du Nikon D800 Des images d&rsquo;une qualit\u00e9 rare \u00e0 ce niveau de prix Vid\u00e9o HD compl\u00e8te Autofocus \u00e0 51 points Flops du Nikon D800 Prix hors de port\u00e9e de la plupart Rafales limit\u00e9es Caract\u00e9ristiques du Nikon D800 Capteur \u00e0 36 m\u00e9ga-pixels en Full Frame Sensibilit\u00e9 : 100-6400 ISO (ext. 25600 ISO) Exposition : capteur [&hellip;]<\/p>\n","protected":false},"author":1,"featured_media":11960,"parent":6935,"menu_order":0,"comment_status":"open","ping_status":"open","template":"","meta":{"footnotes":""},"class_list":["post-11592","page","type-page","status-publish","has-post-thumbnail","hentry"],"_links":{"self":[{"href":"https:\/\/www.ylovephoto.com\/fr\/wp-json\/wp\/v2\/pages\/11592","targetHints":{"allow":["GET"]}}],"collection":[{"href":"https:\/\/www.ylovephoto.com\/fr\/wp-json\/wp\/v2\/pages"}],"about":[{"href":"https:\/\/www.ylovephoto.com\/fr\/wp-json\/wp\/v2\/types\/page"}],"author":[{"embeddable":true,"href":"https:\/\/www.ylovephoto.com\/fr\/wp-json\/wp\/v2\/users\/1"}],"replies":[{"embeddable":true,"href":"https:\/\/www.ylovephoto.com\/fr\/wp-json\/wp\/v2\/comments?post=11592"}],"version-history":[{"count":0,"href":"https:\/\/www.ylovephoto.com\/fr\/wp-json\/wp\/v2\/pages\/11592\/revisions"}],"up":[{"embeddable":true,"href":"https:\/\/www.ylovephoto.com\/fr\/wp-json\/wp\/v2\/pages\/6935"}],"wp:featuredmedia":[{"embeddable":true,"href":"https:\/\/www.ylovephoto.com\/fr\/wp-json\/wp\/v2\/media\/11960"}],"wp:attachment":[{"href":"https:\/\/www.ylovephoto.com\/fr\/wp-json\/wp\/v2\/media?parent=11592"}],"curies":[{"name":"wp","href":"https:\/\/api.w.org\/{rel}","templated":true}]}}