{"id":11749,"date":"2012-03-04T13:28:09","date_gmt":"2012-03-04T11:28:09","guid":{"rendered":"http:\/\/ylovephoto.com\/fr\/?page_id=11749"},"modified":"2012-04-26T21:01:42","modified_gmt":"2012-04-26T19:01:42","slug":"canon-eos-5d-mkiii","status":"publish","type":"page","link":"https:\/\/www.ylovephoto.com\/fr\/reflex\/canon\/canon-eos-5d-mkiii\/","title":{"rendered":"Canon EOS 5D MkIII"},"content":{"rendered":"<table class=\"right35_box\" border=\"0\">\n<tbody>\n<tr>\n<td><strong><span style=\"color: #800000;\">Tops du Canon EOS 5D MkIII<\/span><\/strong><\/td>\n<\/tr>\n<tr>\n<td>\n<ul>\n<li>Belle sensibilit\u00e9<\/li>\n<li>Super autofocus emprunt\u00e9 au 1D-X<\/li>\n<li>Vid\u00e9o exemplaire et encore am\u00e9lior\u00e9e (sensibilit\u00e9 et 60 i\/s)<\/li>\n<\/ul>\n<\/td>\n<\/tr>\n<tr>\n<td><strong><span style=\"color: #800000;\">Flops du Canon EOS 5D MkIII<\/span><\/strong><\/td>\n<\/tr>\n<tr>\n<td>\n<ul>\n<li>N&rsquo;est qu&rsquo;une am\u00e9lioration incr\u00e9mentale du Canon EOS 5D MkII (mais un incr\u00e9ment de plus de trois ans)<\/li>\n<li>Pas de flash int\u00e9gr\u00e9, m\u00eame pour la commande de flashes externes<\/li>\n<\/ul>\n<\/td>\n<\/tr>\n<\/tbody>\n<\/table>\n<h4>Caract\u00e9ristiques du Canon EOS 5D MkIII<\/h4>\n<ul>\n<li>Capteur CMOS 22,3 m\u00e9ga-pixels<\/li>\n<li>Sensibilit\u00e9 : 100-25600 ISO (ext. 50-102400 ISO)<\/li>\n<li>Autofocus : 61 zones<\/li>\n<li>Mode d&rsquo;enregistrement vid\u00e9o Full-HD 1080p \u00e0 30i\/s et 720p \u00e0 60i\/s<\/li>\n<li>Mesure de l&rsquo;exposition sur 63 zones<\/li>\n<li>Rafales : 6 images\/s<\/li>\n<li>Obturateur : 30s \u00e0 1\/8000s<\/li>\n<li>\u00c9cran LCD 3,2&Prime; (1040k pixels)<\/li>\n<li>Viseur : 100% de couverture (grossissement x0,71)<\/li>\n<li>Double slot m\u00e9moire : CompactFlash + SD<\/li>\n<li>Construction tropicalis\u00e9e<\/li>\n<li>950g<\/li>\n<\/ul>\n<h4>Prix officiel du Canon EOS 5D MkIII<\/h4>\n<ul>\n<li>US : $3500, Europe : \u20ac3299, UK : \u00a3xxxx<\/li>\n<li>A partir de fin mars 2012<\/li>\n<li>Acheter sur <a href=\"http:\/\/www.amazon.fr\/gp\/redirect.html?ie=UTF8&#038;location=http%3A%2F%2Fwww.amazon.fr%2FBoutique-reflex-Content-Stores%2Fb%3Fie%3DUTF8%26node%3D682617011%26ref%255F%3Damb%255Flink%255F81396865%255F7&#038;tag=ylo-21&#038;linkCode=ur2&#038;camp=1642&#038;creative=19458\">Amazon<\/a><img loading=\"lazy\" decoding=\"async\" src=\"https:\/\/www.assoc-amazon.fr\/e\/ir?t=ylo-21&#038;l=ur2&#038;o=8\" width=\"1\" height=\"1\" border=\"0\" alt=\"\" style=\"border:none !important; margin:0px !important;\" \/><\/li>\n<li><a href=\"http:\/\/www.bhphotovideo.com\/search\/ss=Canon&#038;BI=4603&#038;KBID=5095\">Buy it from B&#038;H<\/a> (The Professional&rsquo;s Source)<\/li>\n<\/ul>\n<p><span class=\"adf_shortcode\">[adfever type=\u00a0\u00bbproduct\u00a0\u00bb value=\u00a0\u00bb10475999&Prime;]<\/span><\/p>\n<p><img loading=\"lazy\" decoding=\"async\" src=\"http:\/\/ylovephoto.com\/en\/wp-content\/uploads\/2012\/03\/canon-eos-5d-mark-iii-af.png\" alt=\"Canon EOS 5D MkIII autofocus\" title=\"canon-eos-5d-mark-iii-af\" width=\"212\" height=\"132\" class=\"alignright size-full wp-image-11549\" \/><\/p>\n<h4>Tests et \u00e9valuations du Canon EOS 5D MkIII<\/h4>\n<ul>\n<li>En fran\u00e7ais :\n<ul>\n<li>Chasseur d&rsquo;Images n343 &#8211; Mai 2012<\/li>\n<\/ul>\n<\/li>\n<p><img loading=\"lazy\" decoding=\"async\" src=\"http:\/\/ylovephoto.com\/en\/wp-content\/uploads\/2012\/03\/canon-eos-5d-mark-iii-af.png\" alt=\"Canon EOS 5D MkIII autofocus\" title=\"canon-eos-5d-mark-iii-af\" width=\"212\" height=\"132\" class=\"alignright size-full wp-image-11549\" \/><\/p>\n<li>In English:\n<ul>\n<li>Jeff Ascough&rsquo;s <a href=\"http:\/\/blog.jeffascough.com\/photographers\/2012\/03\/canon-eos-5d-mark-iii-review.html\">review of the Canon EOS 5D MkIII<\/a><\/li>\n<li>Bob Atkins <a href=\"http:\/\/www.bobatkins.com\/photography\/digital\/canon_eos_5D_MkIII_preview.html\">Canon EOS 5D MkIII &#8211; Hands-on Preview<\/a><\/li>\n<li>Imaging Resource: <a href=\"http:\/\/www.imaging-resource.com\/PRODS\/canon-5d-mkiii\/canon-5d-mkiiiA.HTM\">overview<\/a><\/li>\n<li>DPReview <a href=\"http:\/\/www.dpreview.com\/news\/2012\/03\/02\/Canon-EOS-5D-Mark-III-preview\">Canon EOS 5D Mark III hands-on preview<\/a> and video<\/li>\n<li>Camera Labs: <a href=\"http:\/\/www.cameralabs.com\/reviews\/Canon_EOS_5D_Mark_III\/\">Canon EOS 5D Mark III preview<\/a><\/li>\n<li>Gizmodo <a href=\"http:\/\/gizmodo.com\/5895239\/canon-eos-5d-mark-iii-review-the-best-dslr-for-shooting-video\">5D Mark III review<\/a><\/li>\n<li>Camera Labs: <a href=\"http:\/\/www.cameralabs.com\/reviews\/Canon_EOS_5D_Mark_III\/high_ISO_noise.shtml\">Canon EOS 5D Mark III vs 5D Mark II noise<\/a><\/li>\n<li><a href=\"http:\/\/www.engadget.com\/2012\/03\/22\/canon-eos-5d-mark-iii-review\/\">Canon EOS 5D Mark III field review<\/a> at Engadget<\/li>\n<li><a href=\"http:\/\/www.eoshd.com\/content\/7551\/canon-5d-mark-iii-review\">Canon 5D Mark III review<\/a> from EOSHD<\/li>\n<li>Canon Eos 5D Mark III: <a href=\"http:\/\/blog.jeffascough.com\/photographers\/2012\/03\/canon-eos-5d-mark-iii-review.html\">Jeff Ascough review<\/a><\/li>\n<li><a href=\"http:\/\/www.engadget.com\/2012\/03\/12\/canon-eos-5d-mark-iii-high-iso-sample-images\/\">Canon EOS 5D Mark III high-ISO sample images<\/a> (hands-on at Engadget)<\/li>\n<li>PhotoAnswers: <a href=\"http:\/\/www.photoanswers.co.uk\/News\/Search-Results\/Product-News\/Canon-EOS-5D-Mark-III-Hands-On-Preview\/\">Canon EOS 5D Mark III Hands-On Preview<\/a><\/li>\n<li>Comparaison extensive entre le Nikon D800 et le Canon EOS 5D MkIII:\n<ul>\n<li><a href=\"http:\/\/www.dslrnewsshooter.com\/2012\/04\/01\/video-shootout-nikon-d800-vs-canon-5d-mkiii\/\">Video shootout: Nikon D800 vs. Canon 5D mkIII<\/a> by Dan Chung<\/li>\n<li><a href=\"http:\/\/www.cameralabs.com\/reviews\/Canon_EOS_5D_Mark_III\/Canon_5D3_vs_Nikon_D800_noise.shtml\">Canon EOS 5D Mark III vs Nikon D800 noise<\/a> at CameraLabs<\/li>\n<li>Bob Atkins: <a href=\"http:\/\/www.bobatkins.com\/photography\/technical\/pixel_matters.html\">Pixel Matters &#8211; Canon EOS 5D MkIII vs Nikon D800<\/a><\/li>\n<li>CrisisLab: <a href=\"http:\/\/www.crisislab.com\/index.php?section=1\">The F%^&#038;ing Nikon D800 vs. Canon 5D mkIII Shootout<\/a> with a YouTube video<\/li>\n<li><a href=\"http:\/\/www.petapixel.com\/2012\/04\/24\/low-light-comparison-of-the-canon-5d-mark-ii-5d-mark-iii-and-nikon-d800\/\">Low Light Comparison of the Canon 5D Mark II, 5D Mark III, and Nikon D800<\/a> par <em>Joe Marine<\/em> (via PetaPixel) : Une d\u00e9monstration tr\u00e8s impressionnante (malgr\u00e9 les \u00e9carts d&rsquo;exposition) de la performance vid\u00e9o de Canon (m\u00eame quand on fait appel au vieux 5D MkII) <iframe loading=\"lazy\" src=\"http:\/\/player.vimeo.com\/video\/40113110?title=0&amp;byline=0&amp;portrait=0&amp;color=ff0179\" width=\"400\" height=\"225\" frameborder=\"0\" webkitAllowFullScreen mozallowfullscreen allowFullScreen><\/iframe><\/li>\n<li>DxOLabs fait de nombreuses revues techniques et permet la comparison en vue de d\u00e9terminer la qualit\u00e9 du capteur photo (<a href=\"http:\/\/www.dxomark.com\/index.php\/Publications\/DxOMark-Reviews\/Nikon-D800-Review\/Sensor-performance\">D800<\/a> &#038; <a href=\"http:\/\/www.dxomark.com\/index.php\/Publications\/DxOMark-Reviews\/Canon-5D-Mark-III-Review\/Sensor-performance\">5D MkIII<\/a>) : ne laisse aucun doute sur les possibilti\u00e9s photo du capteur de Nikon (ou de Sony).<\/li>\n<p><a href=\"http:\/\/ylovephoto.com\/en\/wp-content\/uploads\/2012\/04\/CS_Canon_EOS_5D_mark_III_vs_Canon_EOS_5D_Mark_II.jpg\"><img loading=\"lazy\" decoding=\"async\" src=\"http:\/\/ylovephoto.com\/en\/wp-content\/uploads\/2012\/04\/CS_Canon_EOS_5D_mark_III_vs_Canon_EOS_5D_Mark_II.jpg\" alt=\"\" title=\"CS_Canon_EOS_5D_mark_III_vs_Canon_EOS_5D_Mark_II\" width=\"491\" height=\"475\" class=\"aligncenter size-full wp-image-11711\" \/><\/a><a href=\"http:\/\/ylovephoto.com\/en\/wp-content\/uploads\/2012\/04\/CS_Nikon_D800_vs_Nikon_D4.jpg\"><img loading=\"lazy\" decoding=\"async\" src=\"http:\/\/ylovephoto.com\/en\/wp-content\/uploads\/2012\/04\/CS_Nikon_D800_vs_Nikon_D4.jpg\" alt=\"\" title=\"CS_Nikon_D800_vs_Nikon_D4\" width=\"489\" height=\"474\" class=\"aligncenter size-full wp-image-11712\" \/><\/a><\/p>\n<li><a href=\"http:\/\/nikonrumors.com\/2012\/04\/10\/nikon-d800-vs-d3s-and-d7000-comparison-by-cary-jordan.aspx\/\">Nikon D800 vs. D3s and D7000 comparison<\/a> par <em>Cary Jordan<\/em> : est assez \u00e9videmment appr\u00e9ciateur de la performance du D800 (aussi bien comme un excellent reflex FX que comme un tr\u00e8s bon appareil DX\/APS-C).<\/li>\n<li><a href=\"http:\/\/www.photoanswers.co.uk\/News\/Search-Results\/Magazine-News\/Digital-Photo-News\/Canon-EOS-5D-Mk-III-Vs-Nikon-D800\/\">Canon EOS 5D Mk III Vs Nikon D800<\/a> de PhotoAnswers : montre une comparaison qui ne s&rsquo;engage gu\u00e8re, mais pr\u00e9sente de bien belles images du D800.<\/li>\n<\/ul>\n<\/li>\n<\/ul>\n<\/li>\n<li>En espa\u00f1ol :\n<ul>\n<li><a href=\"http:\/\/www.quesabesde.com\/noticias\/canon-eos-5d-mark-iii-analisis-fotos-nikon-d800,1_8644\">Canon EOS 5D Mark III: primeras muestras y breve comparativa con la Nikon D800<\/a> (de QueSabesDe.com)<\/li>\n<\/ul>\n<\/li>\n<\/ul>\n","protected":false},"excerpt":{"rendered":"<p>Tops du Canon EOS 5D MkIII Belle sensibilit\u00e9 Super autofocus emprunt\u00e9 au 1D-X Vid\u00e9o exemplaire et encore am\u00e9lior\u00e9e (sensibilit\u00e9 et 60 i\/s) Flops du Canon EOS 5D MkIII N&rsquo;est qu&rsquo;une am\u00e9lioration incr\u00e9mentale du Canon EOS 5D MkII (mais un incr\u00e9ment de plus de trois ans) Pas de flash int\u00e9gr\u00e9, m\u00eame pour la commande de flashes [&hellip;]<\/p>\n","protected":false},"author":1,"featured_media":11766,"parent":6933,"menu_order":0,"comment_status":"open","ping_status":"open","template":"","meta":{"footnotes":""},"class_list":["post-11749","page","type-page","status-publish","has-post-thumbnail","hentry"],"_links":{"self":[{"href":"https:\/\/www.ylovephoto.com\/fr\/wp-json\/wp\/v2\/pages\/11749","targetHints":{"allow":["GET"]}}],"collection":[{"href":"https:\/\/www.ylovephoto.com\/fr\/wp-json\/wp\/v2\/pages"}],"about":[{"href":"https:\/\/www.ylovephoto.com\/fr\/wp-json\/wp\/v2\/types\/page"}],"author":[{"embeddable":true,"href":"https:\/\/www.ylovephoto.com\/fr\/wp-json\/wp\/v2\/users\/1"}],"replies":[{"embeddable":true,"href":"https:\/\/www.ylovephoto.com\/fr\/wp-json\/wp\/v2\/comments?post=11749"}],"version-history":[{"count":0,"href":"https:\/\/www.ylovephoto.com\/fr\/wp-json\/wp\/v2\/pages\/11749\/revisions"}],"up":[{"embeddable":true,"href":"https:\/\/www.ylovephoto.com\/fr\/wp-json\/wp\/v2\/pages\/6933"}],"wp:featuredmedia":[{"embeddable":true,"href":"https:\/\/www.ylovephoto.com\/fr\/wp-json\/wp\/v2\/media\/11766"}],"wp:attachment":[{"href":"https:\/\/www.ylovephoto.com\/fr\/wp-json\/wp\/v2\/media?parent=11749"}],"curies":[{"name":"wp","href":"https:\/\/api.w.org\/{rel}","templated":true}]}}