{"id":12053,"date":"2013-04-11T18:33:48","date_gmt":"2013-04-11T16:33:48","guid":{"rendered":"http:\/\/ylovephoto.com\/fr\/?page_id=12053"},"modified":"2013-04-29T13:08:30","modified_gmt":"2013-04-29T11:08:30","slug":"nikon-d7100","status":"publish","type":"page","link":"https:\/\/www.ylovephoto.com\/fr\/reflex\/nikon\/nikon-d7100\/","title":{"rendered":"Nikon D7100"},"content":{"rendered":"<table class=\"right35_box\" border=\"0\">\n<tbody>\n<tr>\n<td>\n<h4>Tops Nikon D7100<\/h4>\n<\/td>\n<\/tr>\n<tr>\n<td>\n<ul>\n<li>Enregistrement vid\u00e9o HD 1080p, avec un mode autofocus continu pendant la prise de vue,<\/li>\n<li>Sensibilit\u00e9 \u00e9lev\u00e9e (images sans doute utilisables jusqu&rsquo;\u00e0 3200 ISO)<\/li>\n<\/ul>\n<\/td>\n<\/tr>\n<tr>\n<td>\n<h4>Flops Nikon D7100<\/h4>\n<\/td>\n<\/tr>\n<tr>\n<td>\n<li>Le buffer des rafales est vraiment limit\u00e9 : 5 images en Raw. Cela interdit l&rsquo;usage du D7100 en sport ou en photogrpahie animali\u00e8re, sauf exception rare.<\/li>\n<li>Les rafales ralentissent d&rsquo;une image par seconde quand on commence \u00e0 utiliser le format RAW<\/li>\n<li>L&rsquo;absence de filtre passe-bas devant le capteur cr\u00e9era-t-elle des probl\u00e8mes de moir\u00e9 (m\u00eame si le grand capteur du D800e semble indiquer que non) ?<\/li>\n<li>Est-ce que le D7100 remplace le D7000 ou il met aussi fin aux jours du D300s ? Le D400 appara\u00eetra sans plus tard dans l&rsquo;ann\u00e9e 2013.<\/li>\n<\/td>\n<\/tr>\n<\/tbody>\n<\/table>\n<h4>Caract\u00e9ristiques Nikon D7100<\/h4>\n<ul>\n<li>Capteur CMOS 24.1 MP au format DX (APS-C), pas de filtre passe-bas devant le capteur<\/li>\n<li>Sensibilit\u00e9 : 100-6400 ISO (ext. 25600 ISO)<\/li>\n<li>Obturateur : 30s \u00e0 1\/8000s<\/li>\n<li>Synchro Flash (X) \u00e0 1\/250s<\/li>\n<li>Rafales \u00e0 6 i\/s \u00e0 pleine r\u00e9solution ou 7i\/s en crop 1.3x (r\u00e9solution r\u00e9duite \u00e0 15.4 MP)<\/li>\n<li>Exposition par capteur \u00e0 2016 zones couleur<\/li>\n<li>D-Lighting et bracketing D-Lighting pour les sujets \u00e0 forts contraste<\/li>\n<li>Enregistrement vid\u00e9o : 1080 HD \u00e0 24\/25\/30\/50\/60 i\/s<\/li>\n<li>Autofocus \u00e0 39 points collimateurs (dont 15 capteurs en croix, et suivi 3D)<\/li>\n<li>Autofocus disponible \u00e0 f\/8 sur la capteur central<\/li>\n<li>Viseur : pentaprisme, \u00e0 couverture de 100%, grandissement 0.96x<\/li>\n<li>\u00c9cran LCD fixe 3.2&Prime; (8,2 cm) \u00e0 1.228.800 pixels<\/li>\n<li>Deux slots m\u00e9moire SD\/SDHC\/SDXC (utilisable comme r\u00e9serve de place, backup ou stockage s\u00e9par\u00e9 des NEF+JPEG ; les images peuvent \u00eatre copi\u00e9es entre les cartes)<\/li>\n<li>Flash int\u00e9gr\u00e9 NG 12 \u00e0 100 ISO<\/li>\n<li>USB 2.0<\/li>\n<li>HDMI output<\/li>\n<li>Entr\u00e9e micro st\u00e9r\u00e9o<\/li>\n<li>Batterie : EN-EL15 Lithium-Ion<\/li>\n<li>690g (780g avec la batterie et carte m\u00e9moire)<\/li>\n<\/ul>\n<h4>Prix officiel Nikon D7100<\/h4>\n<ul>\n<li>1149\u20ac \/ \u00a3xxx.99 \/ $1295 bo\u00eetier seul<\/li>\n<li>1349\u20ac \/ \u00a3xxx.99 \/ $1449 avec Nikon 18-105mm F4.5-5.6G VR<\/li>\n<li>\u00e0 partir de avril 2013<\/li>\n<li>Buy from Amazon: <a href=\"http:\/\/www.amazon.com\/gp\/product\/B003ZYF42C?ie=UTF8&amp;tag=yvesroumazeilles&amp;linkCode=as2&amp;camp=1789&amp;creative=390957&amp;creativeASIN=B003ZYF42C\">Nikon D3100 14.2MP Digital SLR Camera with 18-55mm f\/3.5-5.6 VR &amp; 55-200 f\/4-5.6G IF-ED AF-S DX VR Nikkor Zoom Lenses<\/a><img loading=\"lazy\" decoding=\"async\" style=\"border: none !important; margin: 0px !important;\" alt=\"\" src=\"http:\/\/www.assoc-amazon.com\/e\/ir?t=yvesroumazeilles&amp;l=as2&amp;o=1&amp;a=B003ZYF42C\" width=\"1\" height=\"1\" border=\"0\" \/><\/li>\n<li>Buy from B&amp;H: <a href=\"http:\/\/www.bhphotovideo.com\/c\/product\/735002-REG\/Nikon_25468_D7000_DSLR_Camera_Body_.html\/BI\/4603\/KBID\/5095\">Nikon D7000<\/a> (body only)<\/li>\n<li>Buy from B&amp;H: <a href=\"http:\/\/www.bhphotovideo.com\/c\/product\/735300-REG\/Nikon_25474_D7000_DSLR_Camera_Kit.html\/BI\/4603\/KBID\/5095\">Nikon D7000 DSLR Camera Kit with Nikon 18-105mm DX VR Lens<\/a><\/li>\n<\/ul>\n<p><span class=\"adf_shortcode\">[adfever type=\u00a0\u00bbproduct\u00a0\u00bb value=\u00a0\u00bb8007502&Prime;]<\/span><\/p>\n<figure id=\"attachment_12095\" aria-describedby=\"caption-attachment-12095\" style=\"width: 280px\" class=\"wp-caption alignright\"><a href=\"http:\/\/ylovephoto.com\/fr\/wp-content\/uploads\/2013\/04\/nikon_d7100_grip.jpg\"><img loading=\"lazy\" decoding=\"async\" src=\"http:\/\/ylovephoto.com\/fr\/wp-content\/uploads\/2013\/04\/nikon_d7100_grip-280x300.jpg\" alt=\"Nikon D7100\" width=\"280\" height=\"300\" class=\"size-medium wp-image-12095\" srcset=\"https:\/\/www.ylovephoto.com\/fr\/wp-content\/uploads\/2013\/04\/nikon_d7100_grip-280x300.jpg 280w, https:\/\/www.ylovephoto.com\/fr\/wp-content\/uploads\/2013\/04\/nikon_d7100_grip-480x514.jpg 480w, https:\/\/www.ylovephoto.com\/fr\/wp-content\/uploads\/2013\/04\/nikon_d7100_grip-235x251.jpg 235w, https:\/\/www.ylovephoto.com\/fr\/wp-content\/uploads\/2013\/04\/nikon_d7100_grip-75x80.jpg 75w, https:\/\/www.ylovephoto.com\/fr\/wp-content\/uploads\/2013\/04\/nikon_d7100_grip-350x374.jpg 350w, https:\/\/www.ylovephoto.com\/fr\/wp-content\/uploads\/2013\/04\/nikon_d7100_grip-220x235.jpg 220w, https:\/\/www.ylovephoto.com\/fr\/wp-content\/uploads\/2013\/04\/nikon_d7100_grip.jpg 505w\" sizes=\"auto, (max-width: 280px) 100vw, 280px\" \/><\/a><figcaption id=\"caption-attachment-12095\" class=\"wp-caption-text\">Nikon D7100 on battery grip<\/figcaption><\/figure>\n<h4>Tests et \u00e9valuations Nikon D7100<\/h4>\n<ul>\n<li>En fran\u00e7ais :\n<ul>\n<li>R\u00e9ponses Photo n\u00b0 254 mai 2013<\/li>\n<\/ul>\n<\/li>\n<li>In English:\n<ul>\n<li>DPreview: <a href=\"http:\/\/www.dpreview.com\/previews\/nikon-d7100\">preview<\/a> and review of the Nikon D7100<\/li>\n<li><a href=\"http:\/\/www.thephoblographer.com\/2013\/03\/18\/first-impressions-nikon-d7100\/\">Nikon D7100 first impressions<\/a> by ThePhoblographer<\/li>\n<li><iframe loading=\"lazy\" src=\"http:\/\/www.youtube.com\/embed\/OIvK7ixsiEY\" height=\"338\" width=\"600\" allowfullscreen=\"\" frameborder=\"0\"><\/iframe><\/li>\n<li><a href=\"http:\/\/www.bobatkins.com\/photography\/digital\/nikon_D7100.html\">Bob Atkins preview<\/a> of the Nikon D7100<\/li>\n<li><a href=\"http:\/\/www.dxomark.com\/index.php\/Publications\/DxOMark-Reviews\/Nikon-D7100-Update-to-popular-DSLR-drops-anti-alias-filter-for-sharper-images\">DXOmark tests the D7100<\/a><\/li>\n<li>Nikon <a href=\"http:\/\/imaging.nikon.com\/lineup\/dslr\/d7100\/sample.htm\">sample images for the D7100<\/a><\/li>\n<li>Digital Camera&rsquo;s <a href=\"http:\/\/www.digitalcameraworld.com\/2013\/04\/03\/nikon-d7100-review\/\">review of the D7100<\/a><\/li>\n<li>Tech Radar reviews the <a href=\"http:\/\/www.techradar.com\/reviews\/cameras-and-camcorders\/cameras\/digital-slrs-hybrids\/nikon-d7100-1132593\/review\">Nikon D7100<\/a>: Nikon gets a little more serious<\/li>\n<li><a href=\"http:\/\/www.photographyblog.com\/reviews\/nikon_d7100_review\/\">Nikon D7100 Review<\/a> at PhotogrpahyBLOG<\/li>\n<li><a href=\"http:\/\/www.kenrockwell.com\/nikon\/d7100.htm\">Ken Rockwell&rsquo;s review of Nikon D7100<\/a><\/li>\n<li><a href=\"http:\/\/nikonrumors.com\/2013\/02\/21\/nikon-d7100-vs-nikon-d7000-specifications-comparison.aspx\/\">Nikon D7100 vs. Nikon D7000 specifications comparison<\/a>, by NikonRumors<\/li>\n<li><a href=\"http:\/\/www.imaging-resource.com\/news\/2013\/02\/20\/nikon-D7100-launches-with-no-low-pass-filter-nikon-believes-moire-non-issue\">Nikon D7100 launches with no low-pass filter; Nikon believes moir\u00e9 no longer an issue<\/a> (Imaging Resource)<\/li>\n<\/ul>\n<\/li>\n<li>En espa\u00f1ol :\n<ul>\n<li><a href=\"http:\/\/www.quesabesde.com\/noticias\/nikon-d7100-analisis-muestras,1_9638\">Nikon D7100: primeras muestras<\/a> de QueSabesDe.com<\/li>\n<\/ul>\n<\/li>\n<li>W j\u0119zyku polskim:\n<ul>\n<li><a href=\"http:\/\/www.high-tech.banzaj.pl\/Nikon-D7100-nowoczesna-lustrzanka-dla-ambitnych-fotografow-65923.html\">Nikon D7100<\/a> &#8211; nowoczesna lustrzanka dla ambitnych fotograf\u00f3<\/li>\n<\/ul>\n<\/li>\n<\/ul>\n","protected":false},"excerpt":{"rendered":"<p>Tops Nikon D7100 Enregistrement vid\u00e9o HD 1080p, avec un mode autofocus continu pendant la prise de vue, Sensibilit\u00e9 \u00e9lev\u00e9e (images sans doute utilisables jusqu&rsquo;\u00e0 3200 ISO) Flops Nikon D7100 Le buffer des rafales est vraiment limit\u00e9 : 5 images en Raw. Cela interdit l&rsquo;usage du D7100 en sport ou en photogrpahie animali\u00e8re, sauf exception rare. [&hellip;]<\/p>\n","protected":false},"author":1,"featured_media":7736,"parent":6935,"menu_order":0,"comment_status":"open","ping_status":"open","template":"","meta":{"footnotes":""},"class_list":["post-12053","page","type-page","status-publish","has-post-thumbnail","hentry"],"_links":{"self":[{"href":"https:\/\/www.ylovephoto.com\/fr\/wp-json\/wp\/v2\/pages\/12053","targetHints":{"allow":["GET"]}}],"collection":[{"href":"https:\/\/www.ylovephoto.com\/fr\/wp-json\/wp\/v2\/pages"}],"about":[{"href":"https:\/\/www.ylovephoto.com\/fr\/wp-json\/wp\/v2\/types\/page"}],"author":[{"embeddable":true,"href":"https:\/\/www.ylovephoto.com\/fr\/wp-json\/wp\/v2\/users\/1"}],"replies":[{"embeddable":true,"href":"https:\/\/www.ylovephoto.com\/fr\/wp-json\/wp\/v2\/comments?post=12053"}],"version-history":[{"count":0,"href":"https:\/\/www.ylovephoto.com\/fr\/wp-json\/wp\/v2\/pages\/12053\/revisions"}],"up":[{"embeddable":true,"href":"https:\/\/www.ylovephoto.com\/fr\/wp-json\/wp\/v2\/pages\/6935"}],"wp:featuredmedia":[{"embeddable":true,"href":"https:\/\/www.ylovephoto.com\/fr\/wp-json\/wp\/v2\/media\/7736"}],"wp:attachment":[{"href":"https:\/\/www.ylovephoto.com\/fr\/wp-json\/wp\/v2\/media?parent=12053"}],"curies":[{"name":"wp","href":"https:\/\/api.w.org\/{rel}","templated":true}]}}