{"id":12118,"date":"2013-04-29T13:34:12","date_gmt":"2013-04-29T11:34:12","guid":{"rendered":"http:\/\/ylovephoto.com\/fr\/?page_id=12118"},"modified":"2013-05-27T21:37:16","modified_gmt":"2013-05-27T19:37:16","slug":"canon-eos-700d","status":"publish","type":"page","link":"https:\/\/www.ylovephoto.com\/fr\/reflex\/canon\/canon-eos-700d\/","title":{"rendered":"Canon EOS 700D"},"content":{"rendered":"<table class=\"right35_box\" border=\"0\">\n<tbody>\n<tr>\n<td>\n<h4>Tops du Canon EOS 700D<\/h4>\n<\/td>\n<\/tr>\n<tr>\n<td>\n<ul>\n<li>\u00c9cran LCD totalement orientable (vraiment utile pour la prise de vue en vid\u00e9o)<\/li>\n<\/ul>\n<\/td>\n<\/tr>\n<tr>\n<td>\n<h4>Flops du Canon EOS 700D<\/h4>\n<\/td>\n<\/tr>\n<tr>\n<td>\n<ul>\n<li>Pas vraiment mieux que le 650D (qui dispara\u00eet du march\u00e9)<\/li>\n<\/ul>\n<\/td>\n<\/tr>\n<\/tbody>\n<\/table>\n<p><P>A noter : le Canon EOS 700Dest \u00e9galement distribu\u00e9 aux USA sous le nom de <strong>Canon Rebel T5i<\/strong>, et au Japon et en Chine sous le nom de <strong>Canon Kiss X7i<\/strong>. Ce sont bien les m\u00eames appareils malgr\u00e9 ces noms diff\u00e9rents.<\/p>\n<h4>Caract\u00e9ristiques du Canon EOS 700D<\/h4>\n<ul>\n<li>Capteur CMOS 18 MP (APS-C)<\/li>\n<li>Vid\u00e9o full HD, avec aF en continu<\/li>\n<li>Processeur Digic V<\/li>\n<li>Sensibilit\u00e9 : 100 \u00e0 12800 ISO (ext. 25600 ISO)<\/li>\n<li>Autofocus \u00e0 9 zones<\/li>\n<li>Rafales \u00e0 5 images\/s<\/li>\n<li>\u00c9cran LCD 3&Prime; avec une r\u00e9solution de 1.040.000 points<\/li>\n<li>Poids : 570g<\/li>\n<\/ul>\n<h4>Prix officiel du Canon EOS 700D<\/h4>\n<ul>\n<li>EOS 700D : $749\/\u00a3679.00\/\u20ac819.00, boitier nu<\/li>\n<li>EOS 700D en kit avec le zoom 18-55 mm f\/3.5-5.6 IS II : \u00a3769.00\/\u20ac929.00<\/li>\n<li>EOS 700D en kit avec le zoom 18-135mm f\/3.5-5.6 IS : \u00a3949.00\/\u20ac1,149.00<\/li>\n<li>Disponible \u00e0 partir de d\u00e9but avril 2013<\/li>\n<li>Acheter sur <a href=\"http:\/\/www.amazon.fr\/gp\/redirect.html?ie=UTF8&#038;location=http%3A%2F%2Fwww.amazon.fr%2FBoutique-reflex-Content-Stores%2Fb%3Fie%3DUTF8%26node%3D682617011%26ref%255F%3Damb%255Flink%255F81396865%255F7&#038;tag=ylo-21&#038;linkCode=ur2&#038;camp=1642&#038;creative=19458\">Amazon<\/a><img loading=\"lazy\" decoding=\"async\" src=\"https:\/\/www.assoc-amazon.fr\/e\/ir?t=ylo-21&#038;l=ur2&#038;o=8\" width=\"1\" height=\"1\" border=\"0\" alt=\"\" style=\"border:none !important; margin:0px !important;\" \/><\/li>\n<li><a href=\"http:\/\/www.bhphotovideo.com\/search\/ss=Canon&#038;BI=4603&#038;KBID=5095\">Buy it from B&#038;H<\/a> (The Professional&rsquo;s Source)<\/li>\n<\/ul>\n<p><span class=\"adf_shortcode\">[adfever type=\u00a0\u00bbproduct\u00a0\u00bb value=\u00a0\u00bb2503104&Prime;]<\/span><\/p>\n<p><a name=\"tests\"><br \/>\n<a name=\"reviews\"><\/p>\n<h4>Tests et \u00e9valuations du Canon EOS 700D<\/h4>\n<ul>\n<li>En fran\u00e7ais :\n<ul>\n<li>Test chez R\u00e9ponses Photo n\u00b0 255 (juin 2013) : Canon EOS 700D, quoi de neuf ?<\/li>\n<\/ul>\n<\/li>\n<li>In English:\n<ul>\n<li>Bob Atkins: <a href=\"http:\/\/www.bobatkins.com\/photography\/digital\/EOS_rebel_T5i_vs_EOS_rebel_SL1.html\">Canon Rebel T5i (700D) and Sl1 (100D) &#8211; A closer look and preview<\/a><\/li>\n<li><a href=\"http:\/\/digital-photography-school.com\/canon-eos-700d-review\">Canon EOS 700D Review<\/a> by Barrie Smith, on Digital Photogrpahy School<\/li>\n<\/ul>\n<\/li>\n<li>En espa\u00f1ol :\n<ul>\n<li><a href=\"http:\/\/www.quesabesde.com\/noticias\/canon-eos-100d-700d-analisis-fotos-video,1_9628\">Canon EOS 100D y EOS 700D: toma de contacto<\/a> @ QueSabesDe.com<\/li>\n<\/ul>\n<\/li>\n<\/ul>\n","protected":false},"excerpt":{"rendered":"<p>Tops du Canon EOS 700D \u00c9cran LCD totalement orientable (vraiment utile pour la prise de vue en vid\u00e9o) Flops du Canon EOS 700D Pas vraiment mieux que le 650D (qui dispara\u00eet du march\u00e9) A noter : le Canon EOS 700Dest \u00e9galement distribu\u00e9 aux USA sous le nom de Canon Rebel T5i, et au Japon et [&hellip;]<\/p>\n","protected":false},"author":103,"featured_media":0,"parent":6933,"menu_order":0,"comment_status":"open","ping_status":"open","template":"","meta":{"footnotes":""},"class_list":["post-12118","page","type-page","status-publish","hentry"],"_links":{"self":[{"href":"https:\/\/www.ylovephoto.com\/fr\/wp-json\/wp\/v2\/pages\/12118","targetHints":{"allow":["GET"]}}],"collection":[{"href":"https:\/\/www.ylovephoto.com\/fr\/wp-json\/wp\/v2\/pages"}],"about":[{"href":"https:\/\/www.ylovephoto.com\/fr\/wp-json\/wp\/v2\/types\/page"}],"author":[{"embeddable":true,"href":"https:\/\/www.ylovephoto.com\/fr\/wp-json\/wp\/v2\/users\/103"}],"replies":[{"embeddable":true,"href":"https:\/\/www.ylovephoto.com\/fr\/wp-json\/wp\/v2\/comments?post=12118"}],"version-history":[{"count":0,"href":"https:\/\/www.ylovephoto.com\/fr\/wp-json\/wp\/v2\/pages\/12118\/revisions"}],"up":[{"embeddable":true,"href":"https:\/\/www.ylovephoto.com\/fr\/wp-json\/wp\/v2\/pages\/6933"}],"wp:attachment":[{"href":"https:\/\/www.ylovephoto.com\/fr\/wp-json\/wp\/v2\/media?parent=12118"}],"curies":[{"name":"wp","href":"https:\/\/api.w.org\/{rel}","templated":true}]}}