{"id":12162,"date":"2013-04-29T14:04:44","date_gmt":"2013-04-29T12:04:44","guid":{"rendered":"http:\/\/ylovephoto.com\/fr\/?page_id=12162"},"modified":"2013-05-14T18:13:59","modified_gmt":"2013-05-14T16:13:59","slug":"canon-eos-6d","status":"publish","type":"page","link":"https:\/\/www.ylovephoto.com\/fr\/reflex\/canon\/canon-eos-6d\/","title":{"rendered":"Canon EOS 6D"},"content":{"rendered":"<table class=\"right35_box\" border=\"0\">\n<tbody>\n<tr>\n<td><strong><span style=\"color: #800000;\">Tops du Canon EOS 6D<\/span><\/strong><\/td>\n<\/tr>\n<tr>\n<td>\n<ul>\n<li>Belle sensibilit\u00e9 en basse lumi\u00e8re<\/li>\n<li>Autofocus de haute sensibilti\u00e9 (zone centrale en croix \u00e0 f\/8)<\/li>\n<li>Obturateur tr\u00e8s silencieux<\/li>\n<\/ul>\n<\/td>\n<\/tr>\n<tr>\n<td><strong><span style=\"color: #800000;\">Flops du Canon EOS 6D<\/span><\/strong><\/td>\n<\/tr>\n<tr>\n<td>\n<ul>\n<li>Seulement 11 zones AF<\/li>\n<li>Seulement un slot de carte SD<\/li>\n<li>Seulement un microphone mono (pas de st\u00e9r\u00e9o) et pas de prise micro externe<\/li>\n<li>Pas de flash int\u00e9gr\u00e9, m\u00eame pour la commande de flashes externes<\/li>\n<li>Attention \u00e0 la faible dur\u00e9e de vie de la batterie si vous utilisez le GPS int\u00e9gr\u00e9 !<\/li>\n<\/ul>\n<\/td>\n<\/tr>\n<\/tbody>\n<\/table>\n<h4>Caract\u00e9ristiques du Canon EOS 6D<\/h4>\n<ul>\n<li>Capteur CMOS 20,2 m\u00e9ga-pixels<\/li>\n<li>Sensibilit\u00e9 : 100-25600 ISO (ext. 50-102400 ISO)<\/li>\n<li>Autofocus : 11 zones<\/li>\n<li>Mode d&rsquo;enregistrement vid\u00e9o Full-HD 1080p \u00e0 30i\/s et 720p \u00e0 60i\/s<\/li>\n<li>Rafales : 4,5 images\/s<\/li>\n<li>Obturateur : 30s \u00e0 1\/4000s<\/li>\n<li>\u00c9cran LCD 3&Prime; (1040k pixels)<\/li>\n<li>Viseur : 97% de couverture (grossissement x0,71)<\/li>\n<li>Simple slot m\u00e9moire : SD<\/li>\n<li>Construction tropicalis\u00e9e<\/li>\n<li>770g<\/li>\n<\/ul>\n<h4>Prix officiel du Canon EOS 6D<\/h4>\n<ul>\n<li>US : $3500, Europe : \u20ac3299, UK : \u00a3xxxx<\/li>\n<li>A partir de fin mars 2012<\/li>\n<li>Acheter sur <a href=\"http:\/\/www.amazon.fr\/gp\/redirect.html?ie=UTF8&#038;location=http%3A%2F%2Fwww.amazon.fr%2FBoutique-reflex-Content-Stores%2Fb%3Fie%3DUTF8%26node%3D682617011%26ref%255F%3Damb%255Flink%255F81396865%255F7&#038;tag=ylo-21&#038;linkCode=ur2&#038;camp=1642&#038;creative=19458\">Amazon<\/a><img loading=\"lazy\" decoding=\"async\" src=\"https:\/\/www.assoc-amazon.fr\/e\/ir?t=ylo-21&#038;l=ur2&#038;o=8\" width=\"1\" height=\"1\" border=\"0\" alt=\"\" style=\"border:none !important; margin:0px !important;\" \/><\/li>\n<li><a href=\"http:\/\/www.bhphotovideo.com\/search\/ss=Canon&#038;BI=4603&#038;KBID=5095\">Buy it from B&#038;H<\/a> (The Professional&rsquo;s Source)<\/li>\n<\/ul>\n<p><span class=\"adf_shortcode\">[adfever type=\u00a0\u00bbproduct\u00a0\u00bb value=\u00a0\u00bb10475999&Prime;]<\/span><\/p>\n<p><img loading=\"lazy\" decoding=\"async\" src=\"http:\/\/ylovephoto.com\/en\/wp-content\/uploads\/2012\/03\/canon-eos-5d-mark-iii-af.png\" alt=\"Canon EOS 5D MkIII autofocus\" title=\"canon-eos-5d-mark-iii-af\" width=\"212\" height=\"132\" class=\"alignright size-full wp-image-11549\" \/><\/p>\n<h4>Tests et \u00e9valuations du Canon EOS 6D<\/h4>\n<ul>\n<li>En fran\u00e7ais :\n<ul>\n<li><a href=\"http:\/\/www.tomsguide.fr\/article\/Canon-EOS-6D-fullframe,2-888.html\">Canon EOS 6D : le test du bo\u00eetier expert plein format<\/a> (Tom&rsquo;s Guide)<\/li>\n<li><a href=\"http:\/\/www.lesnumeriques.com\/appareil-photo-numerique\/canon-eos-6d-p14469\/canon-eos-6d-test-complet-sur-focus-numerique-n28672.html\">Canon EOS 6D<\/a> : test complet sur Focus Num\u00e9rique <\/li>\n<li><a href=\"http:\/\/blog.darth.ch\/2013\/02\/21\/test-terrain-canon-eos-6d\/\">Test terrain: Canon EOS 6D<\/a> &#8211; Le plus petit des grands&#8230;<\/li>\n<li><a href=\"http:\/\/www.photoreview.fr\/canon-eos-6d-le-test-complet\/\">Canon EOS 6D : le test complet<\/a>, par PhotoReview<\/li>\n<li>Chasseur d&rsquo;Images n\u00b0XXX &#8211; Mai 2013<\/li>\n<\/ul>\n<\/li>\n<li>In English:\n<ul>\n<li>DPreview: <a href=\"http:\/\/www.dpreview.com\/reviews\/canon-eos-6d\/\">Canon EOS 6D<\/a><\/li>\n<li>Camera Labs: <a href=\"http:\/\/www.cameralabs.com\/reviews\/Canon_EOS_6D\/\">Canon EOS 6D review<\/a><\/li>\n<li><a href=\"http:\/\/www.kenrockwell.com\/canon\/6d.htm\">Canon EOS 6D review<\/a>, by Ken Rockwell<\/li>\n<li><a href=\"http:\/\/www.t3.com\/reviews\/canon-eos-6d-review\">Canon EOS 6D review<\/a>, by T3<\/li>\n<li>CNET reviews the <a href=\"http:\/\/www.cnet.com.au\/canon-eos-6d-339341546.htm\">Canon eOS 6D<\/a><\/li>\n<li>Graham Clark Photography: <a href=\"http:\/\/www.grahamclarkphoto.com\/review-canon-eos-6d\/\">CAnon EOS 6D<\/a><\/li>\n<li>ePhotoZine: <a href=\"http:\/\/www.ephotozine.com\/article\/canon-eos-6d-vs-nikon-d600-dslr-comparison-review-21324\">Canon EOS 6D vs Nikon D600 DSLR Comparison Review<\/a><\/li>\n<li>Camera Review: <a href=\"http:\/\/www.pdnonline.com\/gear\/Camera-Review-Canon-7675.shtml\">Canon EOS 6D<\/a> @ PDN<\/li>\n<li><a href=\"http:\/\/www.photographyblog.com\/reviews\/canon_eos_6d_review\/\">Canon EOS 6D Review<\/a>, by Photography Blog<\/li>\n<li>\u00dcberGizmo: <a href=\"http:\/\/www.ubergizmo.com\/2013\/04\/canon-eos-6d-hands-on-review\/\">Canon EOS 6D Hands-On Review<\/a><\/li>\n<li>PCpro: <a href=\"http:\/\/www.pcpro.co.uk\/reviews\/digital-cameras\/379489\/canon-eos-6d\">Canon EOS 6D review<\/a><\/li>\n<li><a href=\"http:\/\/www.the-digital-picture.com\/Reviews\/Canon-EOS-6D-Digital-SLR-Camera-Review.aspx\">Canon EOS 6D Review<\/a> (The digital Picture)<\/li>\n<li>Michael Stringer: <a href=\"http:\/\/www.michaelstringer.co.uk\/blog\/?p=52\">Canon 6D real-world review<\/a> (and brief comparison to 5D Mark III and Fuji XE-1)<\/li>\n<li>Gizmodo: <a href=\"http:\/\/gizmodo.com\/5970624\/canon-eos-6d-review-beautiful-full+frame-stills-crummy-full+frame-video\">Canon EOS 6D Review<\/a>: Beautiful Full-Frame Stills, Crummy Full-Frame Video<\/li>\n<li><a href=\"http:\/\/cameradojo.com\/2012\/09\/18\/canon-eos-6d-vs-nikon-d600-battle-of-the-budget-full-frames\/\">Canon EOS 6D vs Nikon D600<\/a> \u2013 Battle of the Budget Full Frames<\/li>\n<li>Canon EOS 6D <a href=\"http:\/\/web.canon.jp\/imaging\/eosd\/samples\/eos6d\/\">High Resolution Photo and Video Samples<\/a><\/li>\n<li><a href=\"http:\/\/www.engadget.com\/2012\/09\/17\/canon-eos-6d-hands-on\/\">Canon EOS 6D full-frame DSLR hands-on<\/a> (video)<\/li>\n<li><a href=\"http:\/\/theonlinephotographer.typepad.com\/the_online_photographer\/2013\/05\/impressions-of-the-canon-6d.html\">Impressions of the Canon 6D<\/a>: The Online Photographer<\/li>\n<\/ul>\n<\/li>\n<\/ul>\n<\/li>\n<li>En espa\u00f1ol :\n<ul>\n<li>QueSabesDe : <a href=\"http:\/\/www.quesabesde.com\/noticias\/canon-eos-6d-nikon-d600-analisis-fotos-videos,1_9112\">Canon EOS 6D y Nikon D600: toma de contacto<\/a><\/li>\n<\/ul>\n<\/li>\n<\/ul>\n","protected":false},"excerpt":{"rendered":"<p>Tops du Canon EOS 6D Belle sensibilit\u00e9 en basse lumi\u00e8re Autofocus de haute sensibilti\u00e9 (zone centrale en croix \u00e0 f\/8) Obturateur tr\u00e8s silencieux Flops du Canon EOS 6D Seulement 11 zones AF Seulement un slot de carte SD Seulement un microphone mono (pas de st\u00e9r\u00e9o) et pas de prise micro externe Pas de flash int\u00e9gr\u00e9, [&hellip;]<\/p>\n","protected":false},"author":103,"featured_media":12166,"parent":6933,"menu_order":0,"comment_status":"open","ping_status":"open","template":"","meta":{"footnotes":""},"class_list":["post-12162","page","type-page","status-publish","has-post-thumbnail","hentry"],"_links":{"self":[{"href":"https:\/\/www.ylovephoto.com\/fr\/wp-json\/wp\/v2\/pages\/12162","targetHints":{"allow":["GET"]}}],"collection":[{"href":"https:\/\/www.ylovephoto.com\/fr\/wp-json\/wp\/v2\/pages"}],"about":[{"href":"https:\/\/www.ylovephoto.com\/fr\/wp-json\/wp\/v2\/types\/page"}],"author":[{"embeddable":true,"href":"https:\/\/www.ylovephoto.com\/fr\/wp-json\/wp\/v2\/users\/103"}],"replies":[{"embeddable":true,"href":"https:\/\/www.ylovephoto.com\/fr\/wp-json\/wp\/v2\/comments?post=12162"}],"version-history":[{"count":0,"href":"https:\/\/www.ylovephoto.com\/fr\/wp-json\/wp\/v2\/pages\/12162\/revisions"}],"up":[{"embeddable":true,"href":"https:\/\/www.ylovephoto.com\/fr\/wp-json\/wp\/v2\/pages\/6933"}],"wp:featuredmedia":[{"embeddable":true,"href":"https:\/\/www.ylovephoto.com\/fr\/wp-json\/wp\/v2\/media\/12166"}],"wp:attachment":[{"href":"https:\/\/www.ylovephoto.com\/fr\/wp-json\/wp\/v2\/media?parent=12162"}],"curies":[{"name":"wp","href":"https:\/\/api.w.org\/{rel}","templated":true}]}}