{"id":12192,"date":"2013-05-15T19:21:21","date_gmt":"2013-05-15T17:21:21","guid":{"rendered":"http:\/\/ylovephoto.com\/fr\/?page_id=12192"},"modified":"2014-03-24T15:55:47","modified_gmt":"2014-03-24T13:55:47","slug":"sony-alpha-58","status":"publish","type":"page","link":"https:\/\/www.ylovephoto.com\/fr\/reflex\/sony\/sony-alpha-58\/","title":{"rendered":"Sony Alpha 58"},"content":{"rendered":"<table class=\"right35_box\" border=\"0\">\n<tbody>\n<tr>\n<td>\n<h4>Tops du Sony SLT-A58<\/h4>\n<\/td>\n<\/tr>\n<tr>\n<td>\n<ul>\n<li>Autofocus rapide en mode LiveView et en mode normal, \u00e9galement applicable en vid\u00e9o<\/li>\n<li>\u00c9cran LCD orientable (dans toutes les directions)<\/li>\n<\/ul>\n<\/td>\n<\/tr>\n<tr>\n<td>\n<h4>Flops du Sony SLT-A58<\/h4>\n<\/td>\n<\/tr>\n<tr>\n<td>\n<ul>\n<li>Mini-flop : la cadence de 8 images\/s reste limit\u00e9e en AF et contr\u00f4les<\/li>\n<\/ul>\n<\/td>\n<\/tr>\n<\/tbody>\n<\/table>\n<h4>Caract\u00e9ristiques du Sony SLT-A58<\/h4>\n<ul>\n<li>Capteur CMOS APS-C \u00e0 20.1 MP<\/li>\n<li>Sensibilit\u00e9 : 100-16000 ISO<\/li>\n<li>Exposition mesur\u00e9e par une matrice \u00e0 1200 zones<\/li>\n<li>Dynamic Range Optimization (DRO) pour assurer une excellente exposition dans les sc\u00e8nes \u00e0 fort contraste<\/li>\n<li>Vitesse 30s &#8211; 1\/4000s (synchro flash \u00e0 1\/160s)<\/li>\n<li>Processeur d&rsquo;image BIONZ<\/li>\n<li>Nettoyage du capteur par vibration<\/li>\n<li>Rafales : <strong>5 image\/s<\/strong> en priorit\u00e9 \u00e0 la vitesse \/ <strong>8 images\/s<\/strong> en mode image \u00e0 r\u00e9solution r\u00e9duite<\/li>\n<li>Stabilisation d&rsquo;image par d\u00e9placement du capteur (dans le bo\u00eetier)<\/li>\n<li>Viseur \u00c9lectronique : couverture 100%, grandissement x1.1, Eye-point 19mm, r\u00e9solution 1,440,000 points<\/li>\n<li>Viseur \u00c9lectronique avec niveau\/horizon<\/li>\n<li>Syst\u00e8me autofocus \u00e0 15 points (avec 3 croix)<\/li>\n<li>Mode enregistrement vid\u00e9o HD (Full HD AVCHD : 1920x1080i\/ 24Mbps, ou 17Mbps (50 ou 25p) ; HD MP4 : 1440x1080p \/ 12 Mbps \/ 25 im\/s ; VGA : 640&#215;480 \/ 3 Mbps \/ 25 im\/s)<\/li>\n<li>Mode LiveView<\/li>\n<li>Quick AF LiveView, pour fournir un autofocus rapide en mode LiveView et en mode vid\u00e9o<\/li>\n<li>Mode LiveView<\/li>\n<li>D\u00e9tection de visages<\/li>\n<li>Mode Panorama par balayage (Sweep Panorama)<\/li>\n<li>Sorties HDMI and micro USB 2.0<\/li>\n<li>\u00c9cran LCD arri\u00e8re <strong>orientable<\/strong> de 3&Prime; (460 800 pixels)<\/li>\n<li>Flash : Popup avec un NG 10<\/li>\n<li>Double slot m\u00e9moire : compatible avec Memory Stick PRO Duo\/PRO-HG Duo et carte SD\/SDHC\/SDXC<\/li>\n<li>Poids : 492g<\/li>\n<\/ul>\n<h4>Prix officiel du Sony SLT-A58<\/h4>\n<ul>\n<li>499\u20ac \/ $499 \/ \u00a3449 (bo\u00eetier seul)<\/li>\n<li>529\u20ac \/ $598 \/ \u00a3549 en kit avec le zoom 18-55mm<\/li>\n<li>\u00e0 partir d&rsquo;avril 2013<\/li>\n<li>Acheter sur <a href=\"http:\/\/www.amazon.fr\/gp\/redirect.html?ie=UTF8&#038;location=http%3A%2F%2Fwww.amazon.fr%2FBoutique-reflex-Content-Stores%2Fb%3Fie%3DUTF8%26node%3D682617011%26ref%255F%3Damb%255Flink%255F81396865%255F7&#038;tag=ylo-21&#038;linkCode=ur2&#038;camp=1642&#038;creative=19458\">Amazon<\/a><img loading=\"lazy\" decoding=\"async\" src=\"https:\/\/www.assoc-amazon.fr\/e\/ir?t=ylo-21&#038;l=ur2&#038;o=8\" width=\"1\" height=\"1\" border=\"0\" alt=\"\" style=\"border:none !important; margin:0px !important;\" \/><\/li>\n<li><a href=\"http:\/\/www.bhphotovideo.com\/search\/ss=Sony&#038;BI=4603&#038;KBID=5095\">Buy it from B&#038;H<\/a> (The Professional&rsquo;s Source)<\/li>\n<\/ul>\n<p><span class=\"adf_shortcode\">[adfever type=\u00a0\u00bbproduct\u00a0\u00bb value=\u00a0\u00bb11418173&Prime;]<\/span><\/p>\n<h4>Tests et \u00e9valuations du Sony SLT-A58<\/h4>\n<ul>\n<li>En fran\u00e7ais :\n<ul>\n<li><\/li>\n<\/ul>\n<\/li>\n<li>In English:\n<ul>\n<li>ePhotoZine <a href=\"http:\/\/www.ephotozine.com\/article\/sony-alpha-a58-digital-slt-review-21878\">review of the A58<\/a><\/li>\n<li><a href=\"http:\/\/www.techradar.com\/reviews\/cameras-and-camcorders\/cameras\/digital-slrs-hybrids\/sony-alpha-a58-1131934\/review\">TechRadar preview<\/a>of the Sony SLT-A58<\/li>\n<li><a href=\"http:\/\/www.pocket-lint.com\/news\/49949\/sony-alpha-a58-slt-dslr-camera-pictures-and-hands-on\">Pocket-Lint preview of the Sony SLT-A58<\/a><\/li>\n<li>Photo Answers <a href=\"http:\/\/www.photoanswers.co.uk\/Gear\/Search-Results\/Cameras\/Sony-a58-\/\" title=\"Photo Answers\">Gear Reviews &#8211; Sony a58<\/a><\/li>\n<li>Imaging Resource: <a href=\"http:\/\/www.imaging-resource.com\/news\/2013\/08\/16\/sony-a58-review-images-one-reason-a58-ranks-among-best-dslr-for-beginners\" title=\"Imaging Resource\">Sony A58 review: Stellar image quality just one reason we think the A58 ranks among the best DSLRs for beginners<\/a><\/li>\n<\/ul>\n<\/li>\n<li>En espa\u00f1ol :\n<ul>\n<li><\/li>\n<\/ul>\n<\/li>\n<li>Japanese :\n<ul>\n<li><\/li>\n<\/ul>\n<\/li>\n<\/ul>\n<p><a name=\"technology\"><\/p>\n<h4>Technologie<\/h4>\n<p><\/a><\/p>\n","protected":false},"excerpt":{"rendered":"<p>Tops du Sony SLT-A58 Autofocus rapide en mode LiveView et en mode normal, \u00e9galement applicable en vid\u00e9o \u00c9cran LCD orientable (dans toutes les directions) Flops du Sony SLT-A58 Mini-flop : la cadence de 8 images\/s reste limit\u00e9e en AF et contr\u00f4les Caract\u00e9ristiques du Sony SLT-A58 Capteur CMOS APS-C \u00e0 20.1 MP Sensibilit\u00e9 : 100-16000 ISO [&hellip;]<\/p>\n","protected":false},"author":1,"featured_media":0,"parent":6937,"menu_order":0,"comment_status":"open","ping_status":"closed","template":"","meta":{"footnotes":""},"class_list":["post-12192","page","type-page","status-publish","hentry"],"_links":{"self":[{"href":"https:\/\/www.ylovephoto.com\/fr\/wp-json\/wp\/v2\/pages\/12192","targetHints":{"allow":["GET"]}}],"collection":[{"href":"https:\/\/www.ylovephoto.com\/fr\/wp-json\/wp\/v2\/pages"}],"about":[{"href":"https:\/\/www.ylovephoto.com\/fr\/wp-json\/wp\/v2\/types\/page"}],"author":[{"embeddable":true,"href":"https:\/\/www.ylovephoto.com\/fr\/wp-json\/wp\/v2\/users\/1"}],"replies":[{"embeddable":true,"href":"https:\/\/www.ylovephoto.com\/fr\/wp-json\/wp\/v2\/comments?post=12192"}],"version-history":[{"count":0,"href":"https:\/\/www.ylovephoto.com\/fr\/wp-json\/wp\/v2\/pages\/12192\/revisions"}],"up":[{"embeddable":true,"href":"https:\/\/www.ylovephoto.com\/fr\/wp-json\/wp\/v2\/pages\/6937"}],"wp:attachment":[{"href":"https:\/\/www.ylovephoto.com\/fr\/wp-json\/wp\/v2\/media?parent=12192"}],"curies":[{"name":"wp","href":"https:\/\/api.w.org\/{rel}","templated":true}]}}