{"id":12335,"date":"2014-03-05T17:08:35","date_gmt":"2014-03-05T15:08:35","guid":{"rendered":"http:\/\/ylovephoto.com\/fr\/?page_id=12335"},"modified":"2014-03-07T12:38:55","modified_gmt":"2014-03-07T10:38:55","slug":"canon-eos-70d","status":"publish","type":"page","link":"https:\/\/www.ylovephoto.com\/fr\/reflex\/canon\/canon-eos-70d\/","title":{"rendered":"Canon EOS 70D"},"content":{"rendered":"<table class=\"right35_box\" border=\"0\">\n<tbody>\n<tr>\n<td>\n<h4>Tops Canon 70D<\/h4>\n<\/td>\n<\/tr>\n<tr>\n<td>\n<ul>\n<li>Technologie dual-pixel pour un excellent AF en vid\u00e9o et LiveView<\/li>\n<li>AF rapide<\/li>\n<li>WiFi int\u00e9gr\u00e9<\/li>\n<\/ul>\n<\/td>\n<\/tr>\n<tr>\n<td>\n<h4>Flops Canon 70D<\/h4>\n<\/td>\n<\/tr>\n<tr>\n<td>\n<ul>\n<li>Seulement 20 M-pixels<\/li>\n<\/ul>\n<\/td>\n<\/tr>\n<\/tbody>\n<\/table>\n<h4>Caract\u00e9ristiques Canon 70D<\/h4>\n<ul>\n<li>Capteur CMOS 20.2 Mpx, APS-C (x1,6)<\/li>\n<li>Rafales 7i\/s<\/li>\n<li>AF : 19 points (en croix)<\/li>\n<li>Sensibilit\u00e9 ISO :\t100 &#8211; 12800 ISO (ext. 77,5-25.600 ISO)<\/li>\n<li>Vid\u00e9o :\t1920 x 1080 pixels,30 i\/s, St\u00e9r\u00e9o<\/li>\n<li>\u00c9cran :\t7.7 cm, non TN, 1040000 points<\/li>\n<li>Batterie Li-Ion LP-E6<\/li>\n<li>Poids : 755 g<\/li>\n<\/ul>\n<h4>Prix officiel Canon 70D<\/h4>\n<ul>\n<li>979\u20ac \/ $1099 (boitier nu)<\/li>\n<li>Acheter sur <a href=\"http:\/\/clk.tradedoubler.com\/click?p=44380&#038;a=1587422&#038;g=16423180&#038;url=http:\/\/online.carrefour.fr\/photo-video\/appareil-photo-numerique-compact\/\">Carrefour online<\/a><\/li>\n<li>Buy from <a href=\"http:\/\/www.amazon.fr\/gp\/gc?&#038;tag=ylo-21\">Amazon.com<\/a><\/li>\n<\/ul>\n<h4>Tests et \u00e9valuations Canon 70D<\/h4>\n<ul>\n<li>En fran\u00e7ais :\n<ul>\n<li>Chasseur d&rsquo;Images n\u00b0 xxx &#8211; Xxxxxx 2013<\/li>\n<li>R\u00e9ponses photo n\u00b0 xxx &#8211; Xxxxxx 2013<\/li>\n<\/ul>\n<\/li>\n<li>In English:\n<ul>\n<li>DP Review <a href=\"http:\/\/www.dpreview.com\/reviews\/canon-eos-70d\" title=\"DP Review\">hands-on review<\/a> of the Canon EOS 70D<\/li>\n<li><a href=\"http:\/\/www.imaging-resource.com\/news\/2013\/07\/02\/canon-70d-review-can-this-dslr-change-autofocus-forever-we-go-hands-on\" title=\"Imaging Resource\">Canon 70D review: Can this new DSLR change autofocus forever?<\/a> (Imaging Resource \/ hands on)<\/li>\n<li><a href=\"http:\/\/www.imaging-resource.com\/news\/2013\/08\/02\/canon-70d-first-shots-posted\" title=\"Imaging Resource\">Canon 70D First Shots posted: How does the summer\u2019s hottest DSLR stack up?<\/a> (Imaging Resource \/ first shots)<\/li>\n<li>DxOMark review: <a href=\"http:\/\/www.dxomark.com\/Reviews\/Canon-EOS-70D-review-how-does-the-new-dual-pixel-CMOS-AF-sensor-perform\" title=\"DxOMark\">How does the new dual pixel CMOS AF sensor perform?<\/a> (compared to Sony SLT A77)<\/li>\n<li>DxOMark review: <a href=\"http:\/\/www.dxomark.com\/Reviews\/Best-lenses-for-the-Canon-EOS-70D\/Part-1-STM-series\" title=\"DxOMark\">Best lenses for the Canon EOS 70D<\/a><\/li>\n<li>The Digital Picture: <a href=\"http:\/\/www.the-digital-picture.com\/Reviews\/Canon-EOS-70D.aspx\" title=\"The Digital Picture\">Canon EOS 70D Review<\/a><\/li>\n<li><a href=\"http:\/\/www.techradar.com\/reviews\/cameras-and-camcorders\/cameras\/digital-slrs-hybrids\/canon-eos-70d-1162746\/review\" title=\"TechRadar\">Canon&rsquo;s most enthusiast-friendly APS-C SLR to date<\/a> (Tech Radar)<\/li>\n<li>Engadget: <a href=\"http:\/\/www.engadget.com\/2013\/07\/02\/canon-70d-hands-on\/\" title=\"Engadget\">Canon reinvents video focusing with the fiercely fast EOS 70D (hands-on)<\/a><\/li>\n<li>PCMag Hands On: <a href=\"http:\/\/www.pcmag.com\/article2\/0,2817,2421244,00.asp\" title=\"PC Mag\">Canon EOS 70D Features Smooth Video Autofocus<\/a><\/li>\n<li>C|Net: <a href=\"http:\/\/reviews.cnet.com\/digital-cameras\/canon-eos-70d-with\/4505-6501_7-35811200.html\" title=\"C|net\">A fast camera, but not for pixel peepers<\/a><\/li>\n<li>Digital Photography School: <a href=\"http:\/\/digital-photography-school.com\/canon-eos-70d-review\" title=\"Digital Photography School - Canon EOS 70D\">Canon EOS 70D Review<\/a><\/li>\n<li><a href=\"http:\/\/petapixel.com\/2013\/10\/28\/review-canon-eos-70d-sets-phase-detection-stun\/\" title=\"PetaPixel\">The Canon EOS 70D Sets Its Phase Detection to Stun<\/a> (PetaPixel)<\/li>\n<\/ul>\n<\/li>\n<li>En espa\u00f1ol :\n<ul>\n<li>Canon EOS 70D: <a href=\"http:\/\/www.quesabesde.com\/noticias\/canon-eos-70d-analisis-fotos_9901\" title=\"QueSabesDe\">toma de contacto<\/a>(QueSabesDe)<\/li>\n<\/ul>\n<\/li>\n<\/ul>\n<h4>Technologie : Autofocus \u00e0 double pixels<\/h4>\n<p><center><\/p>\n<p><iframe loading=\"lazy\" width=\"600\" height=\"337\" src=\"http:\/\/www.youtube.com\/embed\/X4TffRSFSwo?feature=oembed\" frameborder=\"0\" allowfullscreen><\/iframe><\/p>\n<p><iframe loading=\"lazy\" width=\"600\" height=\"337\" src=\"http:\/\/www.youtube.com\/embed\/bVAIEdwfj78?feature=oembed\" frameborder=\"0\" allowfullscreen><\/iframe><\/p>\n<p><iframe loading=\"lazy\" width=\"600\" height=\"337\" src=\"http:\/\/www.youtube.com\/embed\/nF9pmqEN3bE?feature=oembed\" frameborder=\"0\" allowfullscreen><\/iframe><\/p>\n<p><iframe loading=\"lazy\" width=\"600\" height=\"337\" src=\"http:\/\/www.youtube.com\/embed\/DjH4Inox4YA?feature=oembed\" frameborder=\"0\" allowfullscreen><\/iframe><\/p>\n<p><\/center><\/p>\n","protected":false},"excerpt":{"rendered":"<p>Tops Canon 70D Technologie dual-pixel pour un excellent AF en vid\u00e9o et LiveView AF rapide WiFi int\u00e9gr\u00e9 Flops Canon 70D Seulement 20 M-pixels Caract\u00e9ristiques Canon 70D Capteur CMOS 20.2 Mpx, APS-C (x1,6) Rafales 7i\/s AF : 19 points (en croix) Sensibilit\u00e9 ISO : 100 &#8211; 12800 ISO (ext. 77,5-25.600 ISO) Vid\u00e9o : 1920 x 1080 [&hellip;]<\/p>\n","protected":false},"author":103,"featured_media":0,"parent":6933,"menu_order":0,"comment_status":"open","ping_status":"closed","template":"","meta":{"footnotes":""},"class_list":["post-12335","page","type-page","status-publish","hentry"],"_links":{"self":[{"href":"https:\/\/www.ylovephoto.com\/fr\/wp-json\/wp\/v2\/pages\/12335","targetHints":{"allow":["GET"]}}],"collection":[{"href":"https:\/\/www.ylovephoto.com\/fr\/wp-json\/wp\/v2\/pages"}],"about":[{"href":"https:\/\/www.ylovephoto.com\/fr\/wp-json\/wp\/v2\/types\/page"}],"author":[{"embeddable":true,"href":"https:\/\/www.ylovephoto.com\/fr\/wp-json\/wp\/v2\/users\/103"}],"replies":[{"embeddable":true,"href":"https:\/\/www.ylovephoto.com\/fr\/wp-json\/wp\/v2\/comments?post=12335"}],"version-history":[{"count":0,"href":"https:\/\/www.ylovephoto.com\/fr\/wp-json\/wp\/v2\/pages\/12335\/revisions"}],"up":[{"embeddable":true,"href":"https:\/\/www.ylovephoto.com\/fr\/wp-json\/wp\/v2\/pages\/6933"}],"wp:attachment":[{"href":"https:\/\/www.ylovephoto.com\/fr\/wp-json\/wp\/v2\/media?parent=12335"}],"curies":[{"name":"wp","href":"https:\/\/api.w.org\/{rel}","templated":true}]}}