{"id":12363,"date":"2014-03-12T17:13:47","date_gmt":"2014-03-12T15:13:47","guid":{"rendered":"http:\/\/ylovephoto.com\/fr\/?page_id=12363"},"modified":"2014-03-24T16:04:26","modified_gmt":"2014-03-24T14:04:26","slug":"nikon-d4s","status":"publish","type":"page","link":"https:\/\/www.ylovephoto.com\/fr\/reflex\/nikon\/nikon-d4s\/","title":{"rendered":"Nikon D4s"},"content":{"rendered":"<table class=\"right35_box\" border=\"0\">\n<tbody>\n<tr>\n<td>\n<h4>Tops Nikon D4s<\/h4>\n<\/td>\n<\/tr>\n<tr>\n<td>\n<ul>\n<li>Appareil photo vraiment rapide, AF vraiment rapide<\/li>\n<li>Sensibilit\u00e9 jusqu&rsquo;\u00e0 409.600 ISO<\/li>\n<\/ul>\n<\/td>\n<\/tr>\n<tr>\n<td>\n<h4>Flops Nikon D4s<\/h4>\n<\/td>\n<\/tr>\n<tr>\n<td>\n<ul>\n<li>Prix r\u00e9serv\u00e9 aux pros<\/li>\n<li>Poids<\/li>\n<\/ul>\n<\/td>\n<\/tr>\n<\/tbody>\n<\/table>\n<h4>Caract\u00e9ristiques Nikon D4s<\/h4>\n<ul>\n<li>Capteur Full Frame 16 m\u00e9ga-pixels<\/li>\n<li>processeur Expeed 4 (qui \u00e9quipe d\u00e9j\u00e0 le  Nikon D5300)<\/li>\n<li>Sensibilit\u00e9 100-25600 ISO (ext. 50-409600 ISO)<\/li>\n<li>Rafales 11 i\/s<\/li>\n<li>Vid\u00e9o Full HD<\/li>\n<li>Structure en alliage de magn\u00e9sium<\/li>\n<li>\u00c9cran 3,2&Prime; de 921,000 pixels<\/li>\n<li>Viseur optique \u00e0 couverture 100%<\/li>\n<li>Obturateur : 30 &#8211; 1\/8000 sec<\/li>\n<li>Flash X sync : 1\/250 sec<\/li>\n<li>Cartes m\u00e9moire : CompactFlash, XQD<\/li>\n<li>Poids 1350 g<\/li>\n<\/ul>\n<h4>Prix officiel Nikon D4s<\/h4>\n<ul>\n<li>$6499 \/ \u00a35200 \/ 6000\u20ac<\/li>\n<li>\u00e0 partir de avril 2014<\/li>\n<li>Acheter sur <a href=\"http:\/\/clk.tradedoubler.com\/click?p=44380&#038;a=1587422&#038;g=16423180&#038;url=http:\/\/online.carrefour.fr\/photo-video\/appareil-photo-numerique-compact\/\">Carrefour online<\/a><\/li>\n<li>Buy from <a href=\"http:\/\/www.amazon.fr\/gp\/gc?&#038;tag=ylo-21\">Amazon.com<\/a><\/li>\n<\/ul>\n<p><a href=\"http:\/\/ylovephoto.com\/en\/wp-content\/uploads\/2014\/03\/nikon_d4s_back.jpg\"><img loading=\"lazy\" decoding=\"async\" src=\"http:\/\/ylovephoto.com\/en\/wp-content\/uploads\/2014\/03\/nikon_d4s_back-300x279.jpg\" alt=\"Nikon D4s\" width=\"300\" height=\"279\" class=\"aligncenter size-medium wp-image-12160\" \/><\/a><br \/>\n<a href=\"http:\/\/ylovephoto.com\/fr\/wp-content\/uploads\/2014\/03\/nikon_d4s_front.jpg\"><img loading=\"lazy\" decoding=\"async\" src=\"http:\/\/ylovephoto.com\/fr\/wp-content\/uploads\/2014\/03\/nikon_d4s_front-300x300.jpg\" alt=\"Nikon D4s\" width=\"300\" height=\"300\" class=\"aligncenter size-medium wp-image-12370\" srcset=\"https:\/\/www.ylovephoto.com\/fr\/wp-content\/uploads\/2014\/03\/nikon_d4s_front-300x300.jpg 300w, https:\/\/www.ylovephoto.com\/fr\/wp-content\/uploads\/2014\/03\/nikon_d4s_front-150x150.jpg 150w, https:\/\/www.ylovephoto.com\/fr\/wp-content\/uploads\/2014\/03\/nikon_d4s_front-50x50.jpg 50w, https:\/\/www.ylovephoto.com\/fr\/wp-content\/uploads\/2014\/03\/nikon_d4s_front-480x480.jpg 480w, https:\/\/www.ylovephoto.com\/fr\/wp-content\/uploads\/2014\/03\/nikon_d4s_front-235x235.jpg 235w, https:\/\/www.ylovephoto.com\/fr\/wp-content\/uploads\/2014\/03\/nikon_d4s_front-75x75.jpg 75w, https:\/\/www.ylovephoto.com\/fr\/wp-content\/uploads\/2014\/03\/nikon_d4s_front-350x350.jpg 350w, https:\/\/www.ylovephoto.com\/fr\/wp-content\/uploads\/2014\/03\/nikon_d4s_front-70x70.jpg 70w, https:\/\/www.ylovephoto.com\/fr\/wp-content\/uploads\/2014\/03\/nikon_d4s_front-220x220.jpg 220w, https:\/\/www.ylovephoto.com\/fr\/wp-content\/uploads\/2014\/03\/nikon_d4s_front-144x144.jpg 144w, https:\/\/www.ylovephoto.com\/fr\/wp-content\/uploads\/2014\/03\/nikon_d4s_front.jpg 598w\" sizes=\"auto, (max-width: 300px) 100vw, 300px\" \/><\/a><\/p>\n<h4>Tests et \u00e9valuations Olympus E-620<\/h4>\n<ul>\n<li>En fran\u00e7ais :\n<ul>\n<li>Chasseur d&rsquo;Images n\u00b0 xxx &#8211; Xxxxxx 2009<\/li>\n<\/ul>\n<\/li>\n<li>In English:\n<ul>\n<li>DP Review: <a href=\"http:\/\/www.dpreview.com\/news\/2014\/02\/25\/nikon-d4s-hands-on-and-interview\" title=\"DPR\">Hands-on review and interview<\/a>, <a href=\"http:\/\/www.dpreview.com\/previews\/nikon-d4s\" title=\"dpr\">Nikon D4s First Impressions Review<\/a><\/li>\n<li>WEX blog: <a href=\"http:\/\/www.wexphotographic.com\/blog\/nikon-d4s-whats-new-and-body-tour\" title=\"weX\">Nikon D4S: what\u2019s new and body tour<\/a><\/li>\n<li>Engadget: <a href=\"http:\/\/www.engadget.com\/2014\/02\/24\/nikon-d4s-dslr-camera\/\" title=\"Engadget\">Nikon&rsquo;s new D4S DSLR improves speed and focusing, adds ISO settings up to 409,600<\/a><\/li>\n<li><a href=\"http:\/\/www.clubsnap.com\/forums\/showthread.php?t=1375310&#038;p=8784948&#038;viewfull=1#post8784948\" title=\"ClubSnap\">D4S RAW file conversion<\/a> (ClubSnap)<\/li>\n<li><a href=\" http:\/\/nikonrumors.com\/2014\/03\/10\/nr-exclusive-nikon-d4s-high-isolow-light-comparison-with-d4-d3s-d800e-and-d600-cameras.aspx\/\" title=\"Nikon rumors\">Nikon D4s high ISO\/low light comparison with D4, D3s, D800E and D600 cameras<\/a> (Nikon Rumors)<\/li>\n<li>DxOmark: <a href=\"http:\/\/www.dxomark.com\/Reviews\/Nikon-D4s-sensor-review-Master-of-Darkness\" title=\"DxOMark\">Nikon D4s sensor review: Master of Darkness?<\/a><\/li>\n<\/ul>\n<\/li>\n<li>En espa\u00f1ol :\n<ul>\n<li>DSLR Magazine<\/li>\n<\/ul>\n<\/li>\n<li>Videos :<br \/>\nNikon D4S Versus Canon 1DX<br \/><iframe loading=\"lazy\" width=\"560\" height=\"315\" src=\"\/\/www.youtube.com\/embed\/G5n4NCClU1U\" frameborder=\"0\" allowfullscreen><\/iframe><\/p>\n<\/li>\n<\/ul>\n","protected":false},"excerpt":{"rendered":"<p>Tops Nikon D4s Appareil photo vraiment rapide, AF vraiment rapide Sensibilit\u00e9 jusqu&rsquo;\u00e0 409.600 ISO Flops Nikon D4s Prix r\u00e9serv\u00e9 aux pros Poids Caract\u00e9ristiques Nikon D4s Capteur Full Frame 16 m\u00e9ga-pixels processeur Expeed 4 (qui \u00e9quipe d\u00e9j\u00e0 le Nikon D5300) Sensibilit\u00e9 100-25600 ISO (ext. 50-409600 ISO) Rafales 11 i\/s Vid\u00e9o Full HD Structure en alliage de [&hellip;]<\/p>\n","protected":false},"author":103,"featured_media":12375,"parent":6935,"menu_order":0,"comment_status":"open","ping_status":"closed","template":"","meta":{"footnotes":""},"class_list":["post-12363","page","type-page","status-publish","has-post-thumbnail","hentry"],"_links":{"self":[{"href":"https:\/\/www.ylovephoto.com\/fr\/wp-json\/wp\/v2\/pages\/12363","targetHints":{"allow":["GET"]}}],"collection":[{"href":"https:\/\/www.ylovephoto.com\/fr\/wp-json\/wp\/v2\/pages"}],"about":[{"href":"https:\/\/www.ylovephoto.com\/fr\/wp-json\/wp\/v2\/types\/page"}],"author":[{"embeddable":true,"href":"https:\/\/www.ylovephoto.com\/fr\/wp-json\/wp\/v2\/users\/103"}],"replies":[{"embeddable":true,"href":"https:\/\/www.ylovephoto.com\/fr\/wp-json\/wp\/v2\/comments?post=12363"}],"version-history":[{"count":0,"href":"https:\/\/www.ylovephoto.com\/fr\/wp-json\/wp\/v2\/pages\/12363\/revisions"}],"up":[{"embeddable":true,"href":"https:\/\/www.ylovephoto.com\/fr\/wp-json\/wp\/v2\/pages\/6935"}],"wp:featuredmedia":[{"embeddable":true,"href":"https:\/\/www.ylovephoto.com\/fr\/wp-json\/wp\/v2\/media\/12375"}],"wp:attachment":[{"href":"https:\/\/www.ylovephoto.com\/fr\/wp-json\/wp\/v2\/media?parent=12363"}],"curies":[{"name":"wp","href":"https:\/\/api.w.org\/{rel}","templated":true}]}}