{"id":1907,"date":"2009-03-08T13:22:14","date_gmt":"2009-03-08T11:22:14","guid":{"rendered":"http:\/\/ylovephoto.com\/fr\/?page_id=1907"},"modified":"2011-03-27T09:40:44","modified_gmt":"2011-03-27T07:40:44","slug":"annuaire-photo-francophone","status":"publish","type":"page","link":"https:\/\/www.ylovephoto.com\/fr\/informations-legales\/annuaire-photo-francophone\/","title":{"rendered":"Annuaire photo francophone"},"content":{"rendered":"<p>Cet annuaire se limite aux sites qui parlent fran\u00e7ais, mais vous pouvez aussi consulter la version qui contient des sites sp\u00e9cifiquement anglophones : <a href=\"http:\/\/ylovephoto.com\/en\/legal-information\/catalog-of-photo-web-sites\/\">Catalog of photo web sites<\/a>.<\/p>\n<h4>Fabricants<\/h4>\n<p><DL><br \/>\n<DT><a href=\"http:\/\/www.europe-nikon.com\/home\/fr_FR\/homepage\/broad\/site.html\">Nikon<\/a><DD><br \/>\n<DT><a href=\"http:\/\/www.canon.fr\/\">Canon<\/a><DD><br \/>\n<DT><a href=\"http:\/\/www.sony.fr\/product\/digital-photography\">Sony<\/a><DD><br \/>\n<\/DL><\/p>\n<h4>Forums<\/h4>\n<p><DL><br \/>\n<DT><a href=\"http:\/\/www.pixelistes.com\/\">Pixelistes<\/a><DD>Le forum photo d\u00e9di\u00e9 aux num\u00e9riques Nikon<br \/>\n<\/DL><\/p>\n<h4>Boutiques et magasins<\/h4>\n<p><DL><br \/>\n<DT><a href=\"http:\/\/www.laboutiquenikon.com\/\">La boutique Nikon<\/a><DD><br \/>\n<\/DL><\/p>\n<h4>Magazines<\/h4>\n<p><DL><br \/>\n<DT><a href=\"http:\/\/www.chassimages.com\/\">Chasseur d&rsquo;images<\/a><DD>Le leader de la presse photographique europ\u00e9enne<br \/>\n<DT><a href=\"http:\/\/www.psdmag.org\/\">PSD mag<\/a><DD>Le magazine pour les infographistes<br \/>\n<\/DL><\/p>\n<h4>Technique et technologie photo<\/h4>\n<p><DL><br \/>\n<DT><a href=\"http:\/\/www.pictchallenge-archives.net\/\">Pict-Challenge<\/a><DD>Le site de Jean-Marie S\u00e9pulchre avec ses analyses et tests<br \/>\n<DT><a href=\"http:\/\/www.photographe-professionnel.fr\/\">Photographe professionnel<\/a><DD>Le site de Fr\u00e9d\u00e9ric Watbled<br \/>\n<\/DL><\/p>\n","protected":false},"excerpt":{"rendered":"<p>Cet annuaire se limite aux sites qui parlent fran\u00e7ais, mais vous pouvez aussi consulter la version qui contient des sites sp\u00e9cifiquement anglophones : Catalog of photo web sites. Fabricants Nikon Canon Sony Forums PixelistesLe forum photo d\u00e9di\u00e9 aux num\u00e9riques Nikon Boutiques et magasins La boutique Nikon Magazines Chasseur d&rsquo;imagesLe leader de la presse photographique europ\u00e9enne [&hellip;]<\/p>\n","protected":false},"author":1,"featured_media":0,"parent":59,"menu_order":0,"comment_status":"open","ping_status":"open","template":"","meta":{"footnotes":""},"class_list":["post-1907","page","type-page","status-publish","hentry"],"_links":{"self":[{"href":"https:\/\/www.ylovephoto.com\/fr\/wp-json\/wp\/v2\/pages\/1907","targetHints":{"allow":["GET"]}}],"collection":[{"href":"https:\/\/www.ylovephoto.com\/fr\/wp-json\/wp\/v2\/pages"}],"about":[{"href":"https:\/\/www.ylovephoto.com\/fr\/wp-json\/wp\/v2\/types\/page"}],"author":[{"embeddable":true,"href":"https:\/\/www.ylovephoto.com\/fr\/wp-json\/wp\/v2\/users\/1"}],"replies":[{"embeddable":true,"href":"https:\/\/www.ylovephoto.com\/fr\/wp-json\/wp\/v2\/comments?post=1907"}],"version-history":[{"count":0,"href":"https:\/\/www.ylovephoto.com\/fr\/wp-json\/wp\/v2\/pages\/1907\/revisions"}],"up":[{"embeddable":true,"href":"https:\/\/www.ylovephoto.com\/fr\/wp-json\/wp\/v2\/pages\/59"}],"wp:attachment":[{"href":"https:\/\/www.ylovephoto.com\/fr\/wp-json\/wp\/v2\/media?parent=1907"}],"curies":[{"name":"wp","href":"https:\/\/api.w.org\/{rel}","templated":true}]}}