{"id":2,"date":"2008-09-02T00:43:32","date_gmt":"2008-09-01T22:43:32","guid":{"rendered":"http:\/\/ylovephoto.com\/fr\/?page_id=2"},"modified":"2018-04-04T10:49:42","modified_gmt":"2018-04-04T08:49:42","slug":"qui-sommes-nous","status":"publish","type":"page","link":"https:\/\/www.ylovephoto.com\/fr\/informations-legales\/qui-sommes-nous\/","title":{"rendered":"Qui sommes-nous ?"},"content":{"rendered":"<div class=\"left25_box\">\n<h2>Qui suis-je ?<\/h2>\n<ul>\n<li><a href=\"#site\">Le site web<\/a><\/li>\n<li><a href=\"#author\">L&rsquo;auteur<\/a><\/li>\n<li><a href=\"#finance\">Financement<\/a><\/li>\n<li><a href=\"\/contact\/\">Contacter Yves<\/a><\/li>\n<\/ul>\n<\/div>\n<h2>Le site web<\/h2>\n<p><strong>YLovePhoto.com<\/strong> est un site Internet d&rsquo;information \u00e0 propos de la photographie num\u00e9rique. Il fait partie d&rsquo;un ensemble de sites cr\u00e9\u00e9s par le m\u00eame auteur avec un point de vue clairement europ\u00e9en, m\u00eame si cela ne devrait pas inqui\u00e9ter les autres francophones amateurs de ces technologies qui d\u00e9passent largement les fronti\u00e8res.<\/p>\n<p>Il est \u00e9crit simultan\u00e9ment en anglais et en fran\u00e7ais. La plupart des articles sont pr\u00e9sent dans les deux langues. Mais certains sont tellement marqu\u00e9s par un pays ou une langue que la traduction n&rsquo;en a m\u00eame pas \u00e9t\u00e9 tent\u00e9e.<\/p>\n<p><img decoding=\"async\" src=\"http:\/\/www.roumazeilles.net\/news\/fr\/wordpress\/wp-content\/uploads\/yr.jpg\" alt=\"Yves Roumazeilles\" align=\"right\" \/><\/p>\n<h2>L&rsquo;auteur<\/h2>\n<p><strong>YLovePhoto.com<\/strong> a \u00e9t\u00e9 cr\u00e9\u00e9 par Yves Roumazeilles, un internaute qui a commenc\u00e9 la photographie \u00e0 l&rsquo;age de 14 ans avec un appareil photo de poche de Kodak et du film noir-et-blanc. Aujourd&rsquo;hui, il est pass\u00e9 \u00e0 des r\u00e9flex num\u00e9riques qui lui permettent aussi de <em>travailler<\/em> ses photos tout en utilisant ses comp\u00e9tences en informatique (une formation d&rsquo;ing\u00e9nieur en \u00e9lectronique et en informatique). Yves Roumazeilles est l&rsquo;auteur de la grande majorit\u00e9 des articles qui paraissent sur <strong>YLovePhoto.com<\/strong>, mais la participation d&rsquo;autres auteurs est accept\u00e9e \u00e9galement.<\/p>\n<p>La dimension photo de nature est tr\u00e8s pr\u00e9sente parce qu&rsquo;elle constitue un hobby central pour Yves Roumazeilles, mais bien d&rsquo;autres th\u00e8mes apparaissent comme il est ais\u00e9 de le voir en visitant le site.<\/p>\n<p><a href=\"http:\/\/www.linkedin.com\/pub\/0\/743\/29\">La page d&rsquo;Yves Roumazeilles sur LinkedIn.com<\/a>.<\/p>\n<h2>Financement<\/h2>\n<p><strong>YLovePhoto.com<\/strong> n&rsquo;est pas \u00e0 proprement parler une op\u00e9ration commerciale, mais son financement est assur\u00e9 par la publicit\u00e9 pr\u00e9sente sur ses pages et la vente de certains objets comme des tirages photographiques, des posters ou des calendriers. Yves Roumazeilles a un emploi \u00e0 plein temps et r\u00e9mun\u00e9r\u00e9 dans l&rsquo;industrie automobile en France (m\u00eame si dans une entreprise d&rsquo;origine am\u00e9ricaine) et utilise une partie de son temps libre pour renseigner le site <strong>YLovePhoto.com<\/strong> ainsi que quelques autres.<\/p>\n","protected":false},"excerpt":{"rendered":"<p>Qui suis-je ? Le site web L&rsquo;auteur Financement Contacter Yves Le site web YLovePhoto.com est un site Internet d&rsquo;information \u00e0 propos de la photographie num\u00e9rique. Il fait partie d&rsquo;un ensemble de sites cr\u00e9\u00e9s par le m\u00eame auteur avec un point de vue clairement europ\u00e9en, m\u00eame si cela ne devrait pas inqui\u00e9ter les autres francophones amateurs [&hellip;]<\/p>\n","protected":false},"author":1,"featured_media":9927,"parent":59,"menu_order":0,"comment_status":"closed","ping_status":"closed","template":"","meta":{"footnotes":""},"class_list":["post-2","page","type-page","status-publish","has-post-thumbnail","hentry"],"_links":{"self":[{"href":"https:\/\/www.ylovephoto.com\/fr\/wp-json\/wp\/v2\/pages\/2","targetHints":{"allow":["GET"]}}],"collection":[{"href":"https:\/\/www.ylovephoto.com\/fr\/wp-json\/wp\/v2\/pages"}],"about":[{"href":"https:\/\/www.ylovephoto.com\/fr\/wp-json\/wp\/v2\/types\/page"}],"author":[{"embeddable":true,"href":"https:\/\/www.ylovephoto.com\/fr\/wp-json\/wp\/v2\/users\/1"}],"replies":[{"embeddable":true,"href":"https:\/\/www.ylovephoto.com\/fr\/wp-json\/wp\/v2\/comments?post=2"}],"version-history":[{"count":0,"href":"https:\/\/www.ylovephoto.com\/fr\/wp-json\/wp\/v2\/pages\/2\/revisions"}],"up":[{"embeddable":true,"href":"https:\/\/www.ylovephoto.com\/fr\/wp-json\/wp\/v2\/pages\/59"}],"wp:featuredmedia":[{"embeddable":true,"href":"https:\/\/www.ylovephoto.com\/fr\/wp-json\/wp\/v2\/media\/9927"}],"wp:attachment":[{"href":"https:\/\/www.ylovephoto.com\/fr\/wp-json\/wp\/v2\/media?parent=2"}],"curies":[{"name":"wp","href":"https:\/\/api.w.org\/{rel}","templated":true}]}}