{"id":38,"date":"2008-09-09T11:12:52","date_gmt":"2008-09-09T09:12:52","guid":{"rendered":"http:\/\/ylovephoto.com\/fr\/?page_id=38"},"modified":"2020-05-10T18:17:14","modified_gmt":"2020-05-10T16:17:14","slug":"privacy","status":"publish","type":"page","link":"https:\/\/www.ylovephoto.com\/fr\/informations-legales\/privacy\/","title":{"rendered":"Respect de la vie priv\u00e9e"},"content":{"rendered":"<div class=\"right35_box\">\n<h2>Notre charte <em>S\u00e9curit\u00e9 et vie priv\u00e9e<\/em><\/h2>\n<ul>\n<li><a href=\"#legal\">Loi<\/a><\/li>\n<li><a href=\"#information\">Les informations collect\u00e9es<\/a><\/li>\n<li><a href=\"#email\">Courrier \u00e9lectronique<\/a><\/li>\n<li><a href=\"#data\">Acc\u00e8s \u00e0 vos donn\u00e9es<\/a><\/li>\n<li><a href=\"#liens\">Liens avec d&rsquo;autres sites<\/a><\/li>\n<li><a href=\"#hebergeur\">H\u00e9bergeur<\/a><\/li>\n<li><a href=\"#changes\">Modification de cette charte<\/a><\/li>\n<li><a href=\"..\/contact\/\">Ecrivez-nous<\/a><\/li>\n<li style=\"list-style-type: none;\"><\/li>\n<\/ul>\n<\/div>\n<p>D\u00e8s sa cr\u00e9ation, <b>YLovePhoto<\/b> a adopt\u00e9 une politique stricte de collecte des informations personnelles appartenant \u00e0 des visiteurs\/utilisateurs de ses services, afin de respecter leur vie priv\u00e9e.<\/p>\n<p>Aujourd&rsquo;hui, cette approche est devenue obligatoire et fait l&rsquo;objet d&rsquo;une r\u00e9glementation tant europ\u00e9enne que fran\u00e7aise. Nous nous y conformons avec gr\u00e2ce. Cette page vous permettra de mieux comprendre tout cela avec des explications que nous voulons simples et accessibles \u00e0 tous, pour des sujets qui sont importants pour vous comme pour nous.<\/p>\n<h2><a name=\"legal\"><\/a>Loi<\/h2>\n<p>Vos donn\u00e9es personnelles sont stock\u00e9es avec soin et ne sont accessibles qu&rsquo;\u00e0 ceux qui en ont besoin, en fonction des droits d&rsquo;acc\u00e8s prot\u00e9g\u00e9s par mot de passe.<\/p>\n<p>Conform\u00e9ment aux lois fran\u00e7aises et europ\u00e9ennes, vous disposez d&rsquo;un droit d&rsquo;acc\u00e8s et de rectification des informations nominatives vous concernant et conserv\u00e9es par YLovePhoto.<\/p>\n<p>YLovePhoto \u00e9tend ces droits \u00e0 tous ses visiteurs qu&rsquo;ils soient fran\u00e7ais, europ\u00e9ens ou non, ind\u00e9pendamment de leur lieu de r\u00e9sidence.<\/p>\n<p>YLovePhoto s&rsquo;engage \u00e0 ne pas fournir son fichier d&rsquo;usagers \u00e0 des tiers. Les informations nominatives qui y apparaissent sont \u00e0 l&rsquo;usage exclusif de YLovePhoto et Yves Roumazeilles.<\/p>\n<h2><a name=\"information\"><\/a>Les informations collect\u00e9es&nbsp;: seulement ce qui est n\u00e9cessaire<\/h2>\n<ul>\n<li>Si votre navigateur les accepte, nous envoyons un ou plusieurs cookies pour am\u00e9liorer le confort de votre visite. Ces cookies sont des fichiers de donn\u00e9es qui sont stock\u00e9s sur votre ordinateur.<\/li>\n<li>Le site web d&rsquo;origine des visiteurs.<\/li>\n<li>La r\u00e9partition horaire des connexions.<\/li>\n<li>Les pages visualis\u00e9es.<\/li>\n<li>Les points d&rsquo;entr\u00e9e et de sortie de YLovePhoto.<\/li>\n<li>etc.<\/li>\n<li>Votre identit\u00e9 (nom, adresse) uniquement dans le cas o\u00f9 vous nous la fournissez volontairement (par exemple dans un formulaire de contact).<\/li>\n<\/ul>\n<p>Ces informations nous servent \u00e0 am\u00e9liorer le fonctionnement du site, \u00e0 mieux comprendre les pr\u00e9f\u00e9rences des visiteurs et \u00e0 enrichir le service que nous vous offrons.<\/p>\n<p>Dans tous ces cas, nous nous effor\u00e7ons de demander explicitement votre accord (soit par un message \u00e0 votre premi\u00e8re visite sur le site, pour les cookies ; soit par une case \u00e0 cocher dans les formulaires).<\/p>\n<p>A l&rsquo;exception des autorit\u00e9s judiciaires ou des repr\u00e9sentants de la Loi dans l&rsquo;exercice de leurs fonctions, dans le cadre de la l\u00e9gislation applicable, ces informations ne sont jamais partag\u00e9es avec quiconque.<\/p>\n<p>Information relative \u00e0 Google Analytics : YLovePhoto utilise Google Analytics pour collecter des statistiques de visite. La dur\u00e9e de conservation des donn\u00e9es individuelles y est fix\u00e9e \u00e0 26 mois (conditions pr\u00e9cises d\u00e9tailles sur <a href=\"https:\/\/support.google.com\/analytics\/answer\/7667196\">Data retention<\/a>). Vos donn\u00e9es peuvent \u00eatre \u00e9galement \u00eatre effac\u00e9es \u00e0 la demande. A lire \u00e9galement :&nbsp;<a href=\"https:\/\/www.google.com\/about\/company\/consentstaging.html\">Google EU user content policy<\/a>.<\/p>\n<p>Information relative \u00e0 Akismet :&nbsp;YLovePhoto utilise les services d&rsquo;Akismet pour filtrer automatiquement les robots qui tentent de d\u00e9poser du SPAM dans les commentaires (vous n&rsquo;imaginez les milliers de faux messages qu&rsquo;il faut trier ; la seule solution est le filtrage automatique). Akismet a <a href=\"https:\/\/automattic.com\/privacy-notice\/\">une page d&rsquo;information<\/a> (en anglais pour le moment) qui explique comment ils fonctionnent et ce qu&rsquo;ils font avec vos donn\u00e9es lues dans les formulaires de commentaire pour YLovePhoto.<\/p>\n<h2><a name=\"email\"><\/a>Envoi de courrier \u00e9lectronique&nbsp;: pas de SPAM<\/h2>\n<p>Les adresses de courrier \u00e9lectronique qui sont confi\u00e9es \u00e0 YLovePhoto (par exemple, quand vous nous contactez ou vous vous inscrivez \u00e0 une lettre d&rsquo;information) ne sont utilis\u00e9es que par YLovePhoto qui s&rsquo;engage \u00e0 ne pas les c\u00e9der \u00e0 des tiers.<\/p>\n<p>YLovePhoto s&rsquo;engage \u00e0 utiliser ces adresses \u00e9lectroniques de mani\u00e8re responsable (envoi de courrier \u00e9lectronique en nombre mod\u00e9r\u00e9, possibilit\u00e9 de se d\u00e9sabonner, pas d&rsquo;abonnement d&rsquo;office, etc.). YLovePhoto est oppos\u00e9 \u00e0 la pratique du SPAM.<\/p>\n<h2><a name=\"data\"><\/a>Acc\u00e8s \u00e0 vos donn\u00e9es<\/h2>\n<p>Comme la loi fran\u00e7aise et europ\u00e9enne vous y autorise, vous pouvez consulter les donn\u00e9es vous concernant qui sont stock\u00e9es sur YLovePhoto. Pour cela, rien de plus simple : rendez-vous sur la page sp\u00e9ciale pr\u00e9sentant&nbsp;<a href=\".\/data\/\">vos donn\u00e9es personnelles<\/a>, apr\u00e8s vous \u00eatre connect\u00e9 \u00e0 YLovePhoto.<\/p>\n<p>De plus, si vous souhaitez utiliser votre droit \u00e0 modifier ou effacer ces donn\u00e9es, vous avez deux options \u00e0 votre disposition :<\/p>\n<ol>\n<li>Identifiez-vous et modifiez les donn\u00e9es directement sur le site YLovePhoto. Vous pouvez ainsi corriger vos donn\u00e9es personnelles, modifier ou effacer un de vos articles, etc.<\/li>\n<li>Demandez-nous via <a href=\"https:\/\/www.200gluten.fr\/contact\/\">le formulaire de contact<\/a>. (C&rsquo;est plus facile dans le cas d&rsquo;une demande d&rsquo;effacement complet, bien s\u00fbr).<\/li>\n<\/ol>\n<h2><a name=\"liens\"><\/a>Liens avec d&rsquo;autres sites<\/h2>\n<p>Sur certaines pages, le site YLovePhoto fournit des liens hypertexte vers d&rsquo;autres sites web. Ces sites ext\u00e9rieurs sont cr\u00e9\u00e9s et maintenus par des personnes et des organisations ind\u00e9pendantes de YLovePhoto.<\/p>\n<p>YLovePhoto ne peut garantir l&rsquo;exactitude, la pertinence ou l&rsquo;actualit\u00e9 des informations qui se trouvent sur ces sites ext\u00e9rieurs.<\/p>\n<p>La pr\u00e9sence de liens sur le site YLovePhoto n&rsquo;implique en aucune mani\u00e8re que YLovePhoto partage les positions, soutienne les affirmations ou recommande les produits pr\u00e9sent\u00e9s sur ces sites ext\u00e9rieurs.<\/p>\n<h2><a name=\"hebergeur\"><\/a>H\u00e9bergement du site<\/h2>\n<p>L&rsquo;h\u00e9bergement technique du site est assur\u00e9 par :<\/p>\n<p><b>OVH<\/b><br \/>\n2 rue Kellermann<br \/>\n59 100 Roubaix<br \/>\nTel : 0 820 32 03 63<br \/>\n<a href=\"http:\/\/www.ovh.com\/\">www.ovh.com<\/a><\/p>\n<p><a href=\"http:\/\/www.ovh.com\/\"><br \/>\n<\/a><\/p>\n<h2><a href=\"http:\/\/www.ovh.com\/\"><\/a><a name=\"changes\"><\/a>Modification de cette charte<\/h2>\n<p>Cette charte&nbsp; est modifi\u00e9e de temps en temps. Toute \u00e9volution est imm\u00e9diatement r\u00e9percut\u00e9e ici. S&rsquo;il y avait des changements significatifs, nous l&rsquo;indiquerions dans les nouvelles d&rsquo;actualit\u00e9 du site avec un lien vers la nouvelle charte et nous adresserions une information par mail aux utilisateurs qui nous ont remis leur adresse de courrier \u00e9lectronique.<\/p>\n<p>Si vous avez des questions \u00e0 propos des r\u00e8gles sur la s\u00e9curit\u00e9 et le respect de la vie priv\u00e9e utilis\u00e9es par YLovePhoto, <a href=\"..\/contact\/\">\u00e9crivez-nous<\/a>.<\/p>\n","protected":false},"excerpt":{"rendered":"<p>Notre charte S\u00e9curit\u00e9 et vie priv\u00e9e Loi Les informations collect\u00e9es Courrier \u00e9lectronique Acc\u00e8s \u00e0 vos donn\u00e9es Liens avec d&rsquo;autres sites H\u00e9bergeur Modification de cette charte Ecrivez-nous D\u00e8s sa cr\u00e9ation, a adopt\u00e9 une politique stricte de collecte des informations personnelles appartenant \u00e0 des visiteurs\/utilisateurs de ses services, afin de respecter leur vie priv\u00e9e. Aujourd&rsquo;hui, cette approche [&hellip;]<\/p>\n","protected":false},"author":1,"featured_media":0,"parent":59,"menu_order":0,"comment_status":"closed","ping_status":"closed","template":"","meta":{"footnotes":""},"class_list":["post-38","page","type-page","status-publish","hentry"],"_links":{"self":[{"href":"https:\/\/www.ylovephoto.com\/fr\/wp-json\/wp\/v2\/pages\/38","targetHints":{"allow":["GET"]}}],"collection":[{"href":"https:\/\/www.ylovephoto.com\/fr\/wp-json\/wp\/v2\/pages"}],"about":[{"href":"https:\/\/www.ylovephoto.com\/fr\/wp-json\/wp\/v2\/types\/page"}],"author":[{"embeddable":true,"href":"https:\/\/www.ylovephoto.com\/fr\/wp-json\/wp\/v2\/users\/1"}],"replies":[{"embeddable":true,"href":"https:\/\/www.ylovephoto.com\/fr\/wp-json\/wp\/v2\/comments?post=38"}],"version-history":[{"count":0,"href":"https:\/\/www.ylovephoto.com\/fr\/wp-json\/wp\/v2\/pages\/38\/revisions"}],"up":[{"embeddable":true,"href":"https:\/\/www.ylovephoto.com\/fr\/wp-json\/wp\/v2\/pages\/59"}],"wp:attachment":[{"href":"https:\/\/www.ylovephoto.com\/fr\/wp-json\/wp\/v2\/media?parent=38"}],"curies":[{"name":"wp","href":"https:\/\/api.w.org\/{rel}","templated":true}]}}