{"id":4078,"date":"2009-09-01T22:37:28","date_gmt":"2009-09-01T20:37:28","guid":{"rendered":"http:\/\/ylovephoto.com\/fr\/?page_id=4078"},"modified":"2011-04-07T21:22:50","modified_gmt":"2011-04-07T19:22:50","slug":"canon-eos-7d","status":"publish","type":"page","link":"https:\/\/www.ylovephoto.com\/fr\/reflex\/canon\/canon-eos-7d\/","title":{"rendered":"Canon EOS 7D"},"content":{"rendered":"<table class=\"right35_box\" border=\"0\">\n<tbody>\n<tr>\n<td><strong><span style=\"color: #800000;\">Tops du Canon EOS 7D<\/span><\/strong><\/td>\n<\/tr>\n<tr>\n<td>\n<ul>\n<li>Une machine \u00e0 faire des rafales : 8 i\/s<\/li>\n<li>Excellente sensibilit\u00e9 (jusqu&rsquo;\u00e0 12800 ISO)<\/li>\n<li>Le meilleur reflex APS-C chez Canon en ce moment, avec un prix de vente r\u00e9el (pas officiel) toujours en baisse<\/li>\n<\/ul>\n<\/td>\n<\/tr>\n<tr>\n<td><strong><span style=\"color: #800000;\">Flops du Canon EOS 7D<\/span><\/strong><\/td>\n<\/tr>\n<tr>\n<td>\n<ul>\n<li>Si Canon avait limit\u00e9 un peu la r\u00e9solution, la sensibilit\u00e9 aurait pu \u00eatre meilleure<\/li>\n<li>Vid\u00e9o pas extraordinaire, mais pour quoi faire ?<\/li>\n<\/ul>\n<\/td>\n<\/tr>\n<\/tbody>\n<\/table>\n<h4>Caract\u00e9ristiques du Canon EOS 7D<\/h4>\n<ul>\n<li>Capteur 18 MP en format APS-C<\/li>\n<li>double processeur DIGIC 4<\/li>\n<li>Conversion analogique-digitale \u00e0 14 bits<\/li>\n<li>Rafales \u00e0 8 images\/s<\/li>\n<li>Sensibilit\u00e9 : 100 &#8211; 6400 ISO (ext. 12800 ISO)<\/li>\n<li>Autofocus am\u00e9lior\u00e9 \u00e0 19 zones<\/li>\n<li>\u00c9cran LCD de 3&Prime; \u00e0 920,000 pixels<\/li>\n<li>Viseur de 100% de couverture et \u00e0 grandissement x1.0 (22 mm <em>eye point<\/em>) \u00e0 travers un penta-prisme<\/li>\n<li>7 styles d&rsquo;image<\/li>\n<li>Niveau d&rsquo;horizontalit\u00e9<\/li>\n<li>Enregistrement vid\u00e9o HD (1920 x 1080 @ 24\/25\/30 i\/s + 640 x 480 @ 50\/60 i\/s) &#038; son st\u00e9r\u00e9o<\/li>\n<li>Ch\u00e2ssis en alliage de magn\u00e9sium<\/li>\n<li>Bo\u00eetier tropicalis\u00e9<\/li>\n<li>Obturateur pr\u00e9vu pour 150,000 d\u00e9clenchements<\/li>\n<\/ul>\n<h4>Prix officiel du Canon EOS 7D<\/h4>\n<ul>\n<li>US : $1699, Europe : \u20ac1499, UK : \u00a3__99<\/li>\n<li>\u00e0 partir de fin Sept 2009<\/li>\n<li>Acheter sur <a href=\"http:\/\/www.amazon.fr\/gp\/redirect.html?ie=UTF8&#038;location=http%3A%2F%2Fwww.amazon.fr%2FBoutique-reflex-Content-Stores%2Fb%3Fie%3DUTF8%26node%3D682617011%26ref%255F%3Damb%255Flink%255F81396865%255F7&#038;tag=ylo-21&#038;linkCode=ur2&#038;camp=1642&#038;creative=19458\">Amazon<\/a><img loading=\"lazy\" decoding=\"async\" src=\"https:\/\/www.assoc-amazon.fr\/e\/ir?t=ylo-21&#038;l=ur2&#038;o=8\" width=\"1\" height=\"1\" border=\"0\" alt=\"\" style=\"border:none !important; margin:0px !important;\" \/><\/li>\n<li><a href=\"http:\/\/www.bhphotovideo.com\/search\/ss=Canon&#038;BI=4603&#038;KBID=5095\">Buy it from B&#038;H<\/a> (The Professional&rsquo;s Source)<\/li>\n<\/ul>\n<p><span class=\"adf_shortcode\">[adfever type=\u00a0\u00bbproduct\u00a0\u00bb value=\u00a0\u00bb10142810&Prime;]<\/span><\/p>\n<p><a name=\"tests\"><br \/>\n<a name=\"reviews\"><\/p>\n<h4>Tests et \u00e9valuations du Canon EOS 7D<\/h4>\n<ul>\n<li>En fran\u00e7ais :\n<ul>\n<li>Chasseur d&rsquo;Images (<a href=\"http:\/\/www.chassimages.com\/accueil\/Sommaire.xml?info=1309\">info Photim<\/a>)<\/li>\n<li>Image et Nature N\u00b028 jan-mars 2010 : Comparatif terrain <em>Canon Eos 7D contre Nikon D300s<\/em><\/li>\n<\/ul>\n<\/li>\n<li>In English:\n<ul>\n<li>DPreview (<a href=\"http:\/\/www.dpreview.com\/previews\/canoneos7d\/\">preview<\/a>, <a href=\"http:\/\/www.dpreview.com\/reviews\/canoneos7d\/\">Canon EOS 7D review<\/a> using firmware v1.0.9)<\/li>\n<li>Rob Galbraith <a href=\"http:\/\/www.robgalbraith.com\/bins\/multi_page.asp?cid=7-10042-10239\">preview of the EOS 7D<\/a><\/li>\n<li>Gizmodo: <a href=\"http:\/\/gizmodo.com\/5349829\/canon-7d-dslr-first-hands-on-18-megapixels-24fps-full-hd-video-for-1900\">Canon 7D DSLR First Hands On<\/a><\/li>\n<li>Imaging Resource: <a href=\"http:\/\/www.imaging-resource.com\/PRODS\/E7D\/E7DA.HTM\">full review<\/a><\/li>\n<li>Naturfokus: <a href=\"http:\/\/www.naturfokus.info\/EN\/\">Canon 7D Field Review<\/a><\/li>\n<li>Jeff Ascough: <a href=\"http:\/\/jeffascough.typepad.com\/jeff_ascough_blog\/2009\/09\/7d-images-from-perpignan.html\">7D Images from Perpignan<\/a> (from a pre-production camera)<\/li>\n<li>Photography Bay: <a href=\"http:\/\/www.photographybay.com\/2009\/09\/13\/7-things-to-hate-about-the-canon-7d\/\">7 Things to Hate About the Canon 7D<\/a>, <a href=\"http:\/\/www.photographybay.com\/2009\/09\/07\/7-things-to-love-about-the-canon-7d\/\">7 Things to Love About the Canon 7D<\/a><\/li>\n<li>Photo Answers: <a href=\"http:\/\/www.photoanswers.co.uk\/News\/Search-Results\/Product-News\/Canon-EOS-7D-first-look\/\">Take a first look at the Canon EOS 7D<\/a><\/li>\n<li>Photography Blog: <a href=\"http:\/\/www.photographyblog.com\/reviews\/canon_eos_7d_review\/\">Canon EOS 7D review<\/a><\/li>\n<li>Digital Rev: Which one to get? <a href=\"http:\/\/www.digitalrev.com\/en\/which-one-to-get-canon-eos-7d-vs-5d-markii-4655-article.html\">Canon EOS 7D vs. 5D MarkII<\/a><\/li>\n<li>Digital Rev: Canon EOS 7D &#8211; <a href=\"http:\/\/www.digitalrev.com\/en\/canon-eos-7d---hands-on-review-video-4648-article.html\">Hands-on Review Video<\/a><\/li>\n<li><a href=\"http:\/\/darwinwiggett.wordpress.com\/2009\/11\/11\/the-canon-7d\/\">The Canon EOS 7D \u2013 The Camera We Want to Love<\/a>, by Darwin Wiggett<\/li>\n<li>DC.watch.impress: <a href=\"http:\/\/translate.google.com\/translate?js=y&#038;prev=_t&#038;hl=en&#038;ie=UTF-8&#038;layout=1&#038;eotf=1&#038;u=http%3A%2F%2Fdc.watch.impress.co.jp%2Fdocs%2Freview%2Fspecial%2F20091222_338939.html%3Fref%3Drss&#038;sl=ja&#038;tl=en\">Canon EOS 7D, Nikon D300s, Pentax K-7 comparison<\/a><\/li>\n<li>Tech Radar: <a href=\"http:\/\/\">Canon EOS 7D review<\/a><\/li>\n<li>Cameratown <a href=\"http:\/\/www.cameratown.com\/news\/news.cfm?id=8245\">comparison with 5D Mark II<\/a><\/li>\n<li>Photo Answers gear reviews: <a href=\"http:\/\/www.photoanswers.co.uk\/Gear\/Search-Results\/Cameras\/Canon-EOS-7D\/\">Canon EOS 7D<\/a><\/li>\n<li>Neocamera <a href=\"http:\/\/www.neocamera.com\/feature_compare_weather_sealed_dslr.html\">comparison of weather-sealed photo cameras<\/a> (Pentax K-7, Pentax K-20D, Pentax K-200D, Canon EOS 7D, Nikon D300s, Olympus E-3)<\/li>\n<li><a href=\"http:\/\/digital-photography-school.com\/canon-eos-7d-review\">Canon EOS 7D Review<\/a> at Digital Photography School by Patrick Dean from NeutralDay.com<\/li>\n<li>Gear Reviews of PhotoAnswers: <a href=\"http:\/\/www.photoanswers.co.uk\/Gear\/Search-Results\/Cameras\/Canon-EOS-7D2\/\">Canon EOS 7D<\/a><\/li>\n<li><a href=\"http:\/\/www.digitalrev.com\/en\/canon-eos-550d-vs-dot-7d-c-which-one-is-right-for-you-5244-article.html\">Canon EOS 550D vs. 7D<\/a> at DigitalRev<\/li>\n<li><a href=\"http:\/\/www.digitalrev.com\/en\/canon-eos-550d-7d-and-5d-mark-ii-at-a-glance-comparison-5223-article.html\">Canon EOS 550D, 7D &#038; 5D Mark II at a Glance Comparison<\/a> at DigitalRev<\/li>\n<li><a href=\"http:\/\/ylovephoto.com\/en\/2010\/03\/14\/canon-eos-7d-extensive-field-test\/\">Field test of the Canon EOS 7D<\/a> by Ole J\u00f8rgen Liodden<\/li>\n<li><a href=\"http:\/\/www.digitalrev.com\/en\/canon-eos-7d-vs-nikon-d300s---which-one-is-better-5454-article.html\">Canon EOS 7D vs Nikon D300S &#8211; Which one is better?<\/a> at DigitalRev<\/li>\n<li>Digital Rev&rsquo;s <a href=\"http:\/\/www.digitalrev.com\/en\/canon-5d-mark-ii-vs-canon-7d-6264-article.html\">Canon 5D Mark II vs Canon 7D<\/a> (video)<\/li>\n<li><a href=\"http:\/\/www.alphamountworld.com\/reviews\/canon-eos-7d-featured-user-review\">Canon EOS 7D Review<\/a> by Brian Murphy, on AlphaMountWorld<\/li>\n<li><a href=\"http:\/\/www.digitalrev.com\/en\/canon-60d-vs-550d-vs-7d---which-one-is-better-6775-article.html\">Canon 60D vs 550D vs 7D &#8211; which one is better?<\/a> (a video by DigitalRev)<\/li>\n<li><a href=\"http:\/\/www.digitalrev.com\/en\/nikon-d7000-vs-dot-canon-eos-7d-could-it-be-a-7d-killer-6817-article.html\">Nikon D7000 vs. Canon EOS 7D &#8211; Could it be a 7D Killer?<\/a><\/li>\n<li><a href=\"http:\/\/www.digitalrev.com\/en\/nikon-d7000-vs-canon-7d---which-one-is-better-7097-article.html\">Nikon D7000 vs Canon 7D &#8211; which one is better?<\/a><\/li>\n<li>Neutral Day&rsquo;s <a href=\"http:\/\/www.neutralday.com\/pentax-k-5-vs-nikon-d7000-vs-canon-eos-7d-iso-comparison\/\">Pentax K-5 vs. Nikon D7000 vs. Canon EOS 7D: ISO Comparison<\/a><\/li>\n<\/ul>\n<\/li>\n<li>En espa\u00f1ol :\n<ul>\n<li>QueSabesDe.com : Canon EOS 7D: <a href=\"http:\/\/www.quesabesde.com\/noticias\/canon-eos-7d-analisis-muestras,1_5741\">primeras muestras<\/a><\/li>\n<\/ul>\n<\/li>\n<\/ul>\n","protected":false},"excerpt":{"rendered":"<p>Tops du Canon EOS 7D Une machine \u00e0 faire des rafales : 8 i\/s Excellente sensibilit\u00e9 (jusqu&rsquo;\u00e0 12800 ISO) Le meilleur reflex APS-C chez Canon en ce moment, avec un prix de vente r\u00e9el (pas officiel) toujours en baisse Flops du Canon EOS 7D Si Canon avait limit\u00e9 un peu la r\u00e9solution, la sensibilit\u00e9 aurait [&hellip;]<\/p>\n","protected":false},"author":1,"featured_media":0,"parent":6933,"menu_order":0,"comment_status":"open","ping_status":"open","template":"","meta":{"footnotes":""},"class_list":["post-4078","page","type-page","status-publish","hentry"],"_links":{"self":[{"href":"https:\/\/www.ylovephoto.com\/fr\/wp-json\/wp\/v2\/pages\/4078","targetHints":{"allow":["GET"]}}],"collection":[{"href":"https:\/\/www.ylovephoto.com\/fr\/wp-json\/wp\/v2\/pages"}],"about":[{"href":"https:\/\/www.ylovephoto.com\/fr\/wp-json\/wp\/v2\/types\/page"}],"author":[{"embeddable":true,"href":"https:\/\/www.ylovephoto.com\/fr\/wp-json\/wp\/v2\/users\/1"}],"replies":[{"embeddable":true,"href":"https:\/\/www.ylovephoto.com\/fr\/wp-json\/wp\/v2\/comments?post=4078"}],"version-history":[{"count":0,"href":"https:\/\/www.ylovephoto.com\/fr\/wp-json\/wp\/v2\/pages\/4078\/revisions"}],"up":[{"embeddable":true,"href":"https:\/\/www.ylovephoto.com\/fr\/wp-json\/wp\/v2\/pages\/6933"}],"wp:attachment":[{"href":"https:\/\/www.ylovephoto.com\/fr\/wp-json\/wp\/v2\/media?parent=4078"}],"curies":[{"name":"wp","href":"https:\/\/api.w.org\/{rel}","templated":true}]}}