{"id":4416,"date":"2009-10-26T21:52:25","date_gmt":"2009-10-26T19:52:25","guid":{"rendered":"http:\/\/ylovephoto.com\/fr\/?page_id=4416"},"modified":"2010-10-03T10:31:11","modified_gmt":"2010-10-03T08:31:11","slug":"canon-eos-1d-mkiv","status":"publish","type":"page","link":"https:\/\/www.ylovephoto.com\/fr\/reflex\/canon\/canon-eos-1d-mkiv\/","title":{"rendered":"Canon EOS 1D MkIV"},"content":{"rendered":"<table class=\"right35_box\" border=\"0\">\n<tbody>\n<tr>\n<td><strong><span style=\"color: #800000;\">Tops du Canon EOS 1D MkIV<\/span><\/strong><\/td>\n<\/tr>\n<tr>\n<td>\n<ul>\n<li><\/li>\n<\/ul>\n<\/td>\n<\/tr>\n<tr>\n<td><strong><span style=\"color: #800000;\">Flops du Canon EOS 1D MkIV<\/span><\/strong><\/td>\n<\/tr>\n<tr>\n<td>\n<ul>\n<li><\/li>\n<\/ul>\n<\/td>\n<\/tr>\n<\/tbody>\n<\/table>\n<h4>Caract\u00e9ristiques du Canon EOS 1D MkIV<\/h4>\n<ul>\n<li>Capteur 16,1 MP APS-H CMOS<\/li>\n<li>Rafales : 10 i\/s jusqu&rsquo;\u00e0 des s\u00e9ries de 121 JPEG<\/li>\n<li>Autofocus : 45-point avec 39 capteurs en croix<\/li>\n<li>Vid\u00e9o : Full HD (1080p) avec commandes manuelles<\/li>\n<li>Sensibilit\u00e9 : jusqu&rsquo;\u00e0 102 400 ISO<\/li>\n<li>LCD 3.0\u201d Clear View II avec mode Live View<\/li>\n<li>Dual \u201cDIGIC 4\u201d<\/li>\n<li>Nettoyage du capteur par <em>EOS Integrated Cleaning System<\/em><\/li>\n<\/ul>\n<p><a href=\"http:\/\/www.usa.canon.com\/uploadedimages\/FCK\/Image\/White%20Papers\/EOS-1D%20Mark%20IV%20WP1.pdf\">Canon White Paper for the EOS-1D Mark IV<\/a>.<\/p>\n<h4>Prix officiel du Canon EOS 1D MkIV<\/h4>\n<ul>\n<li>US : $4999, Europe : \u20ac4999, UK : \u00a34999<\/li>\n<li>A partir de fin d\u00e9cembre 2009<\/li>\n<li>Acheter sur <a href=\"http:\/\/www.amazon.fr\/gp\/redirect.html?ie=UTF8&#038;location=http%3A%2F%2Fwww.amazon.fr%2FBoutique-reflex-Content-Stores%2Fb%3Fie%3DUTF8%26node%3D682617011%26ref%255F%3Damb%255Flink%255F81396865%255F7&#038;tag=ylo-21&#038;linkCode=ur2&#038;camp=1642&#038;creative=19458\">Amazon<\/a><img loading=\"lazy\" decoding=\"async\" src=\"https:\/\/www.assoc-amazon.fr\/e\/ir?t=ylo-21&#038;l=ur2&#038;o=8\" width=\"1\" height=\"1\" border=\"0\" alt=\"\" style=\"border:none !important; margin:0px !important;\" \/><\/li>\n<li><a href=\"http:\/\/www.bhphotovideo.com\/search\/ss=Canon&#038;BI=4603&#038;KBID=5095\">Buy it from B&#038;H<\/a> (The Professional&rsquo;s Source)<\/li>\n<\/ul>\n<p><span class=\"adf_shortcode\">[adfever type=\u00a0\u00bbproduct\u00a0\u00bb value=\u00a0\u00bb9613&Prime;]<\/span><\/p>\n<figure id=\"attachment_4643\" aria-describedby=\"caption-attachment-4643\" style=\"width: 287px\" class=\"wp-caption aligncenter\"><a href=\"http:\/\/ylovephoto.com\/en\/wp-content\/uploads\/2009\/10\/canon-eos-mark-iv.jpg\"><img loading=\"lazy\" decoding=\"async\" src=\"http:\/\/ylovephoto.com\/en\/wp-content\/uploads\/2009\/10\/canon-eos-mark-iv-287x300.jpg\" alt=\"Canon EOS 1D Mark IV\" title=\"canon-eos-mark-iv\" width=\"287\" height=\"300\" class=\"size-medium wp-image-4643\" \/><\/a><figcaption id=\"caption-attachment-4643\" class=\"wp-caption-text\">Canon EOS 1D Mark IV<\/figcaption><\/figure>\n<h4>Tests et \u00e9valuations du Canon EOS 1D MkIV<\/h4>\n<ul>\n<li>En fran\u00e7ais :\n<ul>\n<li>Chasseur d&rsquo;Images n\u00b0 319 d\u00e9cembre 2009<\/li>\n<li>Chasseur d&rsquo;Images : <a href=\"http:\/\/www.chassimages.com\/accueil\/Sommaire.xml?info=1324\">pr\u00e9sentation Photim du Canon EOS 1D MkIV<\/a><\/li>\n<li>R\u00e9ponses Photo n\u00b0 213 d\u00e9cembre 2009<\/li>\n<\/ul>\n<\/li>\n<li>In English:\n<ul>\n<li>Vincent Lafor\u00eat: <a href=\"http:\/\/blog.vincentlaforet.com\/2009\/10\/19\/lights-out-camera-action\/\">preview<\/a><\/li>\n<li>Rob Galbraith: <a href=\"http:\/\/www.robgalbraith.com\/bins\/multi_page.asp?cid=7-10044-10310\">preview<\/a><\/li>\n<li>PDN Gear Guide: <a href=\"http:\/\/www.pdngearguide.com\/gearguide\/content_display\/news\/e3i7d72e67f57c981694a5866b4e6d19841\">preview<\/a><\/li>\n<li>Digital Rev <a href=\"http:\/\/www.digitalrev.com\/en\/canon-eos-1d-mark-iv-hands-on-video-5013-article.html\">Canon EOS-1D Mark IV Hands-on Video<\/a><\/li>\n<li><a href=\"http:\/\/canonfieldreviews.com\/canon-1d-markiv\/\">First Impression of the Canon EOS 1D Mk IV<\/a> at Canon Field Reviews<\/li>\n<li><a href=\"http:\/\/www.dpreview.com\/reviews\/canoneos1dmarkIV\/\">Canon EOS-1D Mark IV in-depth review<\/a> (in DPReview)<\/li>\n<li>Darren Harbar as he takes a closer look at the new Canon EOS 1D Mark IV (<a href=\"http:\/\/www.photoanswers.co.uk\/Gear\/Search-Results\/Cameras\/Canon-EOS-1D-Mark-IV---Video-\/\">in video<\/a>).<\/li>\n<\/ul>\n<\/li>\n<li>En Espa\u00f1ol :\n<ul>\n<li>QueSabesDe.com : <a href=\"http:\/\/www.quesabesde.com\/noticias\/canon-eos-1d-mark-iv-analisis-video,1_5768\">Canon EOS-1D Mark IV: toma de contacto<\/a><\/li>\n<li><a href=\"http:\/\/www.dslrmagazine.com\/pruebas\/pruebas-tecnicas\/canon-eos-1d-mark-iv-prueba-2.html\">Canon EOS-1D Mark IV: Prueba<\/a> por DSLR Magazine<\/li>\n<\/ul>\n<\/li>\n<\/ul>\n","protected":false},"excerpt":{"rendered":"<p>Tops du Canon EOS 1D MkIV Flops du Canon EOS 1D MkIV Caract\u00e9ristiques du Canon EOS 1D MkIV Capteur 16,1 MP APS-H CMOS Rafales : 10 i\/s jusqu&rsquo;\u00e0 des s\u00e9ries de 121 JPEG Autofocus : 45-point avec 39 capteurs en croix Vid\u00e9o : Full HD (1080p) avec commandes manuelles Sensibilit\u00e9 : jusqu&rsquo;\u00e0 102 400 ISO [&hellip;]<\/p>\n","protected":false},"author":1,"featured_media":12002,"parent":6933,"menu_order":0,"comment_status":"open","ping_status":"open","template":"","meta":{"footnotes":""},"class_list":["post-4416","page","type-page","status-publish","has-post-thumbnail","hentry"],"_links":{"self":[{"href":"https:\/\/www.ylovephoto.com\/fr\/wp-json\/wp\/v2\/pages\/4416","targetHints":{"allow":["GET"]}}],"collection":[{"href":"https:\/\/www.ylovephoto.com\/fr\/wp-json\/wp\/v2\/pages"}],"about":[{"href":"https:\/\/www.ylovephoto.com\/fr\/wp-json\/wp\/v2\/types\/page"}],"author":[{"embeddable":true,"href":"https:\/\/www.ylovephoto.com\/fr\/wp-json\/wp\/v2\/users\/1"}],"replies":[{"embeddable":true,"href":"https:\/\/www.ylovephoto.com\/fr\/wp-json\/wp\/v2\/comments?post=4416"}],"version-history":[{"count":0,"href":"https:\/\/www.ylovephoto.com\/fr\/wp-json\/wp\/v2\/pages\/4416\/revisions"}],"up":[{"embeddable":true,"href":"https:\/\/www.ylovephoto.com\/fr\/wp-json\/wp\/v2\/pages\/6933"}],"wp:featuredmedia":[{"embeddable":true,"href":"https:\/\/www.ylovephoto.com\/fr\/wp-json\/wp\/v2\/media\/12002"}],"wp:attachment":[{"href":"https:\/\/www.ylovephoto.com\/fr\/wp-json\/wp\/v2\/media?parent=4416"}],"curies":[{"name":"wp","href":"https:\/\/api.w.org\/{rel}","templated":true}]}}