{"id":5109,"date":"2010-02-08T21:41:22","date_gmt":"2010-02-08T19:41:22","guid":{"rendered":"http:\/\/ylovephoto.com\/fr\/?page_id=5109"},"modified":"2011-04-22T17:25:45","modified_gmt":"2011-04-22T15:25:45","slug":"canon-eos-550d","status":"publish","type":"page","link":"https:\/\/www.ylovephoto.com\/fr\/reflex\/canon\/canon-eos-550d\/","title":{"rendered":"Canon EOS 550D"},"content":{"rendered":"<table class=\"right35_box\" border=\"0\">\n<tbody>\n<tr>\n<td><strong><span style=\"color: #800000;\">Tops du Canon EOS 550D<\/span><\/strong><\/td>\n<\/tr>\n<tr>\n<td>\n<ul>\n<li>Modes video HD 720p\/1080p<\/li>\n<li>Haute sensibilit\u00e9 lumineuse\/ISO<\/li>\n<li>Son st\u00e9r\u00e9o, micros int\u00e9gr\u00e9 et externe<\/li>\n<\/ul>\n<\/td>\n<\/tr>\n<tr>\n<td><strong><span style=\"color: #800000;\">Flops du Canon EOS 550D<\/span><\/strong><\/td>\n<\/tr>\n<tr>\n<td>\n<ul>\n<li>Pas d&rsquo;autofocus continu en mode vid\u00e9o<\/li>\n<\/ul>\n<\/td>\n<\/tr>\n<\/tbody>\n<\/table>\n<h4>Caract\u00e9ristiques du Canon EOS 550D \/ Rebel Digital T2i<\/h4>\n<p>T\u00e9l\u00e9charger <a href=\"http:\/\/www.canon-europe.com\/Images\/EOS_550D_Specification_Sheet-v1_0_tcm13-711521.pdf\">EOS 550D &#8211; Specification sheet [PDF, 90 KB]<\/a><\/p>\n<ul>\n<li>Capteur CMOS APS-C \u00e0 18 M\u00e9ga-pixels<\/li>\n<li>Nettoyage du capteur par vibrations<\/li>\n<li>Processeur DIGIC 4<\/li>\n<li>Sensibilit\u00e9 : 100-6400 ISO (Ext. 12800 ISO)<\/li>\n<li>Choix de la valeur max pour <em>ISO Auto<\/em><\/li>\n<li>Obturateur : 30-1\/4000 sec (par incr\u00e9ments de 1\/2 ou 1\/3 diaph\/IL), pause B<\/li>\n<li>Rafales : 3.7 i\/s<\/li>\n<li>Syst\u00e8me d&rsquo;exposition iFCL \u00e0 63 zones (Capteur dual-layer, issu de la technologie Canon EOS 7D)<\/li>\n<li>Autofocus 9 points, zone large<\/li>\n<li>\u00c9cran de s\u00e9lection rapide pour changer les modes d&rsquo;exposition<\/li>\n<li>Enregistrement vid\u00e9o Full HD 1920\u00d71080p avec r\u00e9glages manuels et choix des vitesses d&rsquo;enregistrement (<em>selectable frame rates<\/em> jusqu&rsquo;\u00e0 60 i\/s en 720p)<\/li>\n<li>Fonction de recadrage vid\u00e9o<\/li>\n<li>Compensation d&rsquo;exposition : +\/-5 IL<\/li>\n<li>\u00c9cran LCD : 7.7 cm (3.0\u201d) 3:2 (avec 1,040,000 points)<\/li>\n<li>Prise pour micro st\u00e9r\u00e9o externe 3.5mm<\/li>\n<li>Compatible avec la connexion par Eye-Fi<\/li>\n<li>Mode LiveView (avec AF par contraste)<\/li>\n<li>Viseur : penta-mirroir, couverture 95% (grossissment de 0,87x)<\/li>\n<li>Flash int\u00e9gr\u00e9 (NG 13)<\/li>\n<li>Slot m\u00e9moire pour cartes SD\/SDHC\/SDXC<\/li>\n<li>530g<\/li>\n<\/ul>\n<p>Selon les pays, l&rsquo;appareil photo est vendu par Canon sous des noms diff\u00e9rents :<\/p>\n<ul>\n<li>Europe : Canon EOS 550D<\/li>\n<li>USA : Canon Rebel Digital T2i<\/li>\n<\/ul>\n<div class=\"right_box\"><a target=\"_self\" href=\"http:\/\/rover.ebay.com\/rover\/1\/709-53476-19255-0\/1?icep_ff3=9&#038;pub=5574835443&#038;toolid=10001&#038;campid=5336823100&#038;customid=&#038;icep_uq=Canon+EOS+550D&#038;icep_sellerId=&#038;icep_ex_kw=&#038;icep_sortBy=12&#038;icep_catId=32653&#038;icep_minPrice=&#038;icep_maxPrice=&#038;ipn=psmain&#038;icep_vectorid=229480&#038;kwid=902099&#038;mtid=824&#038;kw=lg\">Canon EOS 550D d&rsquo;<strong>occasion<\/strong><br \/>sur <img decoding=\"async\" src=\"\/images\/logo\/ebay.png\" alt=\"Logo eBay\" width=64 height=35><\/a><img decoding=\"async\" style=\"text-decoration:none;border:0;padding:0;margin:0;\" src=\"http:\/\/rover.ebay.com\/roverimp\/1\/709-53476-19255-0\/1?ff3=9&#038;pub=5574835443&#038;toolid=10001&#038;campid=5336823100&#038;customid=&#038;uq=Canon+EOS+550D&#038;mpt=[CACHEBUSTER]\"><\/div>\n<h4>Prix officiel du Canon EOS 550D<\/h4>\n<ul>\n<li>$779 \/ \u00a3859.99 inc. VAT \/ 759\u20ac (bo\u00eetier seul)<\/li>\n<li>A partir de mars 2010<\/li>\n<li>Buy from <a href=\"http:\/\/www.amazon.com\/b?%5Fencoding=UTF8&#038;site-redirect=&#038;node=3017941&#038;tag=yvesroumazeilles&#038;linkCode=ur2&#038;camp=1789&#038;creative=9325\">Amazon.com<\/a><img loading=\"lazy\" decoding=\"async\" src=\"http:\/\/www.assoc-amazon.com\/e\/ir?t=yvesroumazeilles&#038;l=ur2&#038;o=1\" width=\"1\" height=\"1\" border=\"0\" alt=\"\" style=\"border:none !important; margin:0px !important;\" \/><\/li>\n<li><a href=\"http:\/\/www.bhphotovideo.com\/search\/ss=Canon&#038;BI=4603&#038;KBID=5095\">Buy it from B&#038;H<\/a> (The Professional&rsquo;s Source)<\/li>\n<\/ul>\n<p><span class=\"adf_shortcode\">[adfever type=\u00a0\u00bbproduct\u00a0\u00bb value=\u00a0\u00bb11521456&Prime;]<\/span><\/p>\n<figure id=\"attachment_5299\" aria-describedby=\"caption-attachment-5299\" style=\"width: 500px\" class=\"wp-caption aligncenter\"><img loading=\"lazy\" decoding=\"async\" src=\"http:\/\/ylovephoto.com\/en\/wp-content\/uploads\/2010\/02\/Canon_EOS-550D_1.jpg\" alt=\"Canon EOS 550D\" title=\"Canon_EOS-550D_1\" width=\"500\" height=\"375\" class=\"size-full wp-image-5299\" \/><figcaption id=\"caption-attachment-5299\" class=\"wp-caption-text\">Canon EOS 550D<\/figcaption><\/figure>\n<figure id=\"attachment_5300\" aria-describedby=\"caption-attachment-5300\" style=\"width: 500px\" class=\"wp-caption aligncenter\"><img loading=\"lazy\" decoding=\"async\" src=\"http:\/\/ylovephoto.com\/en\/wp-content\/uploads\/2010\/02\/Canon_EOS-550D_2.jpg\" alt=\"Canon EOS 550D\" title=\"Canon_EOS-550D_2\" width=\"500\" height=\"368\" class=\"size-full wp-image-5300\" \/><figcaption id=\"caption-attachment-5300\" class=\"wp-caption-text\">Canon EOS 550D<\/figcaption><\/figure>\n<figure id=\"attachment_5301\" aria-describedby=\"caption-attachment-5301\" style=\"width: 400px\" class=\"wp-caption aligncenter\"><img loading=\"lazy\" decoding=\"async\" src=\"http:\/\/ylovephoto.com\/en\/wp-content\/uploads\/2010\/02\/Canon_EOS-550D_3.jpg\" alt=\"Canon EOS 550D\" title=\"Canon_EOS-550D_3\" width=\"400\" height=\"438\" class=\"size-full wp-image-5301\" \/><figcaption id=\"caption-attachment-5301\" class=\"wp-caption-text\">Canon EOS 550D<\/figcaption><\/figure>\n<h4>Tests et \u00e9valuations du Canon EOS 550D<\/h4>\n<ul>\n<li>En fran\u00e7ais :\n<ul>\n<li>Chasseur d&rsquo;Images (<a href=\"http:\/\/www.chassimages.com\/accueil\/Sommaire.xml?info=1342\">pr\u00e9sentation rapide<\/a> sur Photim)<\/li>\n<\/ul>\n<\/li>\n<li>In English:\n<ul>\n<li>DP Review (<a href=\"http:\/\/www.dpreview.com\/previews\/CanonEOS550D\/\">Hands-on preview of the Canon EOS 550D \/ T2i<\/a>, <a href=\"http:\/\/www.dpreview.com\/reviews\/canoneos550d\/\">In-depth review of the Canon EOS 550D \/ Rebel T2i \/ Kiss X4 Digital<\/a>)<\/li>\n<li>Photography Blog, <a href=\"http:\/\/www.photographyblog.com\/news\/canon_eos_550d_hands-on\/\">Canon EOS 550D Hands-On<\/a><\/li>\n<li><a href=\"http:\/\/www.photographyblog.com\/news\/canon_eos_550d_rebel_t2i_gets_dxomarked\/\">Canon EOS 550D \/ Rebel T2i Gets DxOMarked<\/a> at PhotographyBlog<\/li>\n<li><a href=\"http:\/\/www.digitalrev.com\/en\/canon-eos-550d-vs-dot-7d-c-which-one-is-right-for-you-5244-article.html\">Canon EOS 550D vs. 7D<\/a> at DigitalRev<\/li>\n<li><a href=\"http:\/\/www.digitalrev.com\/en\/canon-eos-550d-7d-and-5d-mark-ii-at-a-glance-comparison-5223-article.html\">Canon EOS 550D, 7D &#038; 5D Mark II at a Glance Comparison<\/a> at DigitalRev<\/li>\n<li><a href=\"http:\/\/www.digitalrev.com\/en\/canon-eos-550d-rebel-ti2-hands-on-review-and-field-test-5216-article.html\">Canon EOS 550D \/ Rebel T2i Hands-on Review and Field Test<\/a> at DigitalRev<\/li>\n<li>PhotoAnswers provides a <a href=\"http:\/\/www.photoanswers.co.uk\/Gear\/Search-Results\/Cameras\/Canon-EOS-550D\/\">Canon EOS 550D review<\/a>: Does the new Canon EOS 550D offer enough to fight off some very stiff competition in the entry-level market?<\/li>\n<li>Digital Rev&rsquo;s <a href=\"http:\/\/www.digitalrev.com\/en\/nikon-d90-vs-canon-550d-destruction-test-6481-article.html\">Nikon D90 vs Canon 550D Destruction Test<\/a> (video)<\/li>\n<li>Digital Rev&rsquo;s <a href=\"http:\/\/www.digitalrev.com\/en\/canon-550d-vs-50d-hands-on-review-6306-article.html\">Canon 550D vs 50D Hands-on Review<\/a> (video)<\/li>\n<li><a href=\"http:\/\/www.digitalrev.com\/en\/canon-60d-vs-550d-vs-7d---which-one-is-better-6775-article.html\">Canon 60D vs 550D vs 7D &#8211; which one is better?<\/a> (a video by DigitalRev)<\/li>\n<li>DigitalRev: <a href=\"http:\/\/www.digitalrev.com\/en\/canon-eos-600d-vs-550d---is-it-really-better-8274-article.html\">Canon EOS 600D vs 550D &#8211; Is it really better?<\/a> (video)<\/li>\n<\/ul>\n<\/li>\n<li>En espa\u00f1ol :\n<ul>\n<li>DSLR magazine: introduccion de la <a href=\"http:\/\/www.dslrmagazine.com\/digital\/camaras-reflex-monoculares-digitales\/canon-eos-550d-2.html\">Canon EOS 550D<\/a><\/li>\n<li>Canon EOS 550D: <a href=\"http:\/\/www.quesabesde.com\/noticias\/canon-eos-550d-analisis,1_6067\">toma de contacto<\/a> (QUESABESDE.COM)<\/li>\n<li>Canon EOS 550D: <a href=\"http:\/\/www.quesabesde.com\/camaras-digitales\/camaras\/canon-eos-550d-videos,4614.html\">4:47 minutos de video de la nueva aspirante a \u00ab\u00a0best seller\u00a0\u00bb de Canon<\/a> (QUESABESDE.COM)<\/li>\n<li>Canon EOS 550D: <a href=\"http:\/\/www.quesabesde.com\/camaras-digitales\/camaras\/canon-eos-550d-analisis,4614.html\">Megap\u00edxeles y algo m\u00e1s<\/a> (QUESABESDE.COM)<\/li>\n<\/ul>\n<\/li>\n<\/ul>\n<figure id=\"attachment_5114\" aria-describedby=\"caption-attachment-5114\" style=\"width: 500px\" class=\"wp-caption aligncenter\"><img loading=\"lazy\" decoding=\"async\" src=\"http:\/\/ylovephoto.com\/fr\/wp-content\/uploads\/2010\/02\/Canon_EOS-500D_dark2.jpg\" alt=\"Canon EOS 550D\" title=\"Canon_EOS-500D_dark2\" width=\"500\" height=\"393\" class=\"size-full wp-image-5114\" srcset=\"https:\/\/www.ylovephoto.com\/fr\/wp-content\/uploads\/2010\/02\/Canon_EOS-500D_dark2.jpg 500w, https:\/\/www.ylovephoto.com\/fr\/wp-content\/uploads\/2010\/02\/Canon_EOS-500D_dark2-300x235.jpg 300w\" sizes=\"auto, (max-width: 500px) 100vw, 500px\" \/><figcaption id=\"caption-attachment-5114\" class=\"wp-caption-text\">Canon EOS 550D<\/figcaption><\/figure>\n<figure id=\"attachment_5115\" aria-describedby=\"caption-attachment-5115\" style=\"width: 500px\" class=\"wp-caption aligncenter\"><img loading=\"lazy\" decoding=\"async\" src=\"http:\/\/ylovephoto.com\/fr\/wp-content\/uploads\/2010\/02\/Canon_EOS-500D_dark1.jpg\" alt=\"Canon EOS 550D\" title=\"Canon_EOS-500D_dark1\" width=\"500\" height=\"378\" class=\"size-full wp-image-5115\" srcset=\"https:\/\/www.ylovephoto.com\/fr\/wp-content\/uploads\/2010\/02\/Canon_EOS-500D_dark1.jpg 500w, https:\/\/www.ylovephoto.com\/fr\/wp-content\/uploads\/2010\/02\/Canon_EOS-500D_dark1-300x226.jpg 300w\" sizes=\"auto, (max-width: 500px) 100vw, 500px\" \/><figcaption id=\"caption-attachment-5115\" class=\"wp-caption-text\">Canon EOS 550D<\/figcaption><\/figure>\n","protected":false},"excerpt":{"rendered":"<p>Tops du Canon EOS 550D Modes video HD 720p\/1080p Haute sensibilit\u00e9 lumineuse\/ISO Son st\u00e9r\u00e9o, micros int\u00e9gr\u00e9 et externe Flops du Canon EOS 550D Pas d&rsquo;autofocus continu en mode vid\u00e9o Caract\u00e9ristiques du Canon EOS 550D \/ Rebel Digital T2i T\u00e9l\u00e9charger EOS 550D &#8211; Specification sheet [PDF, 90 KB] Capteur CMOS APS-C \u00e0 18 M\u00e9ga-pixels Nettoyage du [&hellip;]<\/p>\n","protected":false},"author":1,"featured_media":8628,"parent":6933,"menu_order":0,"comment_status":"open","ping_status":"open","template":"","meta":{"footnotes":""},"class_list":["post-5109","page","type-page","status-publish","has-post-thumbnail","hentry"],"_links":{"self":[{"href":"https:\/\/www.ylovephoto.com\/fr\/wp-json\/wp\/v2\/pages\/5109","targetHints":{"allow":["GET"]}}],"collection":[{"href":"https:\/\/www.ylovephoto.com\/fr\/wp-json\/wp\/v2\/pages"}],"about":[{"href":"https:\/\/www.ylovephoto.com\/fr\/wp-json\/wp\/v2\/types\/page"}],"author":[{"embeddable":true,"href":"https:\/\/www.ylovephoto.com\/fr\/wp-json\/wp\/v2\/users\/1"}],"replies":[{"embeddable":true,"href":"https:\/\/www.ylovephoto.com\/fr\/wp-json\/wp\/v2\/comments?post=5109"}],"version-history":[{"count":0,"href":"https:\/\/www.ylovephoto.com\/fr\/wp-json\/wp\/v2\/pages\/5109\/revisions"}],"up":[{"embeddable":true,"href":"https:\/\/www.ylovephoto.com\/fr\/wp-json\/wp\/v2\/pages\/6933"}],"wp:featuredmedia":[{"embeddable":true,"href":"https:\/\/www.ylovephoto.com\/fr\/wp-json\/wp\/v2\/media\/8628"}],"wp:attachment":[{"href":"https:\/\/www.ylovephoto.com\/fr\/wp-json\/wp\/v2\/media?parent=5109"}],"curies":[{"name":"wp","href":"https:\/\/api.w.org\/{rel}","templated":true}]}}