{"id":6605,"date":"2010-08-23T19:31:58","date_gmt":"2010-08-23T17:31:58","guid":{"rendered":"http:\/\/ylovephoto.com\/fr\/?page_id=6605"},"modified":"2011-04-07T21:22:34","modified_gmt":"2011-04-07T19:22:34","slug":"canon-eos-60d","status":"publish","type":"page","link":"https:\/\/www.ylovephoto.com\/fr\/reflex\/canon\/canon-eos-60d\/","title":{"rendered":"Canon EOS 60D"},"content":{"rendered":"<table class=\"right35_box\" border=\"0\">\n<tbody>\n<tr>\n<td><strong><span style=\"color: #800000;\">Tops du Canon EOS 60D<\/span><\/strong><\/td>\n<\/tr>\n<tr>\n<td>\n<ul>\n<li>\u00c9cran LCD arri\u00e8re articul\u00e9<\/li>\n<li>Superbe qualit\u00e9 d&rsquo;image et gestion du bruit<\/li>\n<\/ul>\n<\/td>\n<\/tr>\n<tr>\n<td><strong><span style=\"color: #800000;\">Flops du Canon EOS 60D<\/span><\/strong><\/td>\n<\/tr>\n<tr>\n<td>\n<ul>\n<li>Pas de tropicalisation<\/li>\n<\/ul>\n<\/td>\n<\/tr>\n<\/tbody>\n<\/table>\n<h4>Caract\u00e9ristiques du Canon EOS 60D<\/h4>\n<ul>\n<li>Capteur CMOS \u00e0 18 MP (APS-C)<\/li>\n<li>Digic 4<\/li>\n<li>Sensibilit\u00e9 :100-6400 ISO (Hi: 12800 ISO)<\/li>\n<li>Mesure d&rsquo;exposition : syst\u00e8me iFCL (d\u00e9j\u00e0 pr\u00e9sent sur le <a href=\"\/fr\/reflex\/canon-eos-7d\">EOS 7D<\/a>)<\/li>\n<li>Rafales : 5.3 images\/s<\/li>\n<li>Viseur : 98% avec grandissement x0,95 (verre de vis\u00e9e interchangeable)<\/li>\n<li>Mode Vid\u00e9o Full HD (\u00e0 partir du 1080p \u00e0 30 i\/s) avec contr\u00f4les manuels<\/li>\n<li>Syst\u00e8me AF \u00e0 9 points (nouveau syst\u00e8me \u00e0 9 croix, tous \u00e0 f\/5.6 sauf f\/2.8 au centre)<\/li>\n<li>Autofocus am\u00e9lior\u00e9 pour la Vid\u00e9o HD et disponible en mode LiveView<\/li>\n<li>Mode LiveView<\/li>\n<li>Manipulation d&rsquo;images RAW : luminosit\u00e9, contraste, balance des blanc, correction de la distorsion ou de l&rsquo;aberration chromatique<\/li>\n<li>\u00c9cran LCD 3&Prime; (76mm) \u00e0 1040k pixels, totalement orientable<\/li>\n<li>Flash int\u00e9gr\u00e9 NG 13 (capable de piloter d&rsquo;autres flashes \u00e0 distance)<\/li>\n<li>Slot m\u00e9moire : SD\/SDHC\/SDXC<\/li>\n<li>755g<\/li>\n<\/ul>\n<figure id=\"attachment_6827\" aria-describedby=\"caption-attachment-6827\" style=\"width: 500px\" class=\"wp-caption aligncenter\"><img loading=\"lazy\" decoding=\"async\" src=\"http:\/\/ylovephoto.com\/en\/wp-content\/uploads\/2010\/08\/Canon_EOS_60D_face.jpg\" alt=\"Canon EOS 60D\" title=\"Canon_EOS_60D_face\" width=\"500\" height=\"383\" class=\"size-full wp-image-6827\" \/><figcaption id=\"caption-attachment-6827\" class=\"wp-caption-text\">Canon EOS 60D<\/figcaption><\/figure>\n<h4>Prix officiel du Canon EOS 60D<\/h4>\n<ul>\n<li>1149\u20ac \/ \u00a31099 \/ US$1099 (boitier seul)<\/li>\n<li>\u00e0 partir de septembre 2010<\/li>\n<li>Acheter sur <a href=\"http:\/\/www.amazon.fr\/gp\/redirect.html?ie=UTF8&#038;location=http%3A%2F%2Fwww.amazon.fr%2FBoutique-reflex-Content-Stores%2Fb%3Fie%3DUTF8%26node%3D682617011%26ref%255F%3Damb%255Flink%255F81396865%255F7&#038;tag=ylo-21&#038;linkCode=ur2&#038;camp=1642&#038;creative=19458\">Amazon<\/a><img loading=\"lazy\" decoding=\"async\" src=\"https:\/\/www.assoc-amazon.fr\/e\/ir?t=ylo-21&#038;l=ur2&#038;o=8\" width=\"1\" height=\"1\" border=\"0\" alt=\"\" style=\"border:none !important; margin:0px !important;\" \/><\/li>\n<li><a href=\"http:\/\/www.bhphotovideo.com\/search\/ss=Canon&#038;BI=4603&#038;KBID=5095\">Buy it from B&#038;H<\/a> (The Professional&rsquo;s Source)<\/li>\n<\/ul>\n<p><span class=\"adf_shortcode\">[adfever type=\u00a0\u00bbproduct\u00a0\u00bb value=\u00a0\u00bb3526600&Prime;]<\/span><\/p>\n<figure id=\"attachment_6828\" aria-describedby=\"caption-attachment-6828\" style=\"width: 500px\" class=\"wp-caption aligncenter\"><img loading=\"lazy\" decoding=\"async\" src=\"http:\/\/ylovephoto.com\/en\/wp-content\/uploads\/2010\/08\/Canon_EOS_60D_back.jpg\" alt=\"Canon EOS 60D\" title=\"Canon_EOS_60D_back\" width=\"500\" height=\"379\" class=\"size-full wp-image-6828\" \/><figcaption id=\"caption-attachment-6828\" class=\"wp-caption-text\">Canon EOS 60D<\/figcaption><\/figure>\n<p><a name=\"tests\"><br \/>\n<a name=\"reviews\"><\/p>\n<h4>Tests et \u00e9valuations du Canon EOS 60D<\/h4>\n<ul>\n<li>En fran\u00e7ais :\n<ul>\n<li>Chasseur d&rsquo;Images n\u00b0 327 octobre 2010<\/li>\n<li>R\u00e9ponses Photo n\u00b0 223 octobre 2010<\/li>\n<\/ul>\n<\/li>\n<li>In English:\n<ul>\n<li>DPreview : Canon EOS 60D <a href=\"http:\/\/www.dpreview.com\/previews\/canoneos60d\/\">Preview<\/a> and <a href=\"http:\/\/www.dpreview.com\/reviews\/canoneos60d\/\">In-Depth Review<\/a><\/li>\n<li>DigitalRev&rsquo;s <a href=\"http:\/\/www.digitalrev.com\/en\/canon-60d-hands-on-review-6670-article.html\">hands-on review<\/a><\/li>\n<li><a href=\"http:\/\/www.digitalrev.com\/en\/60d_kai-6754-article.html\">Canon 60D Hands-on Review: Your Questions Answered<\/a> (a video by DigitalRev)<\/li>\n<li><a href=\"http:\/\/www.digitalrev.com\/en\/canon-eos-60d-vs-dot-nikon-d7000---which-one-is-right-for-you-6719-article.html\">Canon EOS 60D VS. Nikon D7000 &#8211; Which one is right for you?<\/a> (a video by DigitalRev)<\/li>\n<li><a href=\"http:\/\/www.digitalrev.com\/en\/canon-60d-vs-550d-vs-7d---which-one-is-better-6775-article.html\">Canon 60D vs 550D vs 7D &#8211; which one is better?<\/a> (a video by DigitalRev)<\/li>\n<li><a href=\"http:\/\/www.photographyblog.com\/reviews\/canon_eos_60d_review\/\">Canon EOS 60D Review<\/a> (Photography Blog)<\/li>\n<li>PhotoAnswers video: <a href=\"http:\/\/www.photoanswers.co.uk\/Gear\/Search-Results\/Cameras\/Canon-EOS-60D-First-Look-Video\/\">Canon EOS 60D First Look Video<\/a><\/li>\n<li>RiceHigh&rsquo;s Pentax Blog: <a href=\"http:\/\/ricehigh.blogspot.com\/2010\/11\/interesting-af-performance-tests-and.html\">Interesting AF Performance Tests and Comparison: K-5 Vs K-7 Vs D7000 Vs D60<\/a><\/li>\n<li><a href=\"http:\/\/www.photoanswers.co.uk\/Gear\/Search-Results\/Cameras\/Canon-EOS-60D\/\">Canon EOS 60D review<\/a> at Photo Answers<\/li>\n<li><a href=\"http:\/\/www.digital-photography-school.com\/canon-eos-60d-review\">Canon EOS 60D Review<\/a> at Digital Photography School<\/li>\n<li>Gear Reviews: <a href=\"http:\/\/www.photoanswers.co.uk\/Gear\/Search-Results\/Cameras\/Canon-EOS-60D2\/\">Canon EOS 60D<\/a><\/li>\n<li><a href=\"http:\/\/www.digitalslrphoto.com\/dslrreviews\/701022\/canon_eos_60d_review.html\">Canon EOS 60D review<\/a> (@ Digital SLR Photography)<\/li>\n<li>The Discerning Photographer: <a href=\"http:\/\/thediscerningphotographer.com\/2011\/01\/20\/nikon-d7000-vs-canon-60d\/\">DSLR Camera Review: Nikon D7000 vs. Canon 60D<\/a><\/li>\n<li>DigitalRev: <a href=\"http:\/\/www.digitalrev.com\/en\/canon-eos-600d-t3i-vs-60d-which-one-is-better-plus-bonus-material-8218-article.html\">Canon EOS 600D (T3i) vs 60D: Which one is better?<\/a> (video)<\/li>\n<\/ul>\n<\/li>\n<li>En espa\u00f1ol :\n<ul>\n<li><a href=\"http:\/\/www.quesabesde.com\/noticias\/canon-eos-60d-analisis,1_6676\">Canon EOS 60D: toma de contacto<\/a> y <a href=\"http:\/\/www.quesabesde.com\/noticias\/canon-eos-60d-analisis-fotos-videos,1_6980\">an\u00e1lisis<\/a> (QueSabesDe.com)<\/li>\n<\/ul>\n<\/li>\n<\/ul>\n<figure id=\"attachment_6829\" aria-describedby=\"caption-attachment-6829\" style=\"width: 500px\" class=\"wp-caption aligncenter\"><img loading=\"lazy\" decoding=\"async\" src=\"http:\/\/ylovephoto.com\/en\/wp-content\/uploads\/2010\/08\/Canon_EOS_60D_top.jpg\" alt=\"Canon EOS 60D\" title=\"Canon_EOS_60D_top\" width=\"500\" height=\"335\" class=\"size-full wp-image-6829\" \/><figcaption id=\"caption-attachment-6829\" class=\"wp-caption-text\">Canon EOS 60D<\/figcaption><\/figure>\n","protected":false},"excerpt":{"rendered":"<p>Tops du Canon EOS 60D \u00c9cran LCD arri\u00e8re articul\u00e9 Superbe qualit\u00e9 d&rsquo;image et gestion du bruit Flops du Canon EOS 60D Pas de tropicalisation Caract\u00e9ristiques du Canon EOS 60D Capteur CMOS \u00e0 18 MP (APS-C) Digic 4 Sensibilit\u00e9 :100-6400 ISO (Hi: 12800 ISO) Mesure d&rsquo;exposition : syst\u00e8me iFCL (d\u00e9j\u00e0 pr\u00e9sent sur le EOS 7D) Rafales [&hellip;]<\/p>\n","protected":false},"author":1,"featured_media":8510,"parent":6933,"menu_order":0,"comment_status":"open","ping_status":"open","template":"","meta":{"footnotes":""},"class_list":["post-6605","page","type-page","status-publish","has-post-thumbnail","hentry"],"_links":{"self":[{"href":"https:\/\/www.ylovephoto.com\/fr\/wp-json\/wp\/v2\/pages\/6605","targetHints":{"allow":["GET"]}}],"collection":[{"href":"https:\/\/www.ylovephoto.com\/fr\/wp-json\/wp\/v2\/pages"}],"about":[{"href":"https:\/\/www.ylovephoto.com\/fr\/wp-json\/wp\/v2\/types\/page"}],"author":[{"embeddable":true,"href":"https:\/\/www.ylovephoto.com\/fr\/wp-json\/wp\/v2\/users\/1"}],"replies":[{"embeddable":true,"href":"https:\/\/www.ylovephoto.com\/fr\/wp-json\/wp\/v2\/comments?post=6605"}],"version-history":[{"count":0,"href":"https:\/\/www.ylovephoto.com\/fr\/wp-json\/wp\/v2\/pages\/6605\/revisions"}],"up":[{"embeddable":true,"href":"https:\/\/www.ylovephoto.com\/fr\/wp-json\/wp\/v2\/pages\/6933"}],"wp:featuredmedia":[{"embeddable":true,"href":"https:\/\/www.ylovephoto.com\/fr\/wp-json\/wp\/v2\/media\/8510"}],"wp:attachment":[{"href":"https:\/\/www.ylovephoto.com\/fr\/wp-json\/wp\/v2\/media?parent=6605"}],"curies":[{"name":"wp","href":"https:\/\/api.w.org\/{rel}","templated":true}]}}