{"id":9408,"date":"2011-02-07T22:55:22","date_gmt":"2011-02-07T20:55:22","guid":{"rendered":"http:\/\/ylovephoto.com\/fr\/"},"modified":"2011-04-23T11:50:06","modified_gmt":"2011-04-23T09:50:06","slug":"canon-eos-1100d","status":"publish","type":"page","link":"https:\/\/www.ylovephoto.com\/fr\/reflex\/canon\/canon-eos-1100d\/","title":{"rendered":"Canon EOS 1100D"},"content":{"rendered":"<table class=\"right35_box\" border=\"0\">\n<tbody>\n<tr>\n<td>\n<h4>Tops du Canon EOS 1100D<\/h4>\n<\/td>\n<\/tr>\n<tr>\n<td>\n<ul>\n<li>Tout est l\u00e9g\u00e8rement mieux que sur le pr\u00e9c\u00e9dent EOS 1000D<\/li>\n<li>Rafales nerveuses<\/li>\n<\/ul>\n<\/td>\n<\/tr>\n<tr>\n<td>\n<h4>Flops du Canon EOS 1100D<\/h4>\n<\/td>\n<\/tr>\n<tr>\n<td>\n<ul>\n<li><\/li>\n<\/ul>\n<\/td>\n<\/tr>\n<\/tbody>\n<\/table>\n<p><P>A noter : le Canon EOS 1100D est \u00e9galement distribu\u00e9 aux USA sous le nom de Canon Rebel T3, et au Japon et en Chine sous le nom de Canon Kiss X50. Ce sont bien les m\u00eames appareils malgr\u00e9 ces noms diff\u00e9rents.<\/p>\n<h4>Caract\u00e9ristiques du Canon EOS 1000D<\/h4>\n<ul>\n<li>Capteur CMOS 12 MP<\/li>\n<li>Vid\u00e9o HD<\/li>\n<li>Processeur Digic IV<\/li>\n<li>Sensibilit\u00e9 : 100 \u00e0 6400 ISO<\/li>\n<li>Mesure de la lumi\u00e8re emprunt\u00e9e au EOS 7D : 63 zones<\/li>\n<li>Autofocus \u00e0 9 zones<\/li>\n<li>Rafales \u00e0 3 images\/s<\/li>\n<li>Petit \u00e9cran LCD 2,7&Prime; avec une r\u00e9solution de 230.000 points<\/li>\n<li>Mode <code>Basic+<\/code> pour les d\u00e9butants<\/li>\n<li>Poids : 495g<\/li>\n<\/ul>\n<h4>Prix officiel du Canon EOS 1100D<\/h4>\n<ul>\n<li>EOS 1100D : \u00a3410.00\/490.00\u20ac, boitier nu<\/li>\n<li>EOS 1100D en kit avec le zoom 18-55 mm f\/3.5-5.6 IS II : \u00a3499.00\/599.00\u20ac<\/li>\n<li>EOS 1100D en kit avec le zoom 18-55 mm f\/3.5-5.6 IS III : \u00a3459.00\/550.00\u20ac<\/li>\n<li>Disponible \u00e0 partir de d\u00e9but avril 2011<\/li>\n<li>Acheter sur <a href=\"http:\/\/www.amazon.fr\/gp\/redirect.html?ie=UTF8&#038;location=http%3A%2F%2Fwww.amazon.fr%2FBoutique-reflex-Content-Stores%2Fb%3Fie%3DUTF8%26node%3D682617011%26ref%255F%3Damb%255Flink%255F81396865%255F7&#038;tag=ylo-21&#038;linkCode=ur2&#038;camp=1642&#038;creative=19458\">Amazon<\/a><img loading=\"lazy\" decoding=\"async\" src=\"https:\/\/www.assoc-amazon.fr\/e\/ir?t=ylo-21&#038;l=ur2&#038;o=8\" width=\"1\" height=\"1\" border=\"0\" alt=\"\" style=\"border:none !important; margin:0px !important;\" \/><\/li>\n<li><a href=\"http:\/\/www.bhphotovideo.com\/search\/ss=Canon&#038;BI=4603&#038;KBID=5095\">Buy it from B&#038;H<\/a> (The Professional&rsquo;s Source)<\/li>\n<\/ul>\n<p><span class=\"adf_shortcode\">[adfever type=\u00a0\u00bbproduct\u00a0\u00bb value=\u00a0\u00bb2503104&Prime;]<\/span><\/p>\n<p><a name=\"tests\"><br \/>\n<a name=\"reviews\"><\/p>\n<h4>Tests et \u00e9valuations du Canon EOS 1100D<\/h4>\n<ul>\n<li>En fran\u00e7ais :\n<ul>\n<li>Chasseur d&rsquo;Images n\u00b0331 (f\u00e9vrier-mars 2011) : Galop d&rsquo;essai pour le Canon EOS 1100D<\/li>\n<li>Chasseur d&rsquo;Images n\u00b0332 (mars-avril 2011) : Grand test du Canon EOS 1100D<\/li>\n<\/ul>\n<\/li>\n<li>In English:\n<ul>\n<li>DPReview: <a href=\"http:\/\/www.dpreview.com\/previews\/canoneos1100d\/\">Hands-on preview<\/a> and <a href=\"http:\/\/www.dpreview.com\/reviews\/canoneos1100d\/\">19-page review<\/a><\/li>\n<li>Imaging Resource: <a href=\"http:\/\/www.imaging-resource.com\/PRODS\/T3\/T3A.HTM\">Preview<\/a><\/ul>\n<li><a href=\"http:\/\/www.photographyblog.com\/reviews\/canon_eos_1100d_review\/\">Canon EOS 1100D Review<\/a> at Photography Blog<\/li>\n<li>DPS: <a href=\"http:\/\/www.digital-photography-school.com\/canon-rebel-t3-eos-1100d-review\">Canon Rebel T3 (EOS 1100D) Review<\/a><\/li>\n<li><a href=\"http:\/\/www.digitalrev.com\/en\/canon-eos-1100d-rebel-t3-hands-on-review-8477-article.html\">Canon EOS 1100D (Rebel T3) Hands-on Review<\/a> (video @ Digital Rev)<\/li>\n<\/ul>\n<\/li>\n<li>En espa\u00f1ol :\n<ul>\n<li>Canon EOS 1100D: <a href=\"http:\/\/www.quesabesde.com\/noticias\/canon-eos-1100d-analisis-fotos-video,1_7272\">toma de contacto<\/a> (@ QueSabesDe.com)<\/li>\n<\/ul>\n<\/li>\n<\/ul>\n","protected":false},"excerpt":{"rendered":"<p>Tops du Canon EOS 1100D Tout est l\u00e9g\u00e8rement mieux que sur le pr\u00e9c\u00e9dent EOS 1000D Rafales nerveuses Flops du Canon EOS 1100D A noter : le Canon EOS 1100D est \u00e9galement distribu\u00e9 aux USA sous le nom de Canon Rebel T3, et au Japon et en Chine sous le nom de Canon Kiss X50. Ce [&hellip;]<\/p>\n","protected":false},"author":1,"featured_media":0,"parent":6933,"menu_order":0,"comment_status":"open","ping_status":"open","template":"","meta":{"footnotes":""},"class_list":["post-9408","page","type-page","status-publish","hentry"],"_links":{"self":[{"href":"https:\/\/www.ylovephoto.com\/fr\/wp-json\/wp\/v2\/pages\/9408","targetHints":{"allow":["GET"]}}],"collection":[{"href":"https:\/\/www.ylovephoto.com\/fr\/wp-json\/wp\/v2\/pages"}],"about":[{"href":"https:\/\/www.ylovephoto.com\/fr\/wp-json\/wp\/v2\/types\/page"}],"author":[{"embeddable":true,"href":"https:\/\/www.ylovephoto.com\/fr\/wp-json\/wp\/v2\/users\/1"}],"replies":[{"embeddable":true,"href":"https:\/\/www.ylovephoto.com\/fr\/wp-json\/wp\/v2\/comments?post=9408"}],"version-history":[{"count":0,"href":"https:\/\/www.ylovephoto.com\/fr\/wp-json\/wp\/v2\/pages\/9408\/revisions"}],"up":[{"embeddable":true,"href":"https:\/\/www.ylovephoto.com\/fr\/wp-json\/wp\/v2\/pages\/6933"}],"wp:attachment":[{"href":"https:\/\/www.ylovephoto.com\/fr\/wp-json\/wp\/v2\/media?parent=9408"}],"curies":[{"name":"wp","href":"https:\/\/api.w.org\/{rel}","templated":true}]}}