{"id":980,"date":"2008-12-21T17:47:57","date_gmt":"2008-12-21T15:47:57","guid":{"rendered":"http:\/\/ylovephoto.com\/fr\/?page_id=980"},"modified":"2009-05-26T22:41:31","modified_gmt":"2009-05-26T20:41:31","slug":"abonnements-syndication-rss","status":"publish","type":"page","link":"https:\/\/www.ylovephoto.com\/fr\/informations-legales\/abonnements-syndication-rss\/","title":{"rendered":"Abonnements \/ Syndication RSS"},"content":{"rendered":"<p>Si vous souhaitez rester en contact avec <strong>YLovePhoto.com<\/strong> et \u00eatre inform\u00e9 \u00e0 chaque nouvelle information, vous pouvez vous abonner gratuitement aux fils de syndication RSS que nous mettons \u00e0 votre disposition :<\/p>\n<ul>\n<li>Site en fran\u00e7ais :\n<ul>\n<li><a href=\"http:\/\/feeds.feedburner.com\/ylovephoto-fr\" title=\"Ces actualit\u00e9s sur votre site\">Abonnez-vous \u00e0 tous les nouveaux articles (par RSS) <img loading=\"lazy\" decoding=\"async\" src=\"\/images\/v0\/feed-icon.gif\" width=\"12\" height=\"12\" border=\"0\" alt=\"Ces actualit\u00e9s sur votre site\"><\/a><\/li>\n<li><a href=\"http:\/\/feedburner.google.com\/fb\/a\/mailverify?uri=ylovephoto-fr&amp;loc=fr_FR\" title=\"Ces actualit\ufffds par Email\">Abonnez-vous \u00e0 tous les nouveaux articles (par Email) <img loading=\"lazy\" decoding=\"async\" src=\"\/images\/v0\/email.png\" width=\"12\" height=\"12\" border=\"0\" alt=\"Subscribe using Email\"><\/a><\/li>\n<li><a href=\"http:\/\/ylovephoto.com\/fr\/comments\/feed\/\" title=\"Commentaires sur votre site\">Abonnez-vous aux commentaires des visiteurs <img loading=\"lazy\" decoding=\"async\" src=\"\/images\/v0\/feed-icon.gif\" width=\"12\" height=\"12\" border=\"0\" alt=\"Commentaires sur votre site\"><\/a><\/li>\n<li><a href=\"http:\/\/ylovephoto.com\/fr\/comments\/feed\/\" title=\"Les portfolios, chaque semaine\">Abonnez-vous aux portfolios <img loading=\"lazy\" decoding=\"async\" src=\"\/images\/v0\/feed-icon.gif\" width=\"12\" height=\"12\" border=\"0\" alt=\"Les portfolios, chaque semaine\"><\/a><\/li>\n<\/ul>\n<\/li>\n<li>Site in English:\n<ul>\n<li><a href=\"http:\/\/feeds.feedburner.com\/ylovephoto-en\" title=\"Syndicate this site using RSS\">Subscribe to all the news Posts (in RSS) <img loading=\"lazy\" decoding=\"async\" src=\"\/images\/v0\/feed-icon.gif\" width=\"12\" height=\"12\" border=\"0\" alt=\"Syndicate this site using RSS\"><\/a><\/li>\n<li><a href=\"http:\/\/feedburner.google.com\/fb\/a\/mailverify?uri=ylovephoto-en&amp;loc=en_US\" title=\"Subscribe using Email\">Subscribe to all the news Posts (by email) <img loading=\"lazy\" decoding=\"async\" src=\"\/images\/v0\/email.png\" width=\"12\" height=\"12\" border=\"0\" alt=\"Subscribe using Email\"><\/a><\/li>\n<li><a href=\"http:\/\/ylovephoto.com\/en\/comments\/feed\/\" title=\"Comments using RSS\">Subscribe to all user comments <img loading=\"lazy\" decoding=\"async\" src=\"\/images\/v0\/feed-icon.gif\" width=\"12\" height=\"12\" border=\"0\" alt=\"Comments using RSS\"><\/a><\/li>\n<li><a href=\"http:\/\/ylovephoto.com\/fr\/comments\/feed\/\" title=\"Portfolios, each week\">Subscribe to the artist portfolios <img loading=\"lazy\" decoding=\"async\" src=\"\/images\/v0\/feed-icon.gif\" width=\"12\" height=\"12\" border=\"0\" alt=\"Portfolios, each week\"><\/a><\/li>\n<\/ul>\n<\/li>\n<\/ul>\n","protected":false},"excerpt":{"rendered":"<p>Si vous souhaitez rester en contact avec YLovePhoto.com et \u00eatre inform\u00e9 \u00e0 chaque nouvelle information, vous pouvez vous abonner gratuitement aux fils de syndication RSS que nous mettons \u00e0 votre disposition : Site en fran\u00e7ais : Abonnez-vous \u00e0 tous les nouveaux articles (par RSS) Abonnez-vous \u00e0 tous les nouveaux articles (par Email) Abonnez-vous aux commentaires [&hellip;]<\/p>\n","protected":false},"author":1,"featured_media":0,"parent":59,"menu_order":5,"comment_status":"open","ping_status":"closed","template":"","meta":{"footnotes":""},"class_list":["post-980","page","type-page","status-publish","hentry"],"_links":{"self":[{"href":"https:\/\/www.ylovephoto.com\/fr\/wp-json\/wp\/v2\/pages\/980","targetHints":{"allow":["GET"]}}],"collection":[{"href":"https:\/\/www.ylovephoto.com\/fr\/wp-json\/wp\/v2\/pages"}],"about":[{"href":"https:\/\/www.ylovephoto.com\/fr\/wp-json\/wp\/v2\/types\/page"}],"author":[{"embeddable":true,"href":"https:\/\/www.ylovephoto.com\/fr\/wp-json\/wp\/v2\/users\/1"}],"replies":[{"embeddable":true,"href":"https:\/\/www.ylovephoto.com\/fr\/wp-json\/wp\/v2\/comments?post=980"}],"version-history":[{"count":0,"href":"https:\/\/www.ylovephoto.com\/fr\/wp-json\/wp\/v2\/pages\/980\/revisions"}],"up":[{"embeddable":true,"href":"https:\/\/www.ylovephoto.com\/fr\/wp-json\/wp\/v2\/pages\/59"}],"wp:attachment":[{"href":"https:\/\/www.ylovephoto.com\/fr\/wp-json\/wp\/v2\/media?parent=980"}],"curies":[{"name":"wp","href":"https:\/\/api.w.org\/{rel}","templated":true}]}}